{"id":1958,"date":"2020-05-07T08:35:38","date_gmt":"2020-05-07T08:35:38","guid":{"rendered":"http:\/\/localhost\/theratio\/?page_id=1958"},"modified":"2025-09-03T13:17:03","modified_gmt":"2025-09-03T13:17:03","slug":"turkey-vip-kurumsal","status":"publish","type":"page","link":"https:\/\/turkeyvipdesign.com\/en\/about-us\/","title":{"rendered":"Corporate"},"content":{"rendered":"<div data-elementor-type=\"wp-page\" data-elementor-id=\"1958\" class=\"elementor elementor-1958\">\n\t\t\t\t\t\t<section class=\"elementor-section elementor-top-section elementor-element elementor-element-bdd9939 elementor-section-content-middle elementor-section-boxed elementor-section-height-default elementor-section-height-default\" data-id=\"bdd9939\" data-element_type=\"section\">\n\t\t\t\t\t\t<div class=\"elementor-container elementor-column-gap-extended\">\n\t\t\t\t\t<div class=\"elementor-column elementor-col-100 elementor-top-column elementor-element elementor-element-c955026 ot-flex-column-vertical\" data-id=\"c955026\" data-element_type=\"column\">\n\t\t\t<div class=\"elementor-widget-wrap elementor-element-populated\">\n\t\t\t\t\t\t<div class=\"elementor-element elementor-element-94474d6 elementor-widget elementor-widget-iheading\" data-id=\"94474d6\" data-element_type=\"widget\" data-widget_type=\"iheading.default\">\n\t\t\t\t<div class=\"elementor-widget-container\">\n\t\t\t\t\t\t\t<div class=\"ot-heading is-dots\">\r\n\t        <span>[ Turkey Vip Kurumsal ]<\/span>\t        <h2 class=\"main-heading\">Corporate<\/h2>\t    <\/div>\r\n\t    \t\t\t\t<\/div>\n\t\t\t\t<\/div>\n\t\t\t\t<div class=\"elementor-element elementor-element-4408703 elementor-widget elementor-widget-text-editor\" data-id=\"4408703\" data-element_type=\"widget\" data-widget_type=\"text-editor.default\">\n\t\t\t\t<div class=\"elementor-widget-container\">\n\t\t\t\t\t\t\t\t\t<h2 data-start=\"425\" data-end=\"485\"><strong data-start=\"425\" data-end=\"485\">Kurumsal VIP Ara\u00e7 Tasar\u0131m Hizmetleri | Turkey Vip Dizayn<\/strong><\/h2><p data-start=\"195\" data-end=\"489\">Firmam\u0131z, uzun y\u0131llard\u0131r VIP ara\u00e7 i\u00e7 tasar\u0131m\u0131 alan\u0131nda hizmet veriyor. M\u00fc\u015fterilerimize ki\u015fiye \u00f6zel ara\u00e7 tasar\u0131m\u0131 sunuyoruz. Her ara\u00e7, zevklerinize ve ihtiya\u00e7lar\u0131n\u0131za g\u00f6re yeniden \u015fekillendirilebilir. Ayr\u0131ca, i\u00e7 ve d\u0131\u015f dizayn s\u00fcrecini \u00f6zenle y\u00fcr\u00fct\u00fcyor, kalite standartlar\u0131m\u0131zdan \u00f6d\u00fcn vermiyoruz.<\/p><p data-start=\"491\" data-end=\"869\">M\u00fc\u015fteri taleplerini dikkatle dinliyoruz. Bu talepleri teknik bilgiyle harmanlayarak fonksiyonel ve estetik tasar\u0131mlar \u00fcretiyoruz. Bununla birlikte, geni\u015f hizmet yelpazemiz sayesinde binek ara\u00e7lardan minib\u00fcslere kadar bir\u00e7ok modele \u00e7\u00f6z\u00fcm sunabiliyoruz. \u00d6zellikle, ara\u00e7 i\u00e7i donan\u0131mlar, multimedya sistemleri ve konfor art\u0131r\u0131c\u0131 ekipmanlarla farkl\u0131 ve \u015f\u0131k i\u00e7 mekanlar olu\u015fturuyoruz.<\/p><p data-start=\"871\" data-end=\"1230\">Amac\u0131m\u0131z sadece g\u00f6rsel \u015f\u0131kl\u0131k sa\u011flamak de\u011fil. Ayn\u0131 zamanda modern ve konforlu ya\u015fam alanlar\u0131 sunmay\u0131 hedefliyoruz. Projelerde kulland\u0131\u011f\u0131m\u0131z t\u00fcm malzemeler birinci s\u0131n\u0131f kalitededir. \u00d6rne\u011fin, deri d\u00f6\u015femeler, LED ayd\u0131nlatmalar ve otomatik sistemlerle araca kullan\u0131m kolayl\u0131\u011f\u0131 kat\u0131yoruz. Ayr\u0131ca, uzaktan kumanda destekli teknolojilerle s\u00fcr\u00fc\u015f keyfini art\u0131r\u0131yoruz.<\/p><p data-start=\"1232\" data-end=\"1538\">Her projede g\u00fcven, kalite ve m\u00fc\u015fteri memnuniyetine \u00f6ncelik veriyoruz. Verdi\u011fimiz s\u00f6zleri zaman\u0131nda yerine getiriyor, her detay\u0131 titizlikle planl\u0131yoruz. Bunun yan\u0131 s\u0131ra, yurt d\u0131\u015f\u0131ndaki m\u00fc\u015fterilerimize de ayn\u0131 \u00f6zeni g\u00f6steriyoruz. Hizmet kalitemizi s\u00fcrekli geli\u015ftirerek sekt\u00f6rdeki yerimizi sa\u011flamla\u015ft\u0131r\u0131yoruz.<\/p><p data-start=\"1540\" data-end=\"1784\">Turkey Vip Dizayn, sekt\u00f6rde fark yaratmaya devam ediyor. Al\u0131\u015f\u0131lm\u0131\u015f\u0131n d\u0131\u015f\u0131nda \u00e7\u00f6z\u00fcmler geli\u015ftiriyor, her m\u00fc\u015fteriye \u00f6zel \u015f\u0131k ve kullan\u0131\u015fl\u0131 ara\u00e7lar sunuyoruz. Sonu\u00e7 olarak, beklentilerin \u00f6tesine ge\u00e7meyi ve uzun vadeli g\u00fcven kazanmay\u0131 hedefliyoruz.<\/p>\t\t\t\t\t\t\t\t<\/div>\n\t\t\t\t<\/div>\n\t\t\t\t\t<\/div>\n\t\t<\/div>\n\t\t\t\t\t<\/div>\n\t\t<\/section>\n\t\t\t\t<\/div>","protected":false},"excerpt":{"rendered":"<p>[ Turkey Vip Kurumsal ] Kurumsal Kurumsal VIP Ara\u00e7 Tasar\u0131m Hizmetleri | Turkey Vip Dizayn Firmam\u0131z, uzun y\u0131llard\u0131r VIP ara\u00e7 i\u00e7 tasar\u0131m\u0131 alan\u0131nda hizmet veriyor. M\u00fc\u015fterilerimize ki\u015fiye \u00f6zel ara\u00e7 tasar\u0131m\u0131 sunuyoruz. Her ara\u00e7, zevklerinize ve ihtiya\u00e7lar\u0131n\u0131za g\u00f6re yeniden \u015fekillendirilebilir. Ayr\u0131ca, i\u00e7 ve d\u0131\u015f dizayn s\u00fcrecini \u00f6zenle y\u00fcr\u00fct\u00fcyor, kalite standartlar\u0131m\u0131zdan \u00f6d\u00fcn vermiyoruz. M\u00fc\u015fteri taleplerini dikkatle dinliyoruz. [&hellip;]<\/p>","protected":false},"author":1,"featured_media":7921,"parent":0,"menu_order":6,"comment_status":"closed","ping_status":"closed","template":"","meta":{"footnotes":""},"class_list":["post-1958","page","type-page","status-publish","has-post-thumbnail","hentry"],"yoast_head":"<!-- This site is optimized with the Yoast SEO Premium plugin v22.5 (Yoast SEO v25.9) - https:\/\/yoast.com\/wordpress\/plugins\/seo\/ -->\n<title>Turkey VIP Kurumsal | Ara\u00e7 \u0130\u00e7 Dizayn \u2013 VIP Ara\u00e7 \u0130\u00e7 Tasar\u0131m<\/title>\n<meta name=\"description\" content=\"VIP ara\u00e7 dizayn\u0131nda uzmanla\u015fm\u0131\u015f Turkey VIP Kurumsal kalite, yenilik ve m\u00fc\u015fteri memnuniyeti odakl\u0131 hizmet anlay\u0131\u015f\u0131yla sekt\u00f6rde fark yarat\u0131yor.\" \/>\n<meta name=\"robots\" content=\"index, follow, max-snippet:-1, max-image-preview:large, max-video-preview:-1\" \/>\n<link rel=\"canonical\" href=\"https:\/\/turkeyvipdesign.com\/en\/about-us\/\" \/>\n<meta property=\"og:locale\" content=\"en_US\" \/>\n<meta property=\"og:type\" content=\"article\" \/>\n<meta property=\"og:title\" content=\"Kurumsal\" \/>\n<meta property=\"og:description\" content=\"VIP ara\u00e7 dizayn\u0131nda uzmanla\u015fm\u0131\u015f Turkey VIP Kurumsal kalite, yenilik ve m\u00fc\u015fteri memnuniyeti odakl\u0131 hizmet anlay\u0131\u015f\u0131yla sekt\u00f6rde fark yarat\u0131yor.\" \/>\n<meta property=\"og:url\" content=\"https:\/\/turkeyvipdesign.com\/en\/about-us\/\" \/>\n<meta property=\"og:site_name\" content=\"Vip Dizayn T\u00fcrkiye | L\u00fcx Vip Ara\u00e7 Dizayn\" \/>\n<meta property=\"article:modified_time\" content=\"2025-09-03T13:17:03+00:00\" \/>\n<meta property=\"og:image\" content=\"https:\/\/turkeyvipdesign.com\/wp-content\/uploads\/2025\/07\/Mercedes-Sprinter-Acik-Mavi0.jpg\" \/>\n\t<meta property=\"og:image:width\" content=\"800\" \/>\n\t<meta property=\"og:image:height\" content=\"500\" \/>\n\t<meta property=\"og:image:type\" content=\"image\/jpeg\" \/>\n<meta name=\"twitter:card\" content=\"summary_large_image\" \/>\n<meta name=\"twitter:label1\" content=\"Est. reading time\" \/>\n\t<meta name=\"twitter:data1\" content=\"2 minutes\" \/>\n<script type=\"application\/ld+json\" class=\"yoast-schema-graph\">{\"@context\":\"https:\/\/schema.org\",\"@graph\":[{\"@type\":\"WebPage\",\"@id\":\"https:\/\/turkeyvipdesign.com\/turkey-vip-kurumsal\/\",\"url\":\"https:\/\/turkeyvipdesign.com\/turkey-vip-kurumsal\/\",\"name\":\"Turkey VIP Kurumsal | Ara\u00e7 \u0130\u00e7 Dizayn \u2013 VIP Ara\u00e7 \u0130\u00e7 Tasar\u0131m\",\"isPartOf\":{\"@id\":\"https:\/\/turkeyvipdesign.com\/#website\"},\"primaryImageOfPage\":{\"@id\":\"https:\/\/turkeyvipdesign.com\/turkey-vip-kurumsal\/#primaryimage\"},\"image\":{\"@id\":\"https:\/\/turkeyvipdesign.com\/turkey-vip-kurumsal\/#primaryimage\"},\"thumbnailUrl\":\"https:\/\/turkeyvipdesign.com\/wp-content\/uploads\/2025\/07\/Mercedes-Sprinter-Acik-Mavi0.jpg\",\"datePublished\":\"2020-05-07T08:35:38+00:00\",\"dateModified\":\"2025-09-03T13:17:03+00:00\",\"description\":\"VIP ara\u00e7 dizayn\u0131nda uzmanla\u015fm\u0131\u015f Turkey VIP Kurumsal kalite, yenilik ve m\u00fc\u015fteri memnuniyeti odakl\u0131 hizmet anlay\u0131\u015f\u0131yla sekt\u00f6rde fark yarat\u0131yor.\",\"breadcrumb\":{\"@id\":\"https:\/\/turkeyvipdesign.com\/turkey-vip-kurumsal\/#breadcrumb\"},\"inLanguage\":\"en-US\",\"potentialAction\":[{\"@type\":\"ReadAction\",\"target\":[\"https:\/\/turkeyvipdesign.com\/turkey-vip-kurumsal\/\"]}]},{\"@type\":\"ImageObject\",\"inLanguage\":\"en-US\",\"@id\":\"https:\/\/turkeyvipdesign.com\/turkey-vip-kurumsal\/#primaryimage\",\"url\":\"https:\/\/turkeyvipdesign.com\/wp-content\/uploads\/2025\/07\/Mercedes-Sprinter-Acik-Mavi0.jpg\",\"contentUrl\":\"https:\/\/turkeyvipdesign.com\/wp-content\/uploads\/2025\/07\/Mercedes-Sprinter-Acik-Mavi0.jpg\",\"width\":800,\"height\":500},{\"@type\":\"BreadcrumbList\",\"@id\":\"https:\/\/turkeyvipdesign.com\/turkey-vip-kurumsal\/#breadcrumb\",\"itemListElement\":[{\"@type\":\"ListItem\",\"position\":1,\"name\":\"Anasayfa\",\"item\":\"https:\/\/turkeyvipdesign.com\/\"},{\"@type\":\"ListItem\",\"position\":2,\"name\":\"Kurumsal\"}]},{\"@type\":\"WebSite\",\"@id\":\"https:\/\/turkeyvipdesign.com\/#website\",\"url\":\"https:\/\/turkeyvipdesign.com\/\",\"name\":\"Vip Dizayn T\u00fcrkiye | L\u00fcx Vip Ara\u00e7 Dizayn\",\"description\":\"Konforun Zirvesi, Esteti\u011fin ve Kalitenin Merkezi.\",\"publisher\":{\"@id\":\"https:\/\/turkeyvipdesign.com\/#organization\"},\"alternateName\":\"dizayn vip\",\"potentialAction\":[{\"@type\":\"SearchAction\",\"target\":{\"@type\":\"EntryPoint\",\"urlTemplate\":\"https:\/\/turkeyvipdesign.com\/?s={search_term_string}\"},\"query-input\":{\"@type\":\"PropertyValueSpecification\",\"valueRequired\":true,\"valueName\":\"search_term_string\"}}],\"inLanguage\":\"en-US\"},{\"@type\":\"Organization\",\"@id\":\"https:\/\/turkeyvipdesign.com\/#organization\",\"name\":\"Vip Dizayn T\u00fcrkiye\",\"alternateName\":\"dizayn vip\",\"url\":\"https:\/\/turkeyvipdesign.com\/\",\"logo\":{\"@type\":\"ImageObject\",\"inLanguage\":\"en-US\",\"@id\":\"https:\/\/turkeyvipdesign.com\/#\/schema\/logo\/image\/\",\"url\":\"https:\/\/turkeyvipdesign.com\/wp-content\/uploads\/2025\/06\/logo-512.png\",\"contentUrl\":\"https:\/\/turkeyvipdesign.com\/wp-content\/uploads\/2025\/06\/logo-512.png\",\"width\":512,\"height\":512,\"caption\":\"Vip Dizayn T\u00fcrkiye\"},\"image\":{\"@id\":\"https:\/\/turkeyvipdesign.com\/#\/schema\/logo\/image\/\"},\"sameAs\":[\"https:\/\/www.instagram.com\/turkeyvipdizayn\/\"]}]}<\/script>\n<!-- \/ Yoast SEO Premium plugin. -->","yoast_head_json":{"title":"Turkey VIP Kurumsal | Ara\u00e7 \u0130\u00e7 Dizayn \u2013 VIP Ara\u00e7 \u0130\u00e7 Tasar\u0131m","description":"VIP ara\u00e7 dizayn\u0131nda uzmanla\u015fm\u0131\u015f Turkey VIP Kurumsal kalite, yenilik ve m\u00fc\u015fteri memnuniyeti odakl\u0131 hizmet anlay\u0131\u015f\u0131yla sekt\u00f6rde fark yarat\u0131yor.","robots":{"index":"index","follow":"follow","max-snippet":"max-snippet:-1","max-image-preview":"max-image-preview:large","max-video-preview":"max-video-preview:-1"},"canonical":"https:\/\/turkeyvipdesign.com\/en\/about-us\/","og_locale":"en_US","og_type":"article","og_title":"Kurumsal","og_description":"VIP ara\u00e7 dizayn\u0131nda uzmanla\u015fm\u0131\u015f Turkey VIP Kurumsal kalite, yenilik ve m\u00fc\u015fteri memnuniyeti odakl\u0131 hizmet anlay\u0131\u015f\u0131yla sekt\u00f6rde fark yarat\u0131yor.","og_url":"https:\/\/turkeyvipdesign.com\/en\/about-us\/","og_site_name":"Vip Dizayn T\u00fcrkiye | L\u00fcx Vip Ara\u00e7 Dizayn","article_modified_time":"2025-09-03T13:17:03+00:00","og_image":[{"width":800,"height":500,"url":"https:\/\/turkeyvipdesign.com\/wp-content\/uploads\/2025\/07\/Mercedes-Sprinter-Acik-Mavi0.jpg","type":"image\/jpeg"}],"twitter_card":"summary_large_image","twitter_misc":{"Est. reading time":"2 minutes"},"schema":{"@context":"https:\/\/schema.org","@graph":[{"@type":"WebPage","@id":"https:\/\/turkeyvipdesign.com\/turkey-vip-kurumsal\/","url":"https:\/\/turkeyvipdesign.com\/turkey-vip-kurumsal\/","name":"Turkey VIP Kurumsal | Ara\u00e7 \u0130\u00e7 Dizayn \u2013 VIP Ara\u00e7 \u0130\u00e7 Tasar\u0131m","isPartOf":{"@id":"https:\/\/turkeyvipdesign.com\/#website"},"primaryImageOfPage":{"@id":"https:\/\/turkeyvipdesign.com\/turkey-vip-kurumsal\/#primaryimage"},"image":{"@id":"https:\/\/turkeyvipdesign.com\/turkey-vip-kurumsal\/#primaryimage"},"thumbnailUrl":"https:\/\/turkeyvipdesign.com\/wp-content\/uploads\/2025\/07\/Mercedes-Sprinter-Acik-Mavi0.jpg","datePublished":"2020-05-07T08:35:38+00:00","dateModified":"2025-09-03T13:17:03+00:00","description":"VIP ara\u00e7 dizayn\u0131nda uzmanla\u015fm\u0131\u015f Turkey VIP Kurumsal kalite, yenilik ve m\u00fc\u015fteri memnuniyeti odakl\u0131 hizmet anlay\u0131\u015f\u0131yla sekt\u00f6rde fark yarat\u0131yor.","breadcrumb":{"@id":"https:\/\/turkeyvipdesign.com\/turkey-vip-kurumsal\/#breadcrumb"},"inLanguage":"en-US","potentialAction":[{"@type":"ReadAction","target":["https:\/\/turkeyvipdesign.com\/turkey-vip-kurumsal\/"]}]},{"@type":"ImageObject","inLanguage":"en-US","@id":"https:\/\/turkeyvipdesign.com\/turkey-vip-kurumsal\/#primaryimage","url":"https:\/\/turkeyvipdesign.com\/wp-content\/uploads\/2025\/07\/Mercedes-Sprinter-Acik-Mavi0.jpg","contentUrl":"https:\/\/turkeyvipdesign.com\/wp-content\/uploads\/2025\/07\/Mercedes-Sprinter-Acik-Mavi0.jpg","width":800,"height":500},{"@type":"BreadcrumbList","@id":"https:\/\/turkeyvipdesign.com\/turkey-vip-kurumsal\/#breadcrumb","itemListElement":[{"@type":"ListItem","position":1,"name":"Anasayfa","item":"https:\/\/turkeyvipdesign.com\/"},{"@type":"ListItem","position":2,"name":"Kurumsal"}]},{"@type":"WebSite","@id":"https:\/\/turkeyvipdesign.com\/#website","url":"https:\/\/turkeyvipdesign.com\/","name":"Vip Design Turkey | Luxury Vip Car Design","description":"The Summit of Comfort, Center of Aesthetics and Quality.","publisher":{"@id":"https:\/\/turkeyvipdesign.com\/#organization"},"alternateName":"dizayn vip","potentialAction":[{"@type":"SearchAction","target":{"@type":"EntryPoint","urlTemplate":"https:\/\/turkeyvipdesign.com\/?s={search_term_string}"},"query-input":{"@type":"PropertyValueSpecification","valueRequired":true,"valueName":"search_term_string"}}],"inLanguage":"en-US"},{"@type":"Organization","@id":"https:\/\/turkeyvipdesign.com\/#organization","name":"Vip Dizayn Turkey","alternateName":"dizayn vip","url":"https:\/\/turkeyvipdesign.com\/","logo":{"@type":"ImageObject","inLanguage":"en-US","@id":"https:\/\/turkeyvipdesign.com\/#\/schema\/logo\/image\/","url":"https:\/\/turkeyvipdesign.com\/wp-content\/uploads\/2025\/06\/logo-512.png","contentUrl":"https:\/\/turkeyvipdesign.com\/wp-content\/uploads\/2025\/06\/logo-512.png","width":512,"height":512,"caption":"Vip Dizayn T\u00fcrkiye"},"image":{"@id":"https:\/\/turkeyvipdesign.com\/#\/schema\/logo\/image\/"},"sameAs":["https:\/\/www.instagram.com\/turkeyvipdizayn\/"]}]}},"_links":{"self":[{"href":"https:\/\/turkeyvipdesign.com\/en\/wp-json\/wp\/v2\/pages\/1958","targetHints":{"allow":["GET"]}}],"collection":[{"href":"https:\/\/turkeyvipdesign.com\/en\/wp-json\/wp\/v2\/pages"}],"about":[{"href":"https:\/\/turkeyvipdesign.com\/en\/wp-json\/wp\/v2\/types\/page"}],"author":[{"embeddable":true,"href":"https:\/\/turkeyvipdesign.com\/en\/wp-json\/wp\/v2\/users\/1"}],"replies":[{"embeddable":true,"href":"https:\/\/turkeyvipdesign.com\/en\/wp-json\/wp\/v2\/comments?post=1958"}],"version-history":[{"count":72,"href":"https:\/\/turkeyvipdesign.com\/en\/wp-json\/wp\/v2\/pages\/1958\/revisions"}],"predecessor-version":[{"id":8901,"href":"https:\/\/turkeyvipdesign.com\/en\/wp-json\/wp\/v2\/pages\/1958\/revisions\/8901"}],"wp:featuredmedia":[{"embeddable":true,"href":"https:\/\/turkeyvipdesign.com\/en\/wp-json\/wp\/v2\/media\/7921"}],"wp:attachment":[{"href":"https:\/\/turkeyvipdesign.com\/en\/wp-json\/wp\/v2\/media?parent=1958"}],"curies":[{"name":"wp","href":"https:\/\/api.w.org\/{rel}","templated":true}]}}