{"id":2302,"date":"2020-05-13T10:37:03","date_gmt":"2020-05-13T10:37:03","guid":{"rendered":"http:\/\/localhost\/theratio\/?page_id=2302"},"modified":"2025-09-04T11:17:11","modified_gmt":"2025-09-04T11:17:11","slug":"ekibimiz","status":"publish","type":"page","link":"https:\/\/turkeyvipdesign.com\/en\/team\/","title":{"rendered":"Our Team"},"content":{"rendered":"<div data-elementor-type=\"wp-page\" data-elementor-id=\"2302\" class=\"elementor elementor-2302\">\n\t\t\t\t\t\t<section class=\"elementor-section elementor-top-section elementor-element elementor-element-cf75947 elementor-section-content-middle elementor-section-boxed elementor-section-height-default elementor-section-height-default\" data-id=\"cf75947\" data-element_type=\"section\">\n\t\t\t\t\t\t<div class=\"elementor-container elementor-column-gap-extended\">\n\t\t\t\t\t<div class=\"elementor-column elementor-col-50 elementor-top-column elementor-element elementor-element-91877a2 ot-flex-column-vertical\" data-id=\"91877a2\" data-element_type=\"column\">\n\t\t\t<div class=\"elementor-widget-wrap elementor-element-populated\">\n\t\t\t\t\t\t<div class=\"elementor-element elementor-element-a0991bf elementor-widget elementor-widget-iheading\" data-id=\"a0991bf\" data-element_type=\"widget\" data-widget_type=\"iheading.default\">\n\t\t\t\t<div class=\"elementor-widget-container\">\n\t\t\t\t\t\t\t<div class=\"ot-heading is-dots\">\r\n\t        <span>[ turkey vip ]<\/span>\t        <h2 class=\"main-heading\">Our Team<\/h2>\t    <\/div>\r\n\t    \t\t\t\t<\/div>\n\t\t\t\t<\/div>\n\t\t\t\t<div class=\"elementor-element elementor-element-9a34455 elementor-widget elementor-widget-text-editor\" data-id=\"9a34455\" data-element_type=\"widget\" data-widget_type=\"text-editor.default\">\n\t\t\t\t<div class=\"elementor-widget-container\">\n\t\t\t\t\t\t\t\t\t<h2 data-start=\"337\" data-end=\"372\">Expert Service in VIP Vehicle Design<\/h2>\n<p data-start=\"374\" data-end=\"721\">As Turkey Vip Dizayn, we serve with an expert, experienced and competent team in the VIP design sector.&nbsp;<a href=\"https:\/\/turkeyvipdesign.com\/en\/vip-design\/\" target=\"_blank\">VIP design inside the vehicle<\/a>,&nbsp;<a href=\"https:\/\/turkeyvipdesign.com\/en\/automation-and-electrical\/\" target=\"_blank\">automation, electrical-electronic systems<\/a>&nbsp;and special solutions. We combine aesthetics, comfort and functionality in every project. We also take care to provide high standards of service.<\/p>\n<p data-start=\"723\" data-end=\"840\">We carefully analyze our customers' needs and develop the most suitable VIP design solutions for them.<\/p>\n<h2 data-start=\"1144\" data-end=\"1189\">Current, Safe and Sustainable Approach<\/h2>\n<p data-start=\"1191\" data-end=\"1398\">Our team has strong technical knowledge in VIP vehicle design. Moreover, it closely follows developments and innovations in the sector. In this way, we integrate up-to-date, modern and sustainable solutions into projects.<\/p>\n<p data-start=\"1400\" data-end=\"1604\">However, we attach importance not only to comfort but also to safety. Because we see each project as a safe, stylish and long-lasting living space design beyond a technical application.<\/p>\t\t\t\t\t\t\t\t<\/div>\n\t\t\t\t<\/div>\n\t\t\t\t<div class=\"elementor-element elementor-element-733672f elementor-widget elementor-widget-image\" data-id=\"733672f\" data-element_type=\"widget\" data-widget_type=\"image.default\">\n\t\t\t\t<div class=\"elementor-widget-container\">\n\t\t\t\t\t\t\t\t\t\t\t\t\t\t\t<img fetchpriority=\"high\" decoding=\"async\" width=\"800\" height=\"500\" src=\"https:\/\/turkeyvipdesign.com\/wp-content\/uploads\/2025\/09\/Mercedes-Vito-Turkey-Vip6.jpg\" class=\"attachment-large size-large wp-image-8661\" alt=\"\" srcset=\"https:\/\/turkeyvipdesign.com\/wp-content\/uploads\/2025\/09\/Mercedes-Vito-Turkey-Vip6.jpg 800w, https:\/\/turkeyvipdesign.com\/wp-content\/uploads\/2025\/09\/Mercedes-Vito-Turkey-Vip6-300x188.jpg 300w, https:\/\/turkeyvipdesign.com\/wp-content\/uploads\/2025\/09\/Mercedes-Vito-Turkey-Vip6-768x480.jpg 768w\" sizes=\"(max-width: 800px) 100vw, 800px\" \/>\t\t\t\t\t\t\t\t\t\t\t\t\t\t\t<\/div>\n\t\t\t\t<\/div>\n\t\t\t\t<div class=\"elementor-element elementor-element-1d49dff elementor-widget elementor-widget-text-editor\" data-id=\"1d49dff\" data-element_type=\"widget\" data-widget_type=\"text-editor.default\">\n\t\t\t\t<div class=\"elementor-widget-container\">\n\t\t\t\t\t\t\t\t\t<h2 data-start=\"1937\" data-end=\"1970\">Quality Oriented and Transparent Service<\/h2><p data-start=\"1972\" data-end=\"2255\">We prioritize quality in all VIP design processes. We work meticulously in all details such as material quality, technical equipment and workmanship. We also prefer environmentally friendly and sustainable production methods. Thus, we aim to contribute to both nature and the future.<\/p><p data-start=\"2257\" data-end=\"2552\">We determine the pricing according to the requested features and technical equipment. However, we never compromise on the principle of transparency and reliability in every project. We adopt customer satisfaction as our main priority. We aim to maximize this satisfaction in every project.<\/p><p data-start=\"2257\" data-end=\"2552\">Our Social Media Accounts: <a href=\"https:\/\/www.instagram.com\/turkeyvipdizayn\">Instagram<\/a> &#8211; <a href=\"https:\/\/www.youtube.com\/@TurkeyVipDesign\">YouTube<\/a><\/p>\t\t\t\t\t\t\t\t<\/div>\n\t\t\t\t<\/div>\n\t\t\t\t\t<\/div>\n\t\t<\/div>\n\t\t\t\t<div class=\"elementor-column elementor-col-50 elementor-top-column elementor-element elementor-element-d4cf892 ot-flex-column-vertical\" data-id=\"d4cf892\" data-element_type=\"column\">\n\t\t\t<div class=\"elementor-widget-wrap elementor-element-populated\">\n\t\t\t\t\t\t<div class=\"elementor-element elementor-element-6e10da1 elementor-widget elementor-widget-video\" data-id=\"6e10da1\" data-element_type=\"widget\" data-settings=\"{&quot;video_type&quot;:&quot;hosted&quot;,&quot;autoplay&quot;:&quot;yes&quot;,&quot;mute&quot;:&quot;yes&quot;,&quot;loop&quot;:&quot;yes&quot;}\" data-widget_type=\"video.default\">\n\t\t\t\t<div class=\"elementor-widget-container\">\n\t\t\t\t\t\t\t<div class=\"e-hosted-video elementor-wrapper elementor-open-inline\">\n\t\t\t\t\t<video class=\"elementor-video\" src=\"https:\/\/turkeyvipdesign.com\/wp-content\/uploads\/2025\/06\/turkey.mp4\" autoplay=\"\" loop=\"\" muted=\"muted\" controlslist=\"nodownload\"><\/video>\n\t\t\t\t<\/div>\n\t\t\t\t\t\t<\/div>\n\t\t\t\t<\/div>\n\t\t\t\t\t<\/div>\n\t\t<\/div>\n\t\t\t\t\t<\/div>\n\t\t<\/section>\n\t\t\t\t<\/div>","protected":false},"excerpt":{"rendered":"<p>[ turkey vip ] Ekibimiz VIP Ara\u00e7 Dizayn\u0131nda Uzman Hizmet Turkey Vip Dizayn olarak, VIP dizayn sekt\u00f6r\u00fcnde uzman, deneyimli ve yetkin bir ekiple hizmet veriyoruz.\u00a0Ara\u00e7 i\u00e7i VIP dizayn,\u00a0otomasyon, elektrik-elektronik sistemler\u00a0ve \u00f6zel \u00e7\u00f6z\u00fcmler alanlar\u0131nda faaliyet g\u00f6steriyoruz. Her projede estetik, konfor ve i\u015flevselli\u011fi bir araya getiriyoruz. Ayr\u0131ca y\u00fcksek standartlarda hizmet sunmaya \u00f6zen g\u00f6steriyoruz. M\u00fc\u015fterilerimizin ihtiya\u00e7lar\u0131n\u0131 dikkatle analiz [&hellip;]<\/p>","protected":false},"author":1,"featured_media":0,"parent":0,"menu_order":5,"comment_status":"closed","ping_status":"closed","template":"","meta":{"footnotes":""},"class_list":["post-2302","page","type-page","status-publish","hentry"],"yoast_head":"<!-- This site is optimized with the Yoast SEO Premium plugin v22.5 (Yoast SEO v25.9) - https:\/\/yoast.com\/wordpress\/plugins\/seo\/ -->\n<title>Turkey Vip Ekibi | VIP Ara\u00e7 Dizayn \u2013 Profesyonel ve L\u00fcks Hizmet<\/title>\n<meta name=\"description\" content=\"Turkey VIP ekibi deneyimli tasar\u0131mc\u0131, uygulay\u0131c\u0131 ve m\u00fc\u015fteriye destek. Kaliteli VIP ara\u00e7 dizayn\u0131n\u0131n arkas\u0131ndaki profesyonel ekip.\" \/>\n<meta name=\"robots\" content=\"index, follow, max-snippet:-1, max-image-preview:large, max-video-preview:-1\" \/>\n<link rel=\"canonical\" href=\"https:\/\/turkeyvipdesign.com\/en\/team\/\" \/>\n<meta property=\"og:locale\" content=\"en_US\" \/>\n<meta property=\"og:type\" content=\"article\" \/>\n<meta property=\"og:title\" content=\"Ekibimiz\" \/>\n<meta property=\"og:description\" content=\"Turkey VIP ekibi deneyimli tasar\u0131mc\u0131, uygulay\u0131c\u0131 ve m\u00fc\u015fteriye destek. Kaliteli VIP ara\u00e7 dizayn\u0131n\u0131n arkas\u0131ndaki profesyonel ekip.\" \/>\n<meta property=\"og:url\" content=\"https:\/\/turkeyvipdesign.com\/en\/team\/\" \/>\n<meta property=\"og:site_name\" content=\"Vip Dizayn T\u00fcrkiye | L\u00fcx Vip Ara\u00e7 Dizayn\" \/>\n<meta property=\"article:modified_time\" content=\"2025-09-04T11:17:11+00:00\" \/>\n<meta property=\"og:image\" content=\"https:\/\/turkeyvipdesign.com\/wp-content\/uploads\/2025\/09\/Mercedes-Vito-Turkey-Vip6.jpg\" \/>\n<meta name=\"twitter:card\" content=\"summary_large_image\" \/>\n<meta name=\"twitter:label1\" content=\"Est. reading time\" \/>\n\t<meta name=\"twitter:data1\" content=\"2 minutes\" \/>\n<script type=\"application\/ld+json\" class=\"yoast-schema-graph\">{\"@context\":\"https:\/\/schema.org\",\"@graph\":[{\"@type\":\"WebPage\",\"@id\":\"https:\/\/turkeyvipdesign.com\/en\/team\/\",\"url\":\"https:\/\/turkeyvipdesign.com\/en\/team\/\",\"name\":\"Turkey Vip Ekibi | VIP Ara\u00e7 Dizayn \u2013 Profesyonel ve L\u00fcks Hizmet\",\"isPartOf\":{\"@id\":\"https:\/\/turkeyvipdesign.com\/#website\"},\"primaryImageOfPage\":{\"@id\":\"https:\/\/turkeyvipdesign.com\/en\/team\/#primaryimage\"},\"image\":{\"@id\":\"https:\/\/turkeyvipdesign.com\/en\/team\/#primaryimage\"},\"thumbnailUrl\":\"https:\/\/turkeyvipdesign.com\/wp-content\/uploads\/2025\/09\/Mercedes-Vito-Turkey-Vip6.jpg\",\"datePublished\":\"2020-05-13T10:37:03+00:00\",\"dateModified\":\"2025-09-04T11:17:11+00:00\",\"description\":\"Turkey VIP ekibi deneyimli tasar\u0131mc\u0131, uygulay\u0131c\u0131 ve m\u00fc\u015fteriye destek. Kaliteli VIP ara\u00e7 dizayn\u0131n\u0131n arkas\u0131ndaki profesyonel ekip.\",\"breadcrumb\":{\"@id\":\"https:\/\/turkeyvipdesign.com\/en\/team\/#breadcrumb\"},\"inLanguage\":\"en-US\",\"potentialAction\":[{\"@type\":\"ReadAction\",\"target\":[\"https:\/\/turkeyvipdesign.com\/en\/team\/\"]}]},{\"@type\":\"ImageObject\",\"inLanguage\":\"en-US\",\"@id\":\"https:\/\/turkeyvipdesign.com\/en\/team\/#primaryimage\",\"url\":\"https:\/\/turkeyvipdesign.com\/wp-content\/uploads\/2025\/09\/Mercedes-Vito-Turkey-Vip6.jpg\",\"contentUrl\":\"https:\/\/turkeyvipdesign.com\/wp-content\/uploads\/2025\/09\/Mercedes-Vito-Turkey-Vip6.jpg\"},{\"@type\":\"BreadcrumbList\",\"@id\":\"https:\/\/turkeyvipdesign.com\/en\/team\/#breadcrumb\",\"itemListElement\":[{\"@type\":\"ListItem\",\"position\":1,\"name\":\"Anasayfa\",\"item\":\"https:\/\/turkeyvipdesign.com\/\"},{\"@type\":\"ListItem\",\"position\":2,\"name\":\"Ekibimiz\"}]},{\"@type\":\"WebSite\",\"@id\":\"https:\/\/turkeyvipdesign.com\/#website\",\"url\":\"https:\/\/turkeyvipdesign.com\/\",\"name\":\"Vip Dizayn T\u00fcrkiye | L\u00fcx Vip Ara\u00e7 Dizayn\",\"description\":\"Konforun Zirvesi, Esteti\u011fin ve Kalitenin Merkezi.\",\"publisher\":{\"@id\":\"https:\/\/turkeyvipdesign.com\/#organization\"},\"alternateName\":\"dizayn vip\",\"potentialAction\":[{\"@type\":\"SearchAction\",\"target\":{\"@type\":\"EntryPoint\",\"urlTemplate\":\"https:\/\/turkeyvipdesign.com\/?s={search_term_string}\"},\"query-input\":{\"@type\":\"PropertyValueSpecification\",\"valueRequired\":true,\"valueName\":\"search_term_string\"}}],\"inLanguage\":\"en-US\"},{\"@type\":\"Organization\",\"@id\":\"https:\/\/turkeyvipdesign.com\/#organization\",\"name\":\"Vip Dizayn T\u00fcrkiye\",\"alternateName\":\"dizayn vip\",\"url\":\"https:\/\/turkeyvipdesign.com\/\",\"logo\":{\"@type\":\"ImageObject\",\"inLanguage\":\"en-US\",\"@id\":\"https:\/\/turkeyvipdesign.com\/#\/schema\/logo\/image\/\",\"url\":\"https:\/\/turkeyvipdesign.com\/wp-content\/uploads\/2025\/06\/logo-512.png\",\"contentUrl\":\"https:\/\/turkeyvipdesign.com\/wp-content\/uploads\/2025\/06\/logo-512.png\",\"width\":512,\"height\":512,\"caption\":\"Vip Dizayn T\u00fcrkiye\"},\"image\":{\"@id\":\"https:\/\/turkeyvipdesign.com\/#\/schema\/logo\/image\/\"},\"sameAs\":[\"https:\/\/www.instagram.com\/turkeyvipdizayn\/\"]}]}<\/script>\n<!-- \/ Yoast SEO Premium plugin. -->","yoast_head_json":{"title":"Turkey Vip Team | VIP Car Design - Professional and Luxury Service","description":"Turkey VIP team experienced designer, implementer and customer support. The professional team behind quality VIP vehicle design.","robots":{"index":"index","follow":"follow","max-snippet":"max-snippet:-1","max-image-preview":"max-image-preview:large","max-video-preview":"max-video-preview:-1"},"canonical":"https:\/\/turkeyvipdesign.com\/en\/team\/","og_locale":"en_US","og_type":"article","og_title":"Ekibimiz","og_description":"Turkey VIP ekibi deneyimli tasar\u0131mc\u0131, uygulay\u0131c\u0131 ve m\u00fc\u015fteriye destek. Kaliteli VIP ara\u00e7 dizayn\u0131n\u0131n arkas\u0131ndaki profesyonel ekip.","og_url":"https:\/\/turkeyvipdesign.com\/en\/team\/","og_site_name":"Vip Dizayn T\u00fcrkiye | L\u00fcx Vip Ara\u00e7 Dizayn","article_modified_time":"2025-09-04T11:17:11+00:00","og_image":[{"url":"https:\/\/turkeyvipdesign.com\/wp-content\/uploads\/2025\/09\/Mercedes-Vito-Turkey-Vip6.jpg","type":"","width":"","height":""}],"twitter_card":"summary_large_image","twitter_misc":{"Est. reading time":"2 minutes"},"schema":{"@context":"https:\/\/schema.org","@graph":[{"@type":"WebPage","@id":"https:\/\/turkeyvipdesign.com\/en\/team\/","url":"https:\/\/turkeyvipdesign.com\/en\/team\/","name":"Turkey Vip Team | VIP Car Design - Professional and Luxury Service","isPartOf":{"@id":"https:\/\/turkeyvipdesign.com\/#website"},"primaryImageOfPage":{"@id":"https:\/\/turkeyvipdesign.com\/en\/team\/#primaryimage"},"image":{"@id":"https:\/\/turkeyvipdesign.com\/en\/team\/#primaryimage"},"thumbnailUrl":"https:\/\/turkeyvipdesign.com\/wp-content\/uploads\/2025\/09\/Mercedes-Vito-Turkey-Vip6.jpg","datePublished":"2020-05-13T10:37:03+00:00","dateModified":"2025-09-04T11:17:11+00:00","description":"Turkey VIP team experienced designer, implementer and customer support. The professional team behind quality VIP vehicle design.","breadcrumb":{"@id":"https:\/\/turkeyvipdesign.com\/en\/team\/#breadcrumb"},"inLanguage":"en-US","potentialAction":[{"@type":"ReadAction","target":["https:\/\/turkeyvipdesign.com\/en\/team\/"]}]},{"@type":"ImageObject","inLanguage":"en-US","@id":"https:\/\/turkeyvipdesign.com\/en\/team\/#primaryimage","url":"https:\/\/turkeyvipdesign.com\/wp-content\/uploads\/2025\/09\/Mercedes-Vito-Turkey-Vip6.jpg","contentUrl":"https:\/\/turkeyvipdesign.com\/wp-content\/uploads\/2025\/09\/Mercedes-Vito-Turkey-Vip6.jpg"},{"@type":"BreadcrumbList","@id":"https:\/\/turkeyvipdesign.com\/en\/team\/#breadcrumb","itemListElement":[{"@type":"ListItem","position":1,"name":"Anasayfa","item":"https:\/\/turkeyvipdesign.com\/"},{"@type":"ListItem","position":2,"name":"Ekibimiz"}]},{"@type":"WebSite","@id":"https:\/\/turkeyvipdesign.com\/#website","url":"https:\/\/turkeyvipdesign.com\/","name":"Vip Design Turkey | Luxury Vip Car Design","description":"The Summit of Comfort, Center of Aesthetics and Quality.","publisher":{"@id":"https:\/\/turkeyvipdesign.com\/#organization"},"alternateName":"dizayn vip","potentialAction":[{"@type":"SearchAction","target":{"@type":"EntryPoint","urlTemplate":"https:\/\/turkeyvipdesign.com\/?s={search_term_string}"},"query-input":{"@type":"PropertyValueSpecification","valueRequired":true,"valueName":"search_term_string"}}],"inLanguage":"en-US"},{"@type":"Organization","@id":"https:\/\/turkeyvipdesign.com\/#organization","name":"Vip Dizayn Turkey","alternateName":"dizayn vip","url":"https:\/\/turkeyvipdesign.com\/","logo":{"@type":"ImageObject","inLanguage":"en-US","@id":"https:\/\/turkeyvipdesign.com\/#\/schema\/logo\/image\/","url":"https:\/\/turkeyvipdesign.com\/wp-content\/uploads\/2025\/06\/logo-512.png","contentUrl":"https:\/\/turkeyvipdesign.com\/wp-content\/uploads\/2025\/06\/logo-512.png","width":512,"height":512,"caption":"Vip Dizayn T\u00fcrkiye"},"image":{"@id":"https:\/\/turkeyvipdesign.com\/#\/schema\/logo\/image\/"},"sameAs":["https:\/\/www.instagram.com\/turkeyvipdizayn\/"]}]}},"_links":{"self":[{"href":"https:\/\/turkeyvipdesign.com\/en\/wp-json\/wp\/v2\/pages\/2302","targetHints":{"allow":["GET"]}}],"collection":[{"href":"https:\/\/turkeyvipdesign.com\/en\/wp-json\/wp\/v2\/pages"}],"about":[{"href":"https:\/\/turkeyvipdesign.com\/en\/wp-json\/wp\/v2\/types\/page"}],"author":[{"embeddable":true,"href":"https:\/\/turkeyvipdesign.com\/en\/wp-json\/wp\/v2\/users\/1"}],"replies":[{"embeddable":true,"href":"https:\/\/turkeyvipdesign.com\/en\/wp-json\/wp\/v2\/comments?post=2302"}],"version-history":[{"count":135,"href":"https:\/\/turkeyvipdesign.com\/en\/wp-json\/wp\/v2\/pages\/2302\/revisions"}],"predecessor-version":[{"id":9045,"href":"https:\/\/turkeyvipdesign.com\/en\/wp-json\/wp\/v2\/pages\/2302\/revisions\/9045"}],"wp:attachment":[{"href":"https:\/\/turkeyvipdesign.com\/en\/wp-json\/wp\/v2\/media?parent=2302"}],"curies":[{"name":"wp","href":"https:\/\/api.w.org\/{rel}","templated":true}]}}