{"id":3,"date":"2025-05-08T07:16:15","date_gmt":"2025-05-08T07:16:15","guid":{"rendered":"https:\/\/turkeyvipdesign.com\/?page_id=3"},"modified":"2025-07-08T06:07:25","modified_gmt":"2025-07-08T06:07:25","slug":"gizlilik-politikasi","status":"publish","type":"page","link":"https:\/\/turkeyvipdesign.com\/en\/gizlilik-politikasi\/","title":{"rendered":"Gizlilik Politikas\u0131"},"content":{"rendered":"<p class=\"wp-block-heading\"><strong>Turkey VIP<\/strong> olarak, m\u00fc\u015fteri memnuniyetinin yan\u0131nda kullan\u0131c\u0131lar\u0131m\u0131z\u0131n gizlili\u011fine ve ki\u015fisel verilerinin korunmas\u0131na da b\u00fcy\u00fck \u00f6nem veriyoruz. Bu gizlilik politikas\u0131, turkeyvip.com.tr web sitemizi ziyaret eden veya hizmetlerimizden faydalanan bireylerin ki\u015fisel verilerinin nas\u0131l topland\u0131\u011f\u0131n\u0131, kullan\u0131ld\u0131\u011f\u0131n\u0131, sakland\u0131\u011f\u0131n\u0131 ve korundu\u011funu a\u00e7\u0131klamaktad\u0131r.<\/p>\r\n\r\n\r\n<hr class=\"wp-block-separator has-alpha-channel-opacity\" \/>\r\n\r\n\r\n<h3 class=\"wp-block-heading\"><strong>1. Toplanan Veriler<\/strong><\/h3>\r\n\r\n\r\n\r\n<p>Hizmetlerimizi sunarken sizden do\u011frudan veya dolayl\u0131 yollarla a\u015fa\u011f\u0131daki verileri toplayabiliriz:<\/p>\r\n\r\n\r\n\r\n<ul class=\"wp-block-list\">\r\n<li>Ad, soyad<\/li>\r\n\r\n\r\n\r\n<li>Telefon numaras\u0131<\/li>\r\n\r\n\r\n\r\n<li>E-posta adresi<\/li>\r\n\r\n\r\n\r\n<li>Ara\u00e7 tercihleri ve hizmet talepleri<\/li>\r\n\r\n\r\n\r\n<li>IP adresi, cihaz bilgileri, \u00e7erez (cookie) verileri<\/li>\r\n\r\n\r\n\r\n<li>Fatura ve \u00f6deme bilgileri (\u00f6demeye y\u00f6nelik sistemler \u00fczerinden g\u00fcvenli \u015fekilde)<\/li>\r\n<\/ul>\r\n\r\n\r\n<hr class=\"wp-block-separator has-alpha-channel-opacity\" \/>\r\n\r\n\r\n<h3 class=\"wp-block-heading\"><strong>2. Ki\u015fisel Verilerin Toplanma Ama\u00e7lar\u0131<\/strong><\/h3>\r\n\r\n\r\n\r\n<p>Toplad\u0131\u011f\u0131m\u0131z ki\u015fisel veriler a\u015fa\u011f\u0131daki ama\u00e7larla kullan\u0131labilir:<\/p>\r\n\r\n\r\n\r\n<ul class=\"wp-block-list\">\r\n<li>Size \u00f6zel teklifler ve hizmetler sunmak<\/li>\r\n\r\n\r\n\r\n<li>Sipari\u015flerinizi ve taleplerinizi yerine getirmek<\/li>\r\n\r\n\r\n\r\n<li>Hizmet kalitemizi geli\u015ftirmek<\/li>\r\n\r\n\r\n\r\n<li>Yasal y\u00fck\u00fcml\u00fcl\u00fcklerimizi yerine getirmek<\/li>\r\n\r\n\r\n\r\n<li>Pazarlama ve bilgilendirme ama\u00e7l\u0131 ileti\u015fim kurmak (izniniz dahilinde)<\/li>\r\n<\/ul>\r\n\r\n\r\n<hr class=\"wp-block-separator has-alpha-channel-opacity\" \/>\r\n\r\n\r\n<h3 class=\"wp-block-heading\"><strong>3. Ki\u015fisel Verilerin Payla\u015f\u0131m\u0131<\/strong><\/h3>\r\n\r\n\r\n\r\n<p>Ki\u015fisel verileriniz hi\u00e7bir \u015fekilde \u00fc\u00e7\u00fcnc\u00fc \u015fah\u0131slarla payla\u015f\u0131lmaz, sat\u0131lmaz veya kiralanmaz. Ancak a\u015fa\u011f\u0131daki durumlarda yasal gereklilik nedeniyle payla\u015f\u0131m yap\u0131labilir:<\/p>\r\n\r\n\r\n\r\n<ul class=\"wp-block-list\">\r\n<li>Kanunen yetkili kamu kurumlar\u0131 ve kurulu\u015flar\u0131<\/li>\r\n\r\n\r\n\r\n<li>Mahkeme karar\u0131 ya da resmi bir talep \u00fczerine<\/li>\r\n\r\n\r\n\r\n<li>Teknik servis sa\u011flay\u0131c\u0131lar ve altyap\u0131 hizmeti ald\u0131\u011f\u0131m\u0131z \u00e7\u00f6z\u00fcm ortaklar\u0131 (yaln\u0131zca hizmet sunumu i\u00e7in gereken \u00f6l\u00e7\u00fcde)<\/li>\r\n<\/ul>\r\n\r\n\r\n<hr class=\"wp-block-separator has-alpha-channel-opacity\" \/>\r\n\r\n\r\n<h3 class=\"wp-block-heading\"><strong>4. Verilerin Korunmas\u0131<\/strong><\/h3>\r\n\r\n\r\n\r\n<p>Veri g\u00fcvenli\u011fi bizim i\u00e7in \u00f6nceliklidir. T\u00fcm ki\u015fisel verileriniz \u015fifrelenmi\u015f ortamlarda saklan\u0131r ve d\u0131\u015f eri\u015fime kapal\u0131 sunucularda bar\u0131nd\u0131r\u0131l\u0131r. Verilerinizi korumak i\u00e7in gerekli t\u00fcm teknik ve idari tedbirler al\u0131nmaktad\u0131r.<\/p>\r\n\r\n\r\n<hr class=\"wp-block-separator has-alpha-channel-opacity\" \/>\r\n\r\n\r\n<h3 class=\"wp-block-heading\"><strong>5. \u00c7erezler (Cookies)<\/strong><\/h3>\r\n\r\n\r\n\r\n<p>Web sitemizi ziyaret etti\u011finizde kullan\u0131c\u0131 deneyiminizi geli\u015ftirmek amac\u0131yla \u00e7erezler (cookies) kullanabiliriz. Taray\u0131c\u0131 ayarlar\u0131n\u0131zdan \u00e7erez kullan\u0131m\u0131n\u0131 diledi\u011finiz zaman de\u011fi\u015ftirebilir veya devre d\u0131\u015f\u0131 b\u0131rakabilirsiniz.<\/p>\r\n\r\n\r\n<hr class=\"wp-block-separator has-alpha-channel-opacity\" \/>\r\n\r\n\r\n<h3 class=\"wp-block-heading\"><strong>6. KVKK Kapsam\u0131nda Haklar\u0131n\u0131z<\/strong><\/h3>\r\n\r\n\r\n\r\n<p>6698 say\u0131l\u0131 Ki\u015fisel Verilerin Korunmas\u0131 Kanunu (KVKK) kapsam\u0131nda a\u015fa\u011f\u0131daki haklara sahipsiniz:<\/p>\r\n\r\n\r\n\r\n<ul class=\"wp-block-list\">\r\n<li>Ki\u015fisel verilerinizin i\u015flenip i\u015flenmedi\u011fini \u00f6\u011frenme<\/li>\r\n\r\n\r\n\r\n<li>Verilere eri\u015fme ve bilgi talep etme<\/li>\r\n\r\n\r\n\r\n<li>Verilerin eksik veya hatal\u0131 i\u015flenmi\u015f olmas\u0131 durumunda d\u00fczeltilmesini isteme<\/li>\r\n\r\n\r\n\r\n<li>Verilerin silinmesini veya yok edilmesini talep etme<\/li>\r\n\r\n\r\n\r\n<li>Verilerin i\u015flenmesine itiraz etme<\/li>\r\n<\/ul>\r\n\r\n\r\n\r\n<p>Bu haklar\u0131n\u0131z\u0131 kullanmak i\u00e7in bizimle <strong><a href=\"mailto:info@turkeyvipdesign.com\">info@turkeyvipdesign.com<\/a><\/strong>\u00a0adresinden ileti\u015fime ge\u00e7ebilirsiniz.<\/p>\r\n\r\n\r\n<hr class=\"wp-block-separator has-alpha-channel-opacity\" \/>\r\n\r\n\r\n<h3 class=\"wp-block-heading\"><strong>7. Politika G\u00fcncellemeleri<\/strong><\/h3>\r\n\r\n\r\n\r\n<p>Gizlilik politikam\u0131z, yasal mevzuatlar do\u011frultusunda veya hizmetlerimizde meydana gelecek de\u011fi\u015fikliklere g\u00f6re zaman zaman g\u00fcncellenebilir. G\u00fcncellemeler web sitemizde yay\u0131nland\u0131\u011f\u0131 tarihten itibaren ge\u00e7erli olur.<\/p>\r\n\r\n\r\n<hr class=\"wp-block-separator has-alpha-channel-opacity\" \/>\r\n\r\n\r\n<p><strong>Turkey VIP<\/strong> olarak gizlili\u011finize sayg\u0131 duyuyor ve bilgilerinizin g\u00fcvenli\u011fini \u00f6nemsiyoruz.<\/p>","protected":false},"excerpt":{"rendered":"<p>Turkey VIP olarak, m\u00fc\u015fteri memnuniyetinin yan\u0131nda kullan\u0131c\u0131lar\u0131m\u0131z\u0131n gizlili\u011fine ve ki\u015fisel verilerinin korunmas\u0131na da b\u00fcy\u00fck \u00f6nem veriyoruz. Bu gizlilik politikas\u0131, turkeyvip.com.tr web sitemizi ziyaret eden veya hizmetlerimizden faydalanan bireylerin ki\u015fisel verilerinin nas\u0131l topland\u0131\u011f\u0131n\u0131, kullan\u0131ld\u0131\u011f\u0131n\u0131, sakland\u0131\u011f\u0131n\u0131 ve korundu\u011funu a\u00e7\u0131klamaktad\u0131r. 1. Toplanan Veriler Hizmetlerimizi sunarken sizden do\u011frudan veya dolayl\u0131 yollarla a\u015fa\u011f\u0131daki verileri toplayabiliriz: 2. Ki\u015fisel Verilerin Toplanma Ama\u00e7lar\u0131 [&hellip;]<\/p>","protected":false},"author":1,"featured_media":0,"parent":0,"menu_order":28,"comment_status":"closed","ping_status":"closed","template":"","meta":{"footnotes":""},"class_list":["post-3","page","type-page","status-publish","hentry"],"yoast_head":"<!-- This site is optimized with the Yoast SEO Premium plugin v22.5 (Yoast SEO v25.9) - https:\/\/yoast.com\/wordpress\/plugins\/seo\/ -->\n<title>Gizlilik Politikas\u0131 - Vip Dizayn T\u00fcrkiye | L\u00fcx Vip Ara\u00e7 Dizayn<\/title>\n<meta name=\"robots\" content=\"index, follow, max-snippet:-1, max-image-preview:large, max-video-preview:-1\" \/>\n<link rel=\"canonical\" href=\"https:\/\/turkeyvipdesign.com\/en\/gizlilik-politikasi\/\" \/>\n<meta property=\"og:locale\" content=\"en_US\" \/>\n<meta property=\"og:type\" content=\"article\" \/>\n<meta property=\"og:title\" content=\"Gizlilik Politikas\u0131\" \/>\n<meta property=\"og:description\" content=\"Turkey VIP olarak, m\u00fc\u015fteri memnuniyetinin yan\u0131nda kullan\u0131c\u0131lar\u0131m\u0131z\u0131n gizlili\u011fine ve ki\u015fisel verilerinin korunmas\u0131na da b\u00fcy\u00fck \u00f6nem veriyoruz. Bu gizlilik politikas\u0131, turkeyvip.com.tr web sitemizi ziyaret eden veya hizmetlerimizden faydalanan bireylerin ki\u015fisel verilerinin nas\u0131l topland\u0131\u011f\u0131n\u0131, kullan\u0131ld\u0131\u011f\u0131n\u0131, sakland\u0131\u011f\u0131n\u0131 ve korundu\u011funu a\u00e7\u0131klamaktad\u0131r. 1. Toplanan Veriler Hizmetlerimizi sunarken sizden do\u011frudan veya dolayl\u0131 yollarla a\u015fa\u011f\u0131daki verileri toplayabiliriz: 2. Ki\u015fisel Verilerin Toplanma Ama\u00e7lar\u0131 [&hellip;]\" \/>\n<meta property=\"og:url\" content=\"https:\/\/turkeyvipdesign.com\/en\/gizlilik-politikasi\/\" \/>\n<meta property=\"og:site_name\" content=\"Vip Dizayn T\u00fcrkiye | L\u00fcx Vip Ara\u00e7 Dizayn\" \/>\n<meta property=\"article:modified_time\" content=\"2025-07-08T06:07:25+00:00\" \/>\n<meta property=\"og:image\" content=\"https:\/\/turkeyvipdesign.com\/wp-content\/uploads\/2025\/06\/vip-turkey.jpg\" \/>\n\t<meta property=\"og:image:width\" content=\"800\" \/>\n\t<meta property=\"og:image:height\" content=\"500\" \/>\n\t<meta property=\"og:image:type\" content=\"image\/jpeg\" \/>\n<meta name=\"twitter:card\" content=\"summary_large_image\" \/>\n<meta name=\"twitter:label1\" content=\"Est. reading time\" \/>\n\t<meta name=\"twitter:data1\" content=\"2 minutes\" \/>\n<script type=\"application\/ld+json\" class=\"yoast-schema-graph\">{\"@context\":\"https:\/\/schema.org\",\"@graph\":[{\"@type\":\"WebPage\",\"@id\":\"https:\/\/turkeyvipdesign.com\/gizlilik-politikasi\/\",\"url\":\"https:\/\/turkeyvipdesign.com\/gizlilik-politikasi\/\",\"name\":\"Gizlilik Politikas\u0131 - Vip Dizayn T\u00fcrkiye | L\u00fcx Vip Ara\u00e7 Dizayn\",\"isPartOf\":{\"@id\":\"https:\/\/turkeyvipdesign.com\/#website\"},\"datePublished\":\"2025-05-08T07:16:15+00:00\",\"dateModified\":\"2025-07-08T06:07:25+00:00\",\"breadcrumb\":{\"@id\":\"https:\/\/turkeyvipdesign.com\/gizlilik-politikasi\/#breadcrumb\"},\"inLanguage\":\"en-US\",\"potentialAction\":[{\"@type\":\"ReadAction\",\"target\":[\"https:\/\/turkeyvipdesign.com\/gizlilik-politikasi\/\"]}]},{\"@type\":\"BreadcrumbList\",\"@id\":\"https:\/\/turkeyvipdesign.com\/gizlilik-politikasi\/#breadcrumb\",\"itemListElement\":[{\"@type\":\"ListItem\",\"position\":1,\"name\":\"Anasayfa\",\"item\":\"https:\/\/turkeyvipdesign.com\/\"},{\"@type\":\"ListItem\",\"position\":2,\"name\":\"Gizlilik Politikas\u0131\"}]},{\"@type\":\"WebSite\",\"@id\":\"https:\/\/turkeyvipdesign.com\/#website\",\"url\":\"https:\/\/turkeyvipdesign.com\/\",\"name\":\"Vip Dizayn T\u00fcrkiye | L\u00fcx Vip Ara\u00e7 Dizayn\",\"description\":\"Konforun Zirvesi, Esteti\u011fin ve Kalitenin Merkezi.\",\"publisher\":{\"@id\":\"https:\/\/turkeyvipdesign.com\/#organization\"},\"alternateName\":\"dizayn vip\",\"potentialAction\":[{\"@type\":\"SearchAction\",\"target\":{\"@type\":\"EntryPoint\",\"urlTemplate\":\"https:\/\/turkeyvipdesign.com\/?s={search_term_string}\"},\"query-input\":{\"@type\":\"PropertyValueSpecification\",\"valueRequired\":true,\"valueName\":\"search_term_string\"}}],\"inLanguage\":\"en-US\"},{\"@type\":\"Organization\",\"@id\":\"https:\/\/turkeyvipdesign.com\/#organization\",\"name\":\"Vip Dizayn T\u00fcrkiye\",\"alternateName\":\"dizayn vip\",\"url\":\"https:\/\/turkeyvipdesign.com\/\",\"logo\":{\"@type\":\"ImageObject\",\"inLanguage\":\"en-US\",\"@id\":\"https:\/\/turkeyvipdesign.com\/#\/schema\/logo\/image\/\",\"url\":\"https:\/\/turkeyvipdesign.com\/wp-content\/uploads\/2025\/06\/logo-512.png\",\"contentUrl\":\"https:\/\/turkeyvipdesign.com\/wp-content\/uploads\/2025\/06\/logo-512.png\",\"width\":512,\"height\":512,\"caption\":\"Vip Dizayn T\u00fcrkiye\"},\"image\":{\"@id\":\"https:\/\/turkeyvipdesign.com\/#\/schema\/logo\/image\/\"},\"sameAs\":[\"https:\/\/www.instagram.com\/turkeyvipdizayn\/\"]}]}<\/script>\n<!-- \/ Yoast SEO Premium plugin. -->","yoast_head_json":{"title":"Gizlilik Politikas\u0131 - Vip Dizayn T\u00fcrkiye | L\u00fcx Vip Ara\u00e7 Dizayn","robots":{"index":"index","follow":"follow","max-snippet":"max-snippet:-1","max-image-preview":"max-image-preview:large","max-video-preview":"max-video-preview:-1"},"canonical":"https:\/\/turkeyvipdesign.com\/en\/gizlilik-politikasi\/","og_locale":"en_US","og_type":"article","og_title":"Gizlilik Politikas\u0131","og_description":"Turkey VIP olarak, m\u00fc\u015fteri memnuniyetinin yan\u0131nda kullan\u0131c\u0131lar\u0131m\u0131z\u0131n gizlili\u011fine ve ki\u015fisel verilerinin korunmas\u0131na da b\u00fcy\u00fck \u00f6nem veriyoruz. Bu gizlilik politikas\u0131, turkeyvip.com.tr web sitemizi ziyaret eden veya hizmetlerimizden faydalanan bireylerin ki\u015fisel verilerinin nas\u0131l topland\u0131\u011f\u0131n\u0131, kullan\u0131ld\u0131\u011f\u0131n\u0131, sakland\u0131\u011f\u0131n\u0131 ve korundu\u011funu a\u00e7\u0131klamaktad\u0131r. 1. Toplanan Veriler Hizmetlerimizi sunarken sizden do\u011frudan veya dolayl\u0131 yollarla a\u015fa\u011f\u0131daki verileri toplayabiliriz: 2. Ki\u015fisel Verilerin Toplanma Ama\u00e7lar\u0131 [&hellip;]","og_url":"https:\/\/turkeyvipdesign.com\/en\/gizlilik-politikasi\/","og_site_name":"Vip Dizayn T\u00fcrkiye | L\u00fcx Vip Ara\u00e7 Dizayn","article_modified_time":"2025-07-08T06:07:25+00:00","og_image":[{"width":800,"height":500,"url":"https:\/\/turkeyvipdesign.com\/wp-content\/uploads\/2025\/06\/vip-turkey.jpg","type":"image\/jpeg"}],"twitter_card":"summary_large_image","twitter_misc":{"Est. reading time":"2 minutes"},"schema":{"@context":"https:\/\/schema.org","@graph":[{"@type":"WebPage","@id":"https:\/\/turkeyvipdesign.com\/gizlilik-politikasi\/","url":"https:\/\/turkeyvipdesign.com\/gizlilik-politikasi\/","name":"Gizlilik Politikas\u0131 - Vip Dizayn T\u00fcrkiye | L\u00fcx Vip Ara\u00e7 Dizayn","isPartOf":{"@id":"https:\/\/turkeyvipdesign.com\/#website"},"datePublished":"2025-05-08T07:16:15+00:00","dateModified":"2025-07-08T06:07:25+00:00","breadcrumb":{"@id":"https:\/\/turkeyvipdesign.com\/gizlilik-politikasi\/#breadcrumb"},"inLanguage":"en-US","potentialAction":[{"@type":"ReadAction","target":["https:\/\/turkeyvipdesign.com\/gizlilik-politikasi\/"]}]},{"@type":"BreadcrumbList","@id":"https:\/\/turkeyvipdesign.com\/gizlilik-politikasi\/#breadcrumb","itemListElement":[{"@type":"ListItem","position":1,"name":"Anasayfa","item":"https:\/\/turkeyvipdesign.com\/"},{"@type":"ListItem","position":2,"name":"Gizlilik Politikas\u0131"}]},{"@type":"WebSite","@id":"https:\/\/turkeyvipdesign.com\/#website","url":"https:\/\/turkeyvipdesign.com\/","name":"Vip Design Turkey | Luxury Vip Car Design","description":"The Summit of Comfort, Center of Aesthetics and Quality.","publisher":{"@id":"https:\/\/turkeyvipdesign.com\/#organization"},"alternateName":"dizayn vip","potentialAction":[{"@type":"SearchAction","target":{"@type":"EntryPoint","urlTemplate":"https:\/\/turkeyvipdesign.com\/?s={search_term_string}"},"query-input":{"@type":"PropertyValueSpecification","valueRequired":true,"valueName":"search_term_string"}}],"inLanguage":"en-US"},{"@type":"Organization","@id":"https:\/\/turkeyvipdesign.com\/#organization","name":"Vip Dizayn Turkey","alternateName":"dizayn vip","url":"https:\/\/turkeyvipdesign.com\/","logo":{"@type":"ImageObject","inLanguage":"en-US","@id":"https:\/\/turkeyvipdesign.com\/#\/schema\/logo\/image\/","url":"https:\/\/turkeyvipdesign.com\/wp-content\/uploads\/2025\/06\/logo-512.png","contentUrl":"https:\/\/turkeyvipdesign.com\/wp-content\/uploads\/2025\/06\/logo-512.png","width":512,"height":512,"caption":"Vip Dizayn T\u00fcrkiye"},"image":{"@id":"https:\/\/turkeyvipdesign.com\/#\/schema\/logo\/image\/"},"sameAs":["https:\/\/www.instagram.com\/turkeyvipdizayn\/"]}]}},"_links":{"self":[{"href":"https:\/\/turkeyvipdesign.com\/en\/wp-json\/wp\/v2\/pages\/3","targetHints":{"allow":["GET"]}}],"collection":[{"href":"https:\/\/turkeyvipdesign.com\/en\/wp-json\/wp\/v2\/pages"}],"about":[{"href":"https:\/\/turkeyvipdesign.com\/en\/wp-json\/wp\/v2\/types\/page"}],"author":[{"embeddable":true,"href":"https:\/\/turkeyvipdesign.com\/en\/wp-json\/wp\/v2\/users\/1"}],"replies":[{"embeddable":true,"href":"https:\/\/turkeyvipdesign.com\/en\/wp-json\/wp\/v2\/comments?post=3"}],"version-history":[{"count":3,"href":"https:\/\/turkeyvipdesign.com\/en\/wp-json\/wp\/v2\/pages\/3\/revisions"}],"predecessor-version":[{"id":8358,"href":"https:\/\/turkeyvipdesign.com\/en\/wp-json\/wp\/v2\/pages\/3\/revisions\/8358"}],"wp:attachment":[{"href":"https:\/\/turkeyvipdesign.com\/en\/wp-json\/wp\/v2\/media?parent=3"}],"curies":[{"name":"wp","href":"https:\/\/api.w.org\/{rel}","templated":true}]}}