{"id":5477,"date":"2025-05-14T19:36:21","date_gmt":"2025-05-14T19:36:21","guid":{"rendered":"https:\/\/turkeyvipdesign.com\/?page_id=5477"},"modified":"2025-09-04T11:48:13","modified_gmt":"2025-09-04T11:48:13","slug":"misyon-vizyon","status":"publish","type":"page","link":"https:\/\/turkeyvipdesign.com\/en\/mission-vision\/","title":{"rendered":"Mission &amp; Vision"},"content":{"rendered":"<div data-elementor-type=\"wp-page\" data-elementor-id=\"5477\" class=\"elementor elementor-5477\">\n\t\t\t\t<div class=\"elementor-element elementor-element-8ebd04a e-flex e-con-boxed e-con e-parent\" data-id=\"8ebd04a\" data-element_type=\"container\">\n\t\t\t\t\t<div class=\"e-con-inner\">\n\t\t<div class=\"elementor-element elementor-element-59c77fa e-con-full e-flex e-con e-child\" data-id=\"59c77fa\" data-element_type=\"container\">\n\t\t\t\t<div class=\"elementor-element elementor-element-c434289 elementor-widget elementor-widget-image\" data-id=\"c434289\" data-element_type=\"widget\" data-widget_type=\"image.default\">\n\t\t\t\t<div class=\"elementor-widget-container\">\n\t\t\t\t\t\t\t\t\t\t\t\t\t\t\t<img fetchpriority=\"high\" decoding=\"async\" width=\"768\" height=\"1024\" src=\"https:\/\/turkeyvipdesign.com\/wp-content\/uploads\/2025\/06\/Hdf5cbe667ca743ccaf3bb060ae56d41f2-768x1024.avif\" class=\"attachment-large size-large wp-image-6960\" alt=\"ara\u00e7 i\u00e7 dizayn\" srcset=\"https:\/\/turkeyvipdesign.com\/wp-content\/uploads\/2025\/06\/Hdf5cbe667ca743ccaf3bb060ae56d41f2-768x1024.avif 768w, https:\/\/turkeyvipdesign.com\/wp-content\/uploads\/2025\/06\/Hdf5cbe667ca743ccaf3bb060ae56d41f2-225x300.avif 225w, https:\/\/turkeyvipdesign.com\/wp-content\/uploads\/2025\/06\/Hdf5cbe667ca743ccaf3bb060ae56d41f2.avif 1080w\" sizes=\"(max-width: 768px) 100vw, 768px\" \/>\t\t\t\t\t\t\t\t\t\t\t\t\t\t\t<\/div>\n\t\t\t\t<\/div>\n\t\t\t\t<\/div>\n\t\t<div class=\"elementor-element elementor-element-0f1d4fb e-con-full e-flex e-con e-child\" data-id=\"0f1d4fb\" data-element_type=\"container\">\n\t\t\t\t<div class=\"elementor-element elementor-element-7f5859d theratio-align-left elementor-widget elementor-widget-iheading\" data-id=\"7f5859d\" data-element_type=\"widget\" data-widget_type=\"iheading.default\">\n\t\t\t\t<div class=\"elementor-widget-container\">\n\t\t\t\t\t\t\t<div class=\"ot-heading is-dots\">\r\n\t        <span>[ Turkey VIP ]<\/span>\t        <h2 class=\"main-heading\">Our Mission<\/h2>\t    <\/div>\r\n\t    \t\t\t\t<\/div>\n\t\t\t\t<\/div>\n\t\t\t\t<div class=\"elementor-element elementor-element-ff0721e elementor-widget elementor-widget-text-editor\" data-id=\"ff0721e\" data-element_type=\"widget\" data-widget_type=\"text-editor.default\">\n\t\t\t\t<div class=\"elementor-widget-container\">\n\t\t\t\t\t\t\t\t\t<p data-start=\"608\" data-end=\"935\"><strong data-start=\"608\" data-end=\"622\">Turkey VIP<\/strong> our mission is clear:&nbsp;<a href=\"https:\/\/turkeyvipdesign.com\/en\/r-d\/\" target=\"_blank\">Our own R&amp;D engineers<\/a>&nbsp;We offer functional and unique VIP vehicle design projects tailored to the needs of the user with advanced technology solutions. We are based on customer satisfaction in every project. We act with our trust-oriented service approach and achieve quality results.<\/p>\n<p data-start=\"937\" data-end=\"1233\"><strong data-start=\"937\" data-end=\"955\">Auto VIP design<\/strong> we use innovative technologies in the field. Thanks to our vehicles equipped with high quality standards, we enhance the user experience. We have also developed <strong data-start=\"1130\" data-end=\"1154\">design VIP solutions<\/strong> we make a difference in the sector and successfully combine aesthetics and functionality.<\/p>\n<p data-start=\"1235\" data-end=\"1571\">We attach importance to quality and sustainability in our production processes. Therefore, we adopt environmentally friendly practices. Thus, we add lasting value to both the society and the sector. Moreover, not only in Turkey but also around the world, we offer special <strong data-start=\"1485\" data-end=\"1507\">VIP vehicle solutions<\/strong> we offer. We continue to grow on a global scale with determination.<\/p>\n<p data-start=\"1573\" data-end=\"1828\">We develop customized solutions for each customer. Thus, we turn their visions into reality and design inspiring projects. <strong data-start=\"1705\" data-end=\"1728\">Istanbul VIP Design<\/strong> Thanks to our experience in the market, we respond quickly and effectively to all our customers' demands.<\/p>\t\t\t\t\t\t\t\t<\/div>\n\t\t\t\t<\/div>\n\t\t\t\t<\/div>\n\t\t\t\t\t<\/div>\n\t\t\t\t<\/div>\n\t\t<div class=\"elementor-element elementor-element-c6efd4e e-flex e-con-boxed e-con e-parent\" data-id=\"c6efd4e\" data-element_type=\"container\">\n\t\t\t\t\t<div class=\"e-con-inner\">\n\t\t<div class=\"elementor-element elementor-element-ae0c64b e-con-full e-flex e-con e-child\" data-id=\"ae0c64b\" data-element_type=\"container\">\n\t\t\t\t<div class=\"elementor-element elementor-element-40ce7c5 elementor-widget elementor-widget-image\" data-id=\"40ce7c5\" data-element_type=\"widget\" data-widget_type=\"image.default\">\n\t\t\t\t<div class=\"elementor-widget-container\">\n\t\t\t\t\t\t\t\t\t\t\t\t\t\t\t<img decoding=\"async\" width=\"696\" height=\"1024\" src=\"https:\/\/turkeyvipdesign.com\/wp-content\/uploads\/2025\/06\/C1030808-scaled-1-e1749640176393-696x1024.jpg\" class=\"attachment-large size-large wp-image-6961\" alt=\"ara\u00e7 i\u00e7 dizayn_1\" srcset=\"https:\/\/turkeyvipdesign.com\/wp-content\/uploads\/2025\/06\/C1030808-scaled-1-e1749640176393-696x1024.jpg 696w, https:\/\/turkeyvipdesign.com\/wp-content\/uploads\/2025\/06\/C1030808-scaled-1-e1749640176393-204x300.jpg 204w, https:\/\/turkeyvipdesign.com\/wp-content\/uploads\/2025\/06\/C1030808-scaled-1-e1749640176393-768x1130.jpg 768w, https:\/\/turkeyvipdesign.com\/wp-content\/uploads\/2025\/06\/C1030808-scaled-1-e1749640176393-1044x1536.jpg 1044w, https:\/\/turkeyvipdesign.com\/wp-content\/uploads\/2025\/06\/C1030808-scaled-1-e1749640176393.jpg 1160w\" sizes=\"(max-width: 696px) 100vw, 696px\" \/>\t\t\t\t\t\t\t\t\t\t\t\t\t\t\t<\/div>\n\t\t\t\t<\/div>\n\t\t\t\t<\/div>\n\t\t<div class=\"elementor-element elementor-element-ccbaf24 e-con-full e-flex e-con e-child\" data-id=\"ccbaf24\" data-element_type=\"container\">\n\t\t\t\t<div class=\"elementor-element elementor-element-5ef74e4 elementor-widget elementor-widget-iheading\" data-id=\"5ef74e4\" data-element_type=\"widget\" data-widget_type=\"iheading.default\">\n\t\t\t\t<div class=\"elementor-widget-container\">\n\t\t\t\t\t\t\t<div class=\"ot-heading is-dots\">\r\n\t        <span>[ Turkey VIP ]<\/span>\t        <h2 class=\"main-heading\">Our Vision<\/h2>\t    <\/div>\r\n\t    \t\t\t\t<\/div>\n\t\t\t\t<\/div>\n\t\t\t\t<div class=\"elementor-element elementor-element-de5374a elementor-widget elementor-widget-text-editor\" data-id=\"de5374a\" data-element_type=\"widget\" data-widget_type=\"text-editor.default\">\n\t\t\t\t<div class=\"elementor-widget-container\">\n\t\t\t\t\t\t\t\t\t<p data-start=\"1830\" data-end=\"2042\"><strong data-start=\"1830\" data-end=\"1844\">Our Vision<\/strong> is clear: To anticipate the mobility needs of the future and to offer sustainable and innovative vehicle design solutions. Our goal is to become a leading brand preferred worldwide.<\/p><p data-start=\"2044\" data-end=\"2280\">We combine functionality, aesthetics and advanced technology in our projects. Thus, we produce VIP vehicle solutions that meet the expectations of the modern age. We provide our customers with maximum comfort and a unique user experience.<\/p><p data-start=\"2282\" data-end=\"2544\">We consider not only today's needs but also tomorrow's needs. That is why <strong data-start=\"2352\" data-end=\"2378\">Our VIP philosophy of design<\/strong>with sustainability and efficiency. We also offer a wide range of services to both our individual and corporate customers. <strong data-start=\"2484\" data-end=\"2511\">transport VIP solutions<\/strong> we create added value.<\/p><p data-start=\"2546\" data-end=\"2761\"><strong data-start=\"2546\" data-end=\"2567\">Based in Istanbul<\/strong> We have achieved significant success in the sector with our work, and now we aim to carry this success to global markets. With our passionate, expert and creative team, we continue our work uninterruptedly.<\/p>\t\t\t\t\t\t\t\t<\/div>\n\t\t\t\t<\/div>\n\t\t\t\t<\/div>\n\t\t\t\t\t<\/div>\n\t\t\t\t<\/div>\n\t\t\t\t<\/div>","protected":false},"excerpt":{"rendered":"<p>[ Turkey VIP ] Misyonumuz Turkey VIP olarak misyonumuz net:\u00a0Kendi Ar-Ge m\u00fchendislerimizin\u00a0geli\u015ftirdi\u011fi ileri teknoloji \u00e7\u00f6z\u00fcmleriyle, kullan\u0131c\u0131 ihtiya\u00e7lar\u0131na \u00f6zel, i\u015flevsel ve \u00f6zg\u00fcn VIP ara\u00e7 dizayn projeleri sunuyoruz. Her projede m\u00fc\u015fteri memnuniyetini esas al\u0131yoruz. G\u00fcven odakl\u0131 hizmet anlay\u0131\u015f\u0131m\u0131zla hareket ediyor, kaliteli sonu\u00e7lar elde ediyoruz. Oto VIP dizayn alan\u0131nda, yenilik\u00e7i teknolojiler kullan\u0131yoruz. Y\u00fcksek kalite standartlar\u0131yla donat\u0131lm\u0131\u015f ara\u00e7lar\u0131m\u0131z sayesinde [&hellip;]<\/p>","protected":false},"author":2,"featured_media":0,"parent":0,"menu_order":2,"comment_status":"closed","ping_status":"closed","template":"","meta":{"footnotes":""},"class_list":["post-5477","page","type-page","status-publish","hentry"],"yoast_head":"<!-- This site is optimized with the Yoast SEO Premium plugin v22.5 (Yoast SEO v25.9) - https:\/\/yoast.com\/wordpress\/plugins\/seo\/ -->\n<title>Turkey VIP | Oto VIP dizayn Tasar\u0131m\u0131nda Misyon &amp; Vizyon<\/title>\n<meta name=\"description\" content=\"Turkey VIP, l\u00fcks ara\u00e7 i\u00e7 dizayn ve \u00f6zel otomasyon \u00e7\u00f6z\u00fcmleriyle \u0130stanbul merkezli Oto Vip dizayn global bir VIP dizayn markas\u0131d\u0131r.\" \/>\n<meta name=\"robots\" content=\"index, follow, max-snippet:-1, max-image-preview:large, max-video-preview:-1\" \/>\n<link rel=\"canonical\" href=\"https:\/\/turkeyvipdesign.com\/en\/mission-vision\/\" \/>\n<meta property=\"og:locale\" content=\"en_US\" \/>\n<meta property=\"og:type\" content=\"article\" \/>\n<meta property=\"og:title\" content=\"Misyon &amp; Vizyon\" \/>\n<meta property=\"og:description\" content=\"Turkey VIP, l\u00fcks ara\u00e7 i\u00e7 dizayn ve \u00f6zel otomasyon \u00e7\u00f6z\u00fcmleriyle \u0130stanbul merkezli Oto Vip dizayn global bir VIP dizayn markas\u0131d\u0131r.\" \/>\n<meta property=\"og:url\" content=\"https:\/\/turkeyvipdesign.com\/en\/mission-vision\/\" \/>\n<meta property=\"og:site_name\" content=\"Vip Dizayn T\u00fcrkiye | L\u00fcx Vip Ara\u00e7 Dizayn\" \/>\n<meta property=\"article:modified_time\" content=\"2025-09-04T11:48:13+00:00\" \/>\n<meta property=\"og:image\" content=\"https:\/\/turkeyvipdesign.com\/wp-content\/uploads\/2025\/06\/Hdf5cbe667ca743ccaf3bb060ae56d41f2-768x1024.avif\" \/>\n<meta name=\"twitter:card\" content=\"summary_large_image\" \/>\n<meta name=\"twitter:label1\" content=\"Est. reading time\" \/>\n\t<meta name=\"twitter:data1\" content=\"2 minutes\" \/>\n<script type=\"application\/ld+json\" class=\"yoast-schema-graph\">{\"@context\":\"https:\/\/schema.org\",\"@graph\":[{\"@type\":\"WebPage\",\"@id\":\"https:\/\/turkeyvipdesign.com\/misyon-vizyon\/\",\"url\":\"https:\/\/turkeyvipdesign.com\/misyon-vizyon\/\",\"name\":\"Turkey VIP | Oto VIP dizayn Tasar\u0131m\u0131nda Misyon & Vizyon\",\"isPartOf\":{\"@id\":\"https:\/\/turkeyvipdesign.com\/#website\"},\"primaryImageOfPage\":{\"@id\":\"https:\/\/turkeyvipdesign.com\/misyon-vizyon\/#primaryimage\"},\"image\":{\"@id\":\"https:\/\/turkeyvipdesign.com\/misyon-vizyon\/#primaryimage\"},\"thumbnailUrl\":\"https:\/\/turkeyvipdesign.com\/wp-content\/uploads\/2025\/06\/Hdf5cbe667ca743ccaf3bb060ae56d41f2-768x1024.avif\",\"datePublished\":\"2025-05-14T19:36:21+00:00\",\"dateModified\":\"2025-09-04T11:48:13+00:00\",\"description\":\"Turkey VIP, l\u00fcks ara\u00e7 i\u00e7 dizayn ve \u00f6zel otomasyon \u00e7\u00f6z\u00fcmleriyle \u0130stanbul merkezli Oto Vip dizayn global bir VIP dizayn markas\u0131d\u0131r.\",\"breadcrumb\":{\"@id\":\"https:\/\/turkeyvipdesign.com\/misyon-vizyon\/#breadcrumb\"},\"inLanguage\":\"en-US\",\"potentialAction\":[{\"@type\":\"ReadAction\",\"target\":[\"https:\/\/turkeyvipdesign.com\/misyon-vizyon\/\"]}]},{\"@type\":\"ImageObject\",\"inLanguage\":\"en-US\",\"@id\":\"https:\/\/turkeyvipdesign.com\/misyon-vizyon\/#primaryimage\",\"url\":\"https:\/\/turkeyvipdesign.com\/wp-content\/uploads\/2025\/06\/Hdf5cbe667ca743ccaf3bb060ae56d41f2-768x1024.avif\",\"contentUrl\":\"https:\/\/turkeyvipdesign.com\/wp-content\/uploads\/2025\/06\/Hdf5cbe667ca743ccaf3bb060ae56d41f2-768x1024.avif\"},{\"@type\":\"BreadcrumbList\",\"@id\":\"https:\/\/turkeyvipdesign.com\/misyon-vizyon\/#breadcrumb\",\"itemListElement\":[{\"@type\":\"ListItem\",\"position\":1,\"name\":\"Anasayfa\",\"item\":\"https:\/\/turkeyvipdesign.com\/\"},{\"@type\":\"ListItem\",\"position\":2,\"name\":\"Misyon &#038; Vizyon\"}]},{\"@type\":\"WebSite\",\"@id\":\"https:\/\/turkeyvipdesign.com\/#website\",\"url\":\"https:\/\/turkeyvipdesign.com\/\",\"name\":\"Vip Dizayn T\u00fcrkiye | L\u00fcx Vip Ara\u00e7 Dizayn\",\"description\":\"Konforun Zirvesi, Esteti\u011fin ve Kalitenin Merkezi.\",\"publisher\":{\"@id\":\"https:\/\/turkeyvipdesign.com\/#organization\"},\"alternateName\":\"dizayn vip\",\"potentialAction\":[{\"@type\":\"SearchAction\",\"target\":{\"@type\":\"EntryPoint\",\"urlTemplate\":\"https:\/\/turkeyvipdesign.com\/?s={search_term_string}\"},\"query-input\":{\"@type\":\"PropertyValueSpecification\",\"valueRequired\":true,\"valueName\":\"search_term_string\"}}],\"inLanguage\":\"en-US\"},{\"@type\":\"Organization\",\"@id\":\"https:\/\/turkeyvipdesign.com\/#organization\",\"name\":\"Vip Dizayn T\u00fcrkiye\",\"alternateName\":\"dizayn vip\",\"url\":\"https:\/\/turkeyvipdesign.com\/\",\"logo\":{\"@type\":\"ImageObject\",\"inLanguage\":\"en-US\",\"@id\":\"https:\/\/turkeyvipdesign.com\/#\/schema\/logo\/image\/\",\"url\":\"https:\/\/turkeyvipdesign.com\/wp-content\/uploads\/2025\/06\/logo-512.png\",\"contentUrl\":\"https:\/\/turkeyvipdesign.com\/wp-content\/uploads\/2025\/06\/logo-512.png\",\"width\":512,\"height\":512,\"caption\":\"Vip Dizayn T\u00fcrkiye\"},\"image\":{\"@id\":\"https:\/\/turkeyvipdesign.com\/#\/schema\/logo\/image\/\"},\"sameAs\":[\"https:\/\/www.instagram.com\/turkeyvipdizayn\/\"]}]}<\/script>\n<!-- \/ Yoast SEO Premium plugin. -->","yoast_head_json":{"title":"Turkey VIP | Oto VIP dizayn Tasar\u0131m\u0131nda Misyon & Vizyon","description":"Turkey VIP, l\u00fcks ara\u00e7 i\u00e7 dizayn ve \u00f6zel otomasyon \u00e7\u00f6z\u00fcmleriyle \u0130stanbul merkezli Oto Vip dizayn global bir VIP dizayn markas\u0131d\u0131r.","robots":{"index":"index","follow":"follow","max-snippet":"max-snippet:-1","max-image-preview":"max-image-preview:large","max-video-preview":"max-video-preview:-1"},"canonical":"https:\/\/turkeyvipdesign.com\/en\/mission-vision\/","og_locale":"en_US","og_type":"article","og_title":"Misyon & Vizyon","og_description":"Turkey VIP, l\u00fcks ara\u00e7 i\u00e7 dizayn ve \u00f6zel otomasyon \u00e7\u00f6z\u00fcmleriyle \u0130stanbul merkezli Oto Vip dizayn global bir VIP dizayn markas\u0131d\u0131r.","og_url":"https:\/\/turkeyvipdesign.com\/en\/mission-vision\/","og_site_name":"Vip Dizayn T\u00fcrkiye | L\u00fcx Vip Ara\u00e7 Dizayn","article_modified_time":"2025-09-04T11:48:13+00:00","og_image":[{"url":"https:\/\/turkeyvipdesign.com\/wp-content\/uploads\/2025\/06\/Hdf5cbe667ca743ccaf3bb060ae56d41f2-768x1024.avif","type":"","width":"","height":""}],"twitter_card":"summary_large_image","twitter_misc":{"Est. reading time":"2 minutes"},"schema":{"@context":"https:\/\/schema.org","@graph":[{"@type":"WebPage","@id":"https:\/\/turkeyvipdesign.com\/misyon-vizyon\/","url":"https:\/\/turkeyvipdesign.com\/misyon-vizyon\/","name":"Turkey VIP | Oto VIP dizayn Tasar\u0131m\u0131nda Misyon & Vizyon","isPartOf":{"@id":"https:\/\/turkeyvipdesign.com\/#website"},"primaryImageOfPage":{"@id":"https:\/\/turkeyvipdesign.com\/misyon-vizyon\/#primaryimage"},"image":{"@id":"https:\/\/turkeyvipdesign.com\/misyon-vizyon\/#primaryimage"},"thumbnailUrl":"https:\/\/turkeyvipdesign.com\/wp-content\/uploads\/2025\/06\/Hdf5cbe667ca743ccaf3bb060ae56d41f2-768x1024.avif","datePublished":"2025-05-14T19:36:21+00:00","dateModified":"2025-09-04T11:48:13+00:00","description":"Turkey VIP, l\u00fcks ara\u00e7 i\u00e7 dizayn ve \u00f6zel otomasyon \u00e7\u00f6z\u00fcmleriyle \u0130stanbul merkezli Oto Vip dizayn global bir VIP dizayn markas\u0131d\u0131r.","breadcrumb":{"@id":"https:\/\/turkeyvipdesign.com\/misyon-vizyon\/#breadcrumb"},"inLanguage":"en-US","potentialAction":[{"@type":"ReadAction","target":["https:\/\/turkeyvipdesign.com\/misyon-vizyon\/"]}]},{"@type":"ImageObject","inLanguage":"en-US","@id":"https:\/\/turkeyvipdesign.com\/misyon-vizyon\/#primaryimage","url":"https:\/\/turkeyvipdesign.com\/wp-content\/uploads\/2025\/06\/Hdf5cbe667ca743ccaf3bb060ae56d41f2-768x1024.avif","contentUrl":"https:\/\/turkeyvipdesign.com\/wp-content\/uploads\/2025\/06\/Hdf5cbe667ca743ccaf3bb060ae56d41f2-768x1024.avif"},{"@type":"BreadcrumbList","@id":"https:\/\/turkeyvipdesign.com\/misyon-vizyon\/#breadcrumb","itemListElement":[{"@type":"ListItem","position":1,"name":"Anasayfa","item":"https:\/\/turkeyvipdesign.com\/"},{"@type":"ListItem","position":2,"name":"Misyon &#038; Vizyon"}]},{"@type":"WebSite","@id":"https:\/\/turkeyvipdesign.com\/#website","url":"https:\/\/turkeyvipdesign.com\/","name":"Vip Design Turkey | Luxury Vip Car Design","description":"The Summit of Comfort, Center of Aesthetics and Quality.","publisher":{"@id":"https:\/\/turkeyvipdesign.com\/#organization"},"alternateName":"dizayn vip","potentialAction":[{"@type":"SearchAction","target":{"@type":"EntryPoint","urlTemplate":"https:\/\/turkeyvipdesign.com\/?s={search_term_string}"},"query-input":{"@type":"PropertyValueSpecification","valueRequired":true,"valueName":"search_term_string"}}],"inLanguage":"en-US"},{"@type":"Organization","@id":"https:\/\/turkeyvipdesign.com\/#organization","name":"Vip Dizayn Turkey","alternateName":"dizayn vip","url":"https:\/\/turkeyvipdesign.com\/","logo":{"@type":"ImageObject","inLanguage":"en-US","@id":"https:\/\/turkeyvipdesign.com\/#\/schema\/logo\/image\/","url":"https:\/\/turkeyvipdesign.com\/wp-content\/uploads\/2025\/06\/logo-512.png","contentUrl":"https:\/\/turkeyvipdesign.com\/wp-content\/uploads\/2025\/06\/logo-512.png","width":512,"height":512,"caption":"Vip Dizayn T\u00fcrkiye"},"image":{"@id":"https:\/\/turkeyvipdesign.com\/#\/schema\/logo\/image\/"},"sameAs":["https:\/\/www.instagram.com\/turkeyvipdizayn\/"]}]}},"_links":{"self":[{"href":"https:\/\/turkeyvipdesign.com\/en\/wp-json\/wp\/v2\/pages\/5477","targetHints":{"allow":["GET"]}}],"collection":[{"href":"https:\/\/turkeyvipdesign.com\/en\/wp-json\/wp\/v2\/pages"}],"about":[{"href":"https:\/\/turkeyvipdesign.com\/en\/wp-json\/wp\/v2\/types\/page"}],"author":[{"embeddable":true,"href":"https:\/\/turkeyvipdesign.com\/en\/wp-json\/wp\/v2\/users\/2"}],"replies":[{"embeddable":true,"href":"https:\/\/turkeyvipdesign.com\/en\/wp-json\/wp\/v2\/comments?post=5477"}],"version-history":[{"count":45,"href":"https:\/\/turkeyvipdesign.com\/en\/wp-json\/wp\/v2\/pages\/5477\/revisions"}],"predecessor-version":[{"id":9072,"href":"https:\/\/turkeyvipdesign.com\/en\/wp-json\/wp\/v2\/pages\/5477\/revisions\/9072"}],"wp:attachment":[{"href":"https:\/\/turkeyvipdesign.com\/en\/wp-json\/wp\/v2\/media?parent=5477"}],"curies":[{"name":"wp","href":"https:\/\/api.w.org\/{rel}","templated":true}]}}