{"id":5505,"date":"2025-05-15T11:47:16","date_gmt":"2025-05-15T11:47:16","guid":{"rendered":"https:\/\/turkeyvipdesign.com\/?page_id=5505"},"modified":"2025-09-04T14:42:23","modified_gmt":"2025-09-04T14:42:23","slug":"mercedes-vip-araclar","status":"publish","type":"page","link":"https:\/\/turkeyvipdesign.com\/en\/mercedes-vip-vehicles\/","title":{"rendered":"Mercedes Vip Vehicles"},"content":{"rendered":"<div data-elementor-type=\"wp-page\" data-elementor-id=\"5505\" class=\"elementor elementor-5505\">\n\t\t\t\t<div class=\"elementor-element elementor-element-857bd0f e-flex e-con-boxed e-con e-parent\" data-id=\"857bd0f\" data-element_type=\"container\">\n\t\t\t\t\t<div class=\"e-con-inner\">\n\t\t\t\t\t<\/div>\n\t\t\t\t<\/div>\n\t\t<div class=\"elementor-element elementor-element-f13def2 e-flex e-con-boxed e-con e-parent\" data-id=\"f13def2\" data-element_type=\"container\">\n\t\t\t\t\t<div class=\"e-con-inner\">\n\t\t\t\t<div class=\"elementor-element elementor-element-9315755 elementor-widget__width-inherit elementor-widget elementor-widget-text-editor\" data-id=\"9315755\" data-element_type=\"widget\" data-widget_type=\"text-editor.default\">\n\t\t\t\t<div class=\"elementor-widget-container\">\n\t\t\t\t\t\t\t\t\t<h2 data-start=\"223\" data-end=\"256\">Turkey VIP's Mercedes VIP Design Solutions<\/h2>\n<p data-start=\"258\" data-end=\"592\">VIP vehicle design is becoming increasingly important for users in search of comfort and prestige. In this direction, <strong data-start=\"378\" data-end=\"392\">Turkey VIP<\/strong>&nbsp;Mercedes-Benz draws attention with the interior solutions it offers for its models. Especially vehicles such as Vito, V-Class, Sprinter, Maybach and GLS are redesigned and transformed into living spaces.<\/p>\n<h3 data-start=\"594\" data-end=\"647\">Mercedes Vito: Functionality and Elegance in One<\/h3>\n<p data-start=\"649\" data-end=\"1189\">First of all, Mercedes Vito is one of the most preferred models for corporate transportation and private transfer services. For this reason, the solutions offered by Turkey VIP are not limited to appearance. On the contrary, the entire interior layout is reconstructed to center on comfort, aesthetics and functionality. For example, elements such as massaging leather seats, mini bar, LED lighting and smart multimedia systems transform the vehicle into a fully equipped VIP cabin. Thus, a high level of experience is offered for both passengers and the driver.<\/p>\t\t\t\t\t\t\t\t<\/div>\n\t\t\t\t<\/div>\n\t\t\t\t\t<\/div>\n\t\t\t\t<\/div>\n\t\t<div class=\"elementor-element elementor-element-832d99a e-flex e-con-boxed e-con e-parent\" data-id=\"832d99a\" data-element_type=\"container\">\n\t\t\t\t\t<div class=\"e-con-inner\">\n\t\t<div class=\"elementor-element elementor-element-59a3dca e-grid e-con-full e-con e-child\" data-id=\"59a3dca\" data-element_type=\"container\">\n\t\t\t\t<div class=\"elementor-element elementor-element-2726cc1 elementor-widget elementor-widget-video\" data-id=\"2726cc1\" data-element_type=\"widget\" data-settings=\"{&quot;youtube_url&quot;:&quot;https:\\\/\\\/www.youtube.com\\\/watch?v=t_rnaaSkQ48&quot;,&quot;video_type&quot;:&quot;youtube&quot;,&quot;controls&quot;:&quot;yes&quot;}\" data-widget_type=\"video.default\">\n\t\t\t\t<div class=\"elementor-widget-container\">\n\t\t\t\t\t\t\t<div class=\"elementor-wrapper elementor-open-inline\">\n\t\t\t<div class=\"elementor-video\"><\/div>\t\t<\/div>\n\t\t\t\t\t\t<\/div>\n\t\t\t\t<\/div>\n\t\t\t\t<div class=\"elementor-element elementor-element-18bb861 elementor-widget elementor-widget-video\" data-id=\"18bb861\" data-element_type=\"widget\" data-settings=\"{&quot;youtube_url&quot;:&quot;https:\\\/\\\/www.youtube.com\\\/watch?v=vdaXtSYzvxY&quot;,&quot;video_type&quot;:&quot;youtube&quot;,&quot;controls&quot;:&quot;yes&quot;}\" data-widget_type=\"video.default\">\n\t\t\t\t<div class=\"elementor-widget-container\">\n\t\t\t\t\t\t\t<div class=\"elementor-wrapper elementor-open-inline\">\n\t\t\t<div class=\"elementor-video\"><\/div>\t\t<\/div>\n\t\t\t\t\t\t<\/div>\n\t\t\t\t<\/div>\n\t\t\t\t<div class=\"elementor-element elementor-element-42b917f elementor-widget elementor-widget-video\" data-id=\"42b917f\" data-element_type=\"widget\" data-settings=\"{&quot;youtube_url&quot;:&quot;https:\\\/\\\/www.youtube.com\\\/watch?v=ICNWgE4l5Es&quot;,&quot;video_type&quot;:&quot;youtube&quot;,&quot;controls&quot;:&quot;yes&quot;}\" data-widget_type=\"video.default\">\n\t\t\t\t<div class=\"elementor-widget-container\">\n\t\t\t\t\t\t\t<div class=\"elementor-wrapper elementor-open-inline\">\n\t\t\t<div class=\"elementor-video\"><\/div>\t\t<\/div>\n\t\t\t\t\t\t<\/div>\n\t\t\t\t<\/div>\n\t\t\t\t<div class=\"elementor-element elementor-element-88d125c elementor-widget elementor-widget-video\" data-id=\"88d125c\" data-element_type=\"widget\" data-settings=\"{&quot;youtube_url&quot;:&quot;https:\\\/\\\/www.youtube.com\\\/watch?v=Vsk4ueKWNLo&quot;,&quot;video_type&quot;:&quot;youtube&quot;,&quot;controls&quot;:&quot;yes&quot;}\" data-widget_type=\"video.default\">\n\t\t\t\t<div class=\"elementor-widget-container\">\n\t\t\t\t\t\t\t<div class=\"elementor-wrapper elementor-open-inline\">\n\t\t\t<div class=\"elementor-video\"><\/div>\t\t<\/div>\n\t\t\t\t\t\t<\/div>\n\t\t\t\t<\/div>\n\t\t\t\t<div class=\"elementor-element elementor-element-6046f99 elementor-widget elementor-widget-video\" data-id=\"6046f99\" data-element_type=\"widget\" data-settings=\"{&quot;youtube_url&quot;:&quot;https:\\\/\\\/www.youtube.com\\\/watch?v=VeTkEJf4pjA&quot;,&quot;video_type&quot;:&quot;youtube&quot;,&quot;controls&quot;:&quot;yes&quot;}\" data-widget_type=\"video.default\">\n\t\t\t\t<div class=\"elementor-widget-container\">\n\t\t\t\t\t\t\t<div class=\"elementor-wrapper elementor-open-inline\">\n\t\t\t<div class=\"elementor-video\"><\/div>\t\t<\/div>\n\t\t\t\t\t\t<\/div>\n\t\t\t\t<\/div>\n\t\t\t\t<div class=\"elementor-element elementor-element-4c290f9 elementor-widget elementor-widget-video\" data-id=\"4c290f9\" data-element_type=\"widget\" data-settings=\"{&quot;youtube_url&quot;:&quot;https:\\\/\\\/www.youtube.com\\\/watch?v=Zg7rFqOqUf0&quot;,&quot;video_type&quot;:&quot;youtube&quot;,&quot;controls&quot;:&quot;yes&quot;}\" data-widget_type=\"video.default\">\n\t\t\t\t<div class=\"elementor-widget-container\">\n\t\t\t\t\t\t\t<div class=\"elementor-wrapper elementor-open-inline\">\n\t\t\t<div class=\"elementor-video\"><\/div>\t\t<\/div>\n\t\t\t\t\t\t<\/div>\n\t\t\t\t<\/div>\n\t\t\t\t<\/div>\n\t\t\t\t\t<\/div>\n\t\t\t\t<\/div>\n\t\t<div class=\"elementor-element elementor-element-7cd7b27 e-flex e-con-boxed e-con e-parent\" data-id=\"7cd7b27\" data-element_type=\"container\">\n\t\t\t\t\t<div class=\"e-con-inner\">\n\t\t\t\t<div class=\"elementor-element elementor-element-75642b6 elementor-widget__width-inherit elementor-widget elementor-widget-text-editor\" data-id=\"75642b6\" data-element_type=\"widget\" data-widget_type=\"text-editor.default\">\n\t\t\t\t<div class=\"elementor-widget-container\">\n\t\t\t\t\t\t\t\t\t<h3 data-start=\"1191\" data-end=\"1223\">City Comfort with the V-Class<\/h3><p data-start=\"1225\" data-end=\"1637\">However, for urban use, the V-Class stands out with its large volume and elegant structure. Every detail can be adapted to user habits. In particular, systems that can be managed via mobile devices, digital control panels and ergonomic seating arrangements expand the boundaries of in-car comfort. Furthermore, the advanced insulation system provides a driving environment isolated from the outside environment.<\/p><h3 data-start=\"1639\" data-end=\"1681\">Sprinter VIP Comfort for Crowds<\/h3><p data-start=\"1683\" data-end=\"2134\">Offering more passenger carrying capacity, the Mercedes Sprinter makes a difference in commercial use. Designed especially for tourism transportation and long journeys, VIP conversion projects stand out with spacious seating and comprehensive technology integration. Moreover, every detail is considered thanks to the in-vehicle refrigerator, bar area, Wi-Fi connection and high roof structure. The result is a transportation experience that is both functional and prestigious.<\/p><h3 data-start=\"2136\" data-end=\"2178\">Maybach: Personalization in the Top Segment<\/h3><p data-start=\"2180\" data-end=\"2629\">Mercedes-Maybach models, the symbol of luxury, push the limits of customization. Turkey VIP develops solutions to maximize comfort in these vehicles. For example, a completely silenced cabin, customized lighting profiles, smart seating systems and independent multimedia panels transform the interior into a unique living space. What's more, all systems can be managed via smartphone or integrated control screen.<\/p><h2 data-start=\"2631\" data-end=\"2651\">Why Turkey VIP?<\/h2><p data-start=\"2653\" data-end=\"3006\">In every project, not only the use of high quality materials, but also the architectural and engineering perspective is prioritized. In addition, thanks to 3D design preview support, customers can see the project in full detail before it starts. Technical support continues uninterruptedly throughout the process, while post-delivery satisfaction is guaranteed.<\/p><p data-start=\"3008\" data-end=\"3150\">Conclusion, <strong data-start=\"3022\" data-end=\"3036\">Turkey VIP<\/strong>makes your vehicle more than just a means of transportation. It transforms it into a prestigious living space in every aspect.<\/p>\t\t\t\t\t\t\t\t<\/div>\n\t\t\t\t<\/div>\n\t\t\t\t\t<\/div>\n\t\t\t\t<\/div>\n\t\t\t\t<\/div>","protected":false},"excerpt":{"rendered":"<p>Mercedes Vito VIP Vito Mercedes Turkey VIP Dizayn Turkey L\u00fcks VIP Design Mercedes Sprinter VIP Ara\u00e7 Mercedes Sprinter Yap\u0131m A\u015famas\u0131 T\u00fcrkiye VIP Dizayn Mercedes Sprinter K\u0131rm\u0131z\u0131 Sprinter VIP Mercedes Engelli Projesi Mercedes Turkey VIP Dizayn Sprinter Mavi Sprinter Mercedes VIP Tasar\u0131m L\u00fcks Vip Dizayn Mercedes Sprinter Mor T\u00fcrkiye L\u00fcks VIP Dizayn Mercedes Sprinter Barl\u0131 S\u0131ral\u0131 [&hellip;]<\/p>","protected":false},"author":2,"featured_media":0,"parent":0,"menu_order":15,"comment_status":"closed","ping_status":"closed","template":"","meta":{"footnotes":""},"class_list":["post-5505","page","type-page","status-publish","hentry"],"yoast_head":"<!-- This site is optimized with the Yoast SEO Premium plugin v22.5 (Yoast SEO v25.9) - https:\/\/yoast.com\/wordpress\/plugins\/seo\/ -->\n<title>Mercedes VIP Vito &amp; Sprinter VIP \u0130\u00e7 Tasar\u0131m | Turkey VIP Dizayn<\/title>\n<meta name=\"description\" content=\"Mercedes VIP ara\u00e7 i\u00e7 tasar\u0131m ve aksesuar montaj\u0131nda, Turkey VIP l\u00fcks, teknoloji ve konforu bir araya getiriyor.\" \/>\n<meta name=\"robots\" content=\"index, follow, max-snippet:-1, max-image-preview:large, max-video-preview:-1\" \/>\n<link rel=\"canonical\" href=\"https:\/\/turkeyvipdesign.com\/en\/mercedes-vip-vehicles\/\" \/>\n<meta property=\"og:locale\" content=\"en_US\" \/>\n<meta property=\"og:type\" content=\"article\" \/>\n<meta property=\"og:title\" content=\"Mercedes Vip Ara\u00e7lar\" \/>\n<meta property=\"og:description\" content=\"Mercedes VIP ara\u00e7 i\u00e7 tasar\u0131m ve aksesuar montaj\u0131nda, Turkey VIP l\u00fcks, teknoloji ve konforu bir araya getiriyor.\" \/>\n<meta property=\"og:url\" content=\"https:\/\/turkeyvipdesign.com\/en\/mercedes-vip-vehicles\/\" \/>\n<meta property=\"og:site_name\" content=\"Vip Dizayn T\u00fcrkiye | L\u00fcx Vip Ara\u00e7 Dizayn\" \/>\n<meta property=\"article:modified_time\" content=\"2025-09-04T14:42:23+00:00\" \/>\n<meta property=\"og:image\" content=\"https:\/\/turkeyvipdesign.com\/wp-content\/uploads\/2025\/07\/Turkey-Vip-Mercedes-Vito.jpg\" \/>\n<meta name=\"twitter:card\" content=\"summary_large_image\" \/>\n<meta name=\"twitter:label1\" content=\"Est. reading time\" \/>\n\t<meta name=\"twitter:data1\" content=\"6 minutes\" \/>\n<script type=\"application\/ld+json\" class=\"yoast-schema-graph\">{\"@context\":\"https:\/\/schema.org\",\"@graph\":[{\"@type\":\"WebPage\",\"@id\":\"https:\/\/turkeyvipdesign.com\/mercedes-vip-araclar\/\",\"url\":\"https:\/\/turkeyvipdesign.com\/mercedes-vip-araclar\/\",\"name\":\"Mercedes VIP Vito & Sprinter VIP \u0130\u00e7 Tasar\u0131m | Turkey VIP Dizayn\",\"isPartOf\":{\"@id\":\"https:\/\/turkeyvipdesign.com\/#website\"},\"primaryImageOfPage\":{\"@id\":\"https:\/\/turkeyvipdesign.com\/mercedes-vip-araclar\/#primaryimage\"},\"image\":{\"@id\":\"https:\/\/turkeyvipdesign.com\/mercedes-vip-araclar\/#primaryimage\"},\"thumbnailUrl\":\"https:\/\/turkeyvipdesign.com\/wp-content\/uploads\/2025\/07\/Turkey-Vip-Mercedes-Vito.jpg\",\"datePublished\":\"2025-05-15T11:47:16+00:00\",\"dateModified\":\"2025-09-04T14:42:23+00:00\",\"description\":\"Mercedes VIP ara\u00e7 i\u00e7 tasar\u0131m ve aksesuar montaj\u0131nda, Turkey VIP l\u00fcks, teknoloji ve konforu bir araya getiriyor.\",\"breadcrumb\":{\"@id\":\"https:\/\/turkeyvipdesign.com\/mercedes-vip-araclar\/#breadcrumb\"},\"inLanguage\":\"en-US\",\"potentialAction\":[{\"@type\":\"ReadAction\",\"target\":[\"https:\/\/turkeyvipdesign.com\/mercedes-vip-araclar\/\"]}]},{\"@type\":\"ImageObject\",\"inLanguage\":\"en-US\",\"@id\":\"https:\/\/turkeyvipdesign.com\/mercedes-vip-araclar\/#primaryimage\",\"url\":\"https:\/\/turkeyvipdesign.com\/wp-content\/uploads\/2025\/07\/Turkey-Vip-Mercedes-Vito.jpg\",\"contentUrl\":\"https:\/\/turkeyvipdesign.com\/wp-content\/uploads\/2025\/07\/Turkey-Vip-Mercedes-Vito.jpg\"},{\"@type\":\"BreadcrumbList\",\"@id\":\"https:\/\/turkeyvipdesign.com\/mercedes-vip-araclar\/#breadcrumb\",\"itemListElement\":[{\"@type\":\"ListItem\",\"position\":1,\"name\":\"Anasayfa\",\"item\":\"https:\/\/turkeyvipdesign.com\/\"},{\"@type\":\"ListItem\",\"position\":2,\"name\":\"Mercedes Vip Ara\u00e7lar\"}]},{\"@type\":\"WebSite\",\"@id\":\"https:\/\/turkeyvipdesign.com\/#website\",\"url\":\"https:\/\/turkeyvipdesign.com\/\",\"name\":\"Vip Dizayn T\u00fcrkiye | L\u00fcx Vip Ara\u00e7 Dizayn\",\"description\":\"Konforun Zirvesi, Esteti\u011fin ve Kalitenin Merkezi.\",\"publisher\":{\"@id\":\"https:\/\/turkeyvipdesign.com\/#organization\"},\"alternateName\":\"dizayn vip\",\"potentialAction\":[{\"@type\":\"SearchAction\",\"target\":{\"@type\":\"EntryPoint\",\"urlTemplate\":\"https:\/\/turkeyvipdesign.com\/?s={search_term_string}\"},\"query-input\":{\"@type\":\"PropertyValueSpecification\",\"valueRequired\":true,\"valueName\":\"search_term_string\"}}],\"inLanguage\":\"en-US\"},{\"@type\":\"Organization\",\"@id\":\"https:\/\/turkeyvipdesign.com\/#organization\",\"name\":\"Vip Dizayn T\u00fcrkiye\",\"alternateName\":\"dizayn vip\",\"url\":\"https:\/\/turkeyvipdesign.com\/\",\"logo\":{\"@type\":\"ImageObject\",\"inLanguage\":\"en-US\",\"@id\":\"https:\/\/turkeyvipdesign.com\/#\/schema\/logo\/image\/\",\"url\":\"https:\/\/turkeyvipdesign.com\/wp-content\/uploads\/2025\/06\/logo-512.png\",\"contentUrl\":\"https:\/\/turkeyvipdesign.com\/wp-content\/uploads\/2025\/06\/logo-512.png\",\"width\":512,\"height\":512,\"caption\":\"Vip Dizayn T\u00fcrkiye\"},\"image\":{\"@id\":\"https:\/\/turkeyvipdesign.com\/#\/schema\/logo\/image\/\"},\"sameAs\":[\"https:\/\/www.instagram.com\/turkeyvipdizayn\/\"]}]}<\/script>\n<!-- \/ Yoast SEO Premium plugin. -->","yoast_head_json":{"title":"Mercedes VIP Vito &amp; Sprinter VIP Interior Design | Turkey VIP Design","description":"Turkey VIP combines luxury, technology and comfort in Mercedes VIP vehicle interior design and accessory assembly.","robots":{"index":"index","follow":"follow","max-snippet":"max-snippet:-1","max-image-preview":"max-image-preview:large","max-video-preview":"max-video-preview:-1"},"canonical":"https:\/\/turkeyvipdesign.com\/en\/mercedes-vip-vehicles\/","og_locale":"en_US","og_type":"article","og_title":"Mercedes Vip Ara\u00e7lar","og_description":"Mercedes VIP ara\u00e7 i\u00e7 tasar\u0131m ve aksesuar montaj\u0131nda, Turkey VIP l\u00fcks, teknoloji ve konforu bir araya getiriyor.","og_url":"https:\/\/turkeyvipdesign.com\/en\/mercedes-vip-vehicles\/","og_site_name":"Vip Dizayn T\u00fcrkiye | L\u00fcx Vip Ara\u00e7 Dizayn","article_modified_time":"2025-09-04T14:42:23+00:00","og_image":[{"url":"https:\/\/turkeyvipdesign.com\/wp-content\/uploads\/2025\/07\/Turkey-Vip-Mercedes-Vito.jpg","type":"","width":"","height":""}],"twitter_card":"summary_large_image","twitter_misc":{"Est. reading time":"6 minutes"},"schema":{"@context":"https:\/\/schema.org","@graph":[{"@type":"WebPage","@id":"https:\/\/turkeyvipdesign.com\/mercedes-vip-araclar\/","url":"https:\/\/turkeyvipdesign.com\/mercedes-vip-araclar\/","name":"Mercedes VIP Vito &amp; Sprinter VIP Interior Design | Turkey VIP Design","isPartOf":{"@id":"https:\/\/turkeyvipdesign.com\/#website"},"primaryImageOfPage":{"@id":"https:\/\/turkeyvipdesign.com\/mercedes-vip-araclar\/#primaryimage"},"image":{"@id":"https:\/\/turkeyvipdesign.com\/mercedes-vip-araclar\/#primaryimage"},"thumbnailUrl":"https:\/\/turkeyvipdesign.com\/wp-content\/uploads\/2025\/07\/Turkey-Vip-Mercedes-Vito.jpg","datePublished":"2025-05-15T11:47:16+00:00","dateModified":"2025-09-04T14:42:23+00:00","description":"Turkey VIP combines luxury, technology and comfort in Mercedes VIP vehicle interior design and accessory assembly.","breadcrumb":{"@id":"https:\/\/turkeyvipdesign.com\/mercedes-vip-araclar\/#breadcrumb"},"inLanguage":"en-US","potentialAction":[{"@type":"ReadAction","target":["https:\/\/turkeyvipdesign.com\/mercedes-vip-araclar\/"]}]},{"@type":"ImageObject","inLanguage":"en-US","@id":"https:\/\/turkeyvipdesign.com\/mercedes-vip-araclar\/#primaryimage","url":"https:\/\/turkeyvipdesign.com\/wp-content\/uploads\/2025\/07\/Turkey-Vip-Mercedes-Vito.jpg","contentUrl":"https:\/\/turkeyvipdesign.com\/wp-content\/uploads\/2025\/07\/Turkey-Vip-Mercedes-Vito.jpg"},{"@type":"BreadcrumbList","@id":"https:\/\/turkeyvipdesign.com\/mercedes-vip-araclar\/#breadcrumb","itemListElement":[{"@type":"ListItem","position":1,"name":"Anasayfa","item":"https:\/\/turkeyvipdesign.com\/"},{"@type":"ListItem","position":2,"name":"Mercedes Vip Ara\u00e7lar"}]},{"@type":"WebSite","@id":"https:\/\/turkeyvipdesign.com\/#website","url":"https:\/\/turkeyvipdesign.com\/","name":"Vip Design Turkey | Luxury Vip Car Design","description":"The Summit of Comfort, Center of Aesthetics and Quality.","publisher":{"@id":"https:\/\/turkeyvipdesign.com\/#organization"},"alternateName":"dizayn vip","potentialAction":[{"@type":"SearchAction","target":{"@type":"EntryPoint","urlTemplate":"https:\/\/turkeyvipdesign.com\/?s={search_term_string}"},"query-input":{"@type":"PropertyValueSpecification","valueRequired":true,"valueName":"search_term_string"}}],"inLanguage":"en-US"},{"@type":"Organization","@id":"https:\/\/turkeyvipdesign.com\/#organization","name":"Vip Dizayn Turkey","alternateName":"dizayn vip","url":"https:\/\/turkeyvipdesign.com\/","logo":{"@type":"ImageObject","inLanguage":"en-US","@id":"https:\/\/turkeyvipdesign.com\/#\/schema\/logo\/image\/","url":"https:\/\/turkeyvipdesign.com\/wp-content\/uploads\/2025\/06\/logo-512.png","contentUrl":"https:\/\/turkeyvipdesign.com\/wp-content\/uploads\/2025\/06\/logo-512.png","width":512,"height":512,"caption":"Vip Dizayn T\u00fcrkiye"},"image":{"@id":"https:\/\/turkeyvipdesign.com\/#\/schema\/logo\/image\/"},"sameAs":["https:\/\/www.instagram.com\/turkeyvipdizayn\/"]}]}},"_links":{"self":[{"href":"https:\/\/turkeyvipdesign.com\/en\/wp-json\/wp\/v2\/pages\/5505","targetHints":{"allow":["GET"]}}],"collection":[{"href":"https:\/\/turkeyvipdesign.com\/en\/wp-json\/wp\/v2\/pages"}],"about":[{"href":"https:\/\/turkeyvipdesign.com\/en\/wp-json\/wp\/v2\/types\/page"}],"author":[{"embeddable":true,"href":"https:\/\/turkeyvipdesign.com\/en\/wp-json\/wp\/v2\/users\/2"}],"replies":[{"embeddable":true,"href":"https:\/\/turkeyvipdesign.com\/en\/wp-json\/wp\/v2\/comments?post=5505"}],"version-history":[{"count":144,"href":"https:\/\/turkeyvipdesign.com\/en\/wp-json\/wp\/v2\/pages\/5505\/revisions"}],"predecessor-version":[{"id":9247,"href":"https:\/\/turkeyvipdesign.com\/en\/wp-json\/wp\/v2\/pages\/5505\/revisions\/9247"}],"wp:attachment":[{"href":"https:\/\/turkeyvipdesign.com\/en\/wp-json\/wp\/v2\/media?parent=5505"}],"curies":[{"name":"wp","href":"https:\/\/api.w.org\/{rel}","templated":true}]}}