{"id":5968,"date":"2025-05-20T23:49:13","date_gmt":"2025-05-20T23:49:13","guid":{"rendered":"https:\/\/turkeyvipdesign.com\/?page_id=5968"},"modified":"2025-09-04T11:47:26","modified_gmt":"2025-09-04T11:47:26","slug":"kalite-politikasi","status":"publish","type":"page","link":"https:\/\/turkeyvipdesign.com\/en\/quality-policy\/","title":{"rendered":"Quality Policy"},"content":{"rendered":"<div data-elementor-type=\"wp-page\" data-elementor-id=\"5968\" class=\"elementor elementor-5968\">\n\t\t\t\t<div class=\"elementor-element elementor-element-5efb9c7 e-flex e-con-boxed e-con e-parent\" data-id=\"5efb9c7\" data-element_type=\"container\">\n\t\t\t\t\t<div class=\"e-con-inner\">\n\t\t\t\t<div class=\"elementor-element elementor-element-c974606 elementor-widget elementor-widget-iheading\" data-id=\"c974606\" data-element_type=\"widget\" data-widget_type=\"iheading.default\">\n\t\t\t\t<div class=\"elementor-widget-container\">\n\t\t\t\t\t\t\t<div class=\"ot-heading is-dots\">\r\n\t        <span>[ Quality Policy | Turkey VIP DESIGN ]<\/span>\t        <h2 class=\"main-heading\">Quality Policy<\/h2>\t    <\/div>\r\n\t    \t\t\t\t<\/div>\n\t\t\t\t<\/div>\n\t\t\t\t<div class=\"elementor-element elementor-element-383f339 elementor-widget elementor-widget-text-editor\" data-id=\"383f339\" data-element_type=\"widget\" data-widget_type=\"text-editor.default\">\n\t\t\t\t<div class=\"elementor-widget-container\">\n\t\t\t\t\t\t\t\t\t<p data-start=\"150\" data-end=\"514\">As Turkey VIP, our quality policy is auto VIP design, <a href=\"https:\/\/turkeyvipdesign.com\/en\/automation-and-electrical\/\">automation and electrical-electronics<\/a> We always prioritize quality and excellence by using high technology in our solutions. Our aim is to be a leading and reliable brand in the sector by developing VIP vehicle designs that are both functional and aesthetically superior in every project. We continue our work meticulously in this direction.<\/p>\n<p data-start=\"516\" data-end=\"866\">We analyze our customers' needs in detail and offer tailor-made VIP design solutions that meet their expectations. We design the vehicles according to the wishes of the users and enrich them with high quality materials and special equipment. Thus, each project becomes completely customized, functional and stylish.<\/p>\n<p data-start=\"868\" data-end=\"1187\">Innovation and <a href=\"https:\/\/turkeyvipdesign.com\/en\/r-d\/\">Our R&amp;D activities<\/a>is the basis of our competitive advantage. By closely following the technological developments in the sector; we develop in-vehicle automation systems, electronic management panels and special software. In this way, we continuously increase the comfort, safety and functionality of VIP vehicles.<\/p>\n<p data-start=\"1189\" data-end=\"1455\">We fully comply with ISO quality standards in process management. We meticulously plan and implement all stages and attach importance to continuous improvement efforts. Thanks to this approach, we maximize safety standards while increasing efficiency.<\/p>\t\t\t\t\t\t\t\t<\/div>\n\t\t\t\t<\/div>\n\t\t\t\t<div class=\"elementor-element elementor-element-70dd6da elementor-widget elementor-widget-image\" data-id=\"70dd6da\" data-element_type=\"widget\" data-widget_type=\"image.default\">\n\t\t\t\t<div class=\"elementor-widget-container\">\n\t\t\t\t\t\t\t\t\t\t\t\t\t\t\t<img fetchpriority=\"high\" decoding=\"async\" width=\"1024\" height=\"576\" src=\"https:\/\/turkeyvipdesign.com\/wp-content\/uploads\/2025\/05\/Maybach-Vito-Vip-Dizayn-1024x576.jpg\" class=\"attachment-large size-large wp-image-6076\" alt=\"\" srcset=\"https:\/\/turkeyvipdesign.com\/wp-content\/uploads\/2025\/05\/Maybach-Vito-Vip-Dizayn-1024x576.jpg 1024w, https:\/\/turkeyvipdesign.com\/wp-content\/uploads\/2025\/05\/Maybach-Vito-Vip-Dizayn-300x169.jpg 300w, https:\/\/turkeyvipdesign.com\/wp-content\/uploads\/2025\/05\/Maybach-Vito-Vip-Dizayn-768x432.jpg 768w, https:\/\/turkeyvipdesign.com\/wp-content\/uploads\/2025\/05\/Maybach-Vito-Vip-Dizayn-1536x864.jpg 1536w, https:\/\/turkeyvipdesign.com\/wp-content\/uploads\/2025\/05\/Maybach-Vito-Vip-Dizayn.jpg 1920w\" sizes=\"(max-width: 1024px) 100vw, 1024px\" \/>\t\t\t\t\t\t\t\t\t\t\t\t\t\t\t<\/div>\n\t\t\t\t<\/div>\n\t\t\t\t<div class=\"elementor-element elementor-element-4101dde elementor-widget elementor-widget-text-editor\" data-id=\"4101dde\" data-element_type=\"widget\" data-widget_type=\"text-editor.default\">\n\t\t\t\t<div class=\"elementor-widget-container\">\n\t\t\t\t\t\t\t\t\t<p data-start=\"1457\" data-end=\"1768\">We carry out strict quality controls in the production and assembly processes in our projects in Istanbul. Our aim is to provide defect-free and high-performance solutions. We also use environmentally friendly materials and apply sustainable production techniques. We also fully comply with occupational health and safety rules.<\/p><p data-start=\"1770\" data-end=\"2169\"><a href=\"https:\/\/turkeyvipdesign.com\/en\/team\/\">Our team of experts<\/a>develop their knowledge and skills with regular trainings. In this way, we make maximum contribution to each project and maximize customer satisfaction. Turkey VIP adopts quality not only as a goal but also as a sustainable business culture. We continue to offer professional solutions that make a difference in the sector by combining aesthetics, technology, comfort and trust.<\/p><p data-start=\"2171\" data-end=\"2446\">As a result, we maintain our sector leadership with our innovative and high quality designs and continue to meet the expectations of our customers in the best way possible. Turkey VIP continues to work with determination to meet the mobility needs of the future today.<\/p><p data-start=\"2171\" data-end=\"2446\">Our Social Media Accounts: <a href=\"https:\/\/www.instagram.com\/turkeyvipdizayn\">Instagram<\/a> &#8211; <a href=\"https:\/\/www.youtube.com\/@TurkeyVipDesign\">YouTube<\/a><\/p>\t\t\t\t\t\t\t\t<\/div>\n\t\t\t\t<\/div>\n\t\t\t\t\t<\/div>\n\t\t\t\t<\/div>\n\t\t\t\t<\/div>","protected":false},"excerpt":{"rendered":"<p>[ TURKEY VIP DESIGN ] Kalite Politikas\u0131 Turkey VIP olarak, oto VIP dizayn, otomasyon ve elektrik-elektronik \u00e7\u00f6z\u00fcmlerinde y\u00fcksek teknoloji kullanarak kalite ve m\u00fckemmelli\u011fi her zaman \u00f6n planda tutuyoruz. Amac\u0131m\u0131z, her projede hem fonksiyonel hem de estetik a\u00e7\u0131dan \u00fcst\u00fcn VIP ara\u00e7 tasar\u0131mlar\u0131 geli\u015ftirerek sekt\u00f6rde \u00f6nc\u00fc ve g\u00fcvenilir bir marka olmakt\u0131r. Bu do\u011frultuda \u00e7al\u0131\u015fmalar\u0131m\u0131z\u0131 titizlikle s\u00fcrd\u00fcr\u00fcyoruz. M\u00fc\u015fterilerimizin [&hellip;]<\/p>","protected":false},"author":2,"featured_media":0,"parent":0,"menu_order":4,"comment_status":"closed","ping_status":"closed","template":"","meta":{"footnotes":""},"class_list":["post-5968","page","type-page","status-publish","hentry"],"yoast_head":"<!-- This site is optimized with the Yoast SEO Premium plugin v22.5 (Yoast SEO v25.9) - https:\/\/yoast.com\/wordpress\/plugins\/seo\/ -->\n<title>Kalite Politikas\u0131 | Turkey VIP Ara\u00e7 Dizayn \u2013 G\u00fcven ve Kalite<\/title>\n<meta name=\"description\" content=\"VIP ara\u00e7 tasar\u0131m\u0131nda kalite, \u00f6zen ve m\u00fc\u015fteri memnuniyeti. Turkey VIP Ara\u00e7 Dizayn\u2019\u0131n kalite politikas\u0131yla tan\u0131\u015f\u0131n.\" \/>\n<meta name=\"robots\" content=\"index, follow, max-snippet:-1, max-image-preview:large, max-video-preview:-1\" \/>\n<link rel=\"canonical\" href=\"https:\/\/turkeyvipdesign.com\/en\/quality-policy\/\" \/>\n<meta property=\"og:locale\" content=\"en_US\" \/>\n<meta property=\"og:type\" content=\"article\" \/>\n<meta property=\"og:title\" content=\"Kalite Politikas\u0131\" \/>\n<meta property=\"og:description\" content=\"VIP ara\u00e7 tasar\u0131m\u0131nda kalite, \u00f6zen ve m\u00fc\u015fteri memnuniyeti. Turkey VIP Ara\u00e7 Dizayn\u2019\u0131n kalite politikas\u0131yla tan\u0131\u015f\u0131n.\" \/>\n<meta property=\"og:url\" content=\"https:\/\/turkeyvipdesign.com\/en\/quality-policy\/\" \/>\n<meta property=\"og:site_name\" content=\"Vip Dizayn T\u00fcrkiye | L\u00fcx Vip Ara\u00e7 Dizayn\" \/>\n<meta property=\"article:modified_time\" content=\"2025-09-04T11:47:26+00:00\" \/>\n<meta property=\"og:image\" content=\"https:\/\/turkeyvipdesign.com\/wp-content\/uploads\/2025\/05\/Maybach-Vito-Vip-Dizayn-1024x576.jpg\" \/>\n<meta name=\"twitter:card\" content=\"summary_large_image\" \/>\n<meta name=\"twitter:label1\" content=\"Est. reading time\" \/>\n\t<meta name=\"twitter:data1\" content=\"2 minutes\" \/>\n<script type=\"application\/ld+json\" class=\"yoast-schema-graph\">{\"@context\":\"https:\/\/schema.org\",\"@graph\":[{\"@type\":\"WebPage\",\"@id\":\"https:\/\/turkeyvipdesign.com\/en\/quality-policy\/\",\"url\":\"https:\/\/turkeyvipdesign.com\/en\/quality-policy\/\",\"name\":\"Kalite Politikas\u0131 | Turkey VIP Ara\u00e7 Dizayn \u2013 G\u00fcven ve Kalite\",\"isPartOf\":{\"@id\":\"https:\/\/turkeyvipdesign.com\/#website\"},\"primaryImageOfPage\":{\"@id\":\"https:\/\/turkeyvipdesign.com\/en\/quality-policy\/#primaryimage\"},\"image\":{\"@id\":\"https:\/\/turkeyvipdesign.com\/en\/quality-policy\/#primaryimage\"},\"thumbnailUrl\":\"https:\/\/turkeyvipdesign.com\/wp-content\/uploads\/2025\/05\/Maybach-Vito-Vip-Dizayn-1024x576.jpg\",\"datePublished\":\"2025-05-20T23:49:13+00:00\",\"dateModified\":\"2025-09-04T11:47:26+00:00\",\"description\":\"VIP ara\u00e7 tasar\u0131m\u0131nda kalite, \u00f6zen ve m\u00fc\u015fteri memnuniyeti. Turkey VIP Ara\u00e7 Dizayn\u2019\u0131n kalite politikas\u0131yla tan\u0131\u015f\u0131n.\",\"breadcrumb\":{\"@id\":\"https:\/\/turkeyvipdesign.com\/en\/quality-policy\/#breadcrumb\"},\"inLanguage\":\"en-US\",\"potentialAction\":[{\"@type\":\"ReadAction\",\"target\":[\"https:\/\/turkeyvipdesign.com\/en\/quality-policy\/\"]}]},{\"@type\":\"ImageObject\",\"inLanguage\":\"en-US\",\"@id\":\"https:\/\/turkeyvipdesign.com\/en\/quality-policy\/#primaryimage\",\"url\":\"https:\/\/turkeyvipdesign.com\/wp-content\/uploads\/2025\/05\/Maybach-Vito-Vip-Dizayn-1024x576.jpg\",\"contentUrl\":\"https:\/\/turkeyvipdesign.com\/wp-content\/uploads\/2025\/05\/Maybach-Vito-Vip-Dizayn-1024x576.jpg\"},{\"@type\":\"BreadcrumbList\",\"@id\":\"https:\/\/turkeyvipdesign.com\/en\/quality-policy\/#breadcrumb\",\"itemListElement\":[{\"@type\":\"ListItem\",\"position\":1,\"name\":\"Anasayfa\",\"item\":\"https:\/\/turkeyvipdesign.com\/\"},{\"@type\":\"ListItem\",\"position\":2,\"name\":\"Kalite Politikas\u0131\"}]},{\"@type\":\"WebSite\",\"@id\":\"https:\/\/turkeyvipdesign.com\/#website\",\"url\":\"https:\/\/turkeyvipdesign.com\/\",\"name\":\"Vip Dizayn T\u00fcrkiye | L\u00fcx Vip Ara\u00e7 Dizayn\",\"description\":\"Konforun Zirvesi, Esteti\u011fin ve Kalitenin Merkezi.\",\"publisher\":{\"@id\":\"https:\/\/turkeyvipdesign.com\/#organization\"},\"alternateName\":\"dizayn vip\",\"potentialAction\":[{\"@type\":\"SearchAction\",\"target\":{\"@type\":\"EntryPoint\",\"urlTemplate\":\"https:\/\/turkeyvipdesign.com\/?s={search_term_string}\"},\"query-input\":{\"@type\":\"PropertyValueSpecification\",\"valueRequired\":true,\"valueName\":\"search_term_string\"}}],\"inLanguage\":\"en-US\"},{\"@type\":\"Organization\",\"@id\":\"https:\/\/turkeyvipdesign.com\/#organization\",\"name\":\"Vip Dizayn T\u00fcrkiye\",\"alternateName\":\"dizayn vip\",\"url\":\"https:\/\/turkeyvipdesign.com\/\",\"logo\":{\"@type\":\"ImageObject\",\"inLanguage\":\"en-US\",\"@id\":\"https:\/\/turkeyvipdesign.com\/#\/schema\/logo\/image\/\",\"url\":\"https:\/\/turkeyvipdesign.com\/wp-content\/uploads\/2025\/06\/logo-512.png\",\"contentUrl\":\"https:\/\/turkeyvipdesign.com\/wp-content\/uploads\/2025\/06\/logo-512.png\",\"width\":512,\"height\":512,\"caption\":\"Vip Dizayn T\u00fcrkiye\"},\"image\":{\"@id\":\"https:\/\/turkeyvipdesign.com\/#\/schema\/logo\/image\/\"},\"sameAs\":[\"https:\/\/www.instagram.com\/turkeyvipdizayn\/\"]}]}<\/script>\n<!-- \/ Yoast SEO Premium plugin. -->","yoast_head_json":{"title":"Quality Policy | Turkey VIP Vehicle Design - Trust and Quality","description":"Quality, care and customer satisfaction in VIP vehicle design. Meet the quality policy of Turkey VIP Vehicle Design.","robots":{"index":"index","follow":"follow","max-snippet":"max-snippet:-1","max-image-preview":"max-image-preview:large","max-video-preview":"max-video-preview:-1"},"canonical":"https:\/\/turkeyvipdesign.com\/en\/quality-policy\/","og_locale":"en_US","og_type":"article","og_title":"Kalite Politikas\u0131","og_description":"VIP ara\u00e7 tasar\u0131m\u0131nda kalite, \u00f6zen ve m\u00fc\u015fteri memnuniyeti. Turkey VIP Ara\u00e7 Dizayn\u2019\u0131n kalite politikas\u0131yla tan\u0131\u015f\u0131n.","og_url":"https:\/\/turkeyvipdesign.com\/en\/quality-policy\/","og_site_name":"Vip Dizayn T\u00fcrkiye | L\u00fcx Vip Ara\u00e7 Dizayn","article_modified_time":"2025-09-04T11:47:26+00:00","og_image":[{"url":"https:\/\/turkeyvipdesign.com\/wp-content\/uploads\/2025\/05\/Maybach-Vito-Vip-Dizayn-1024x576.jpg","type":"","width":"","height":""}],"twitter_card":"summary_large_image","twitter_misc":{"Est. reading time":"2 minutes"},"schema":{"@context":"https:\/\/schema.org","@graph":[{"@type":"WebPage","@id":"https:\/\/turkeyvipdesign.com\/en\/quality-policy\/","url":"https:\/\/turkeyvipdesign.com\/en\/quality-policy\/","name":"Quality Policy | Turkey VIP Vehicle Design - Trust and Quality","isPartOf":{"@id":"https:\/\/turkeyvipdesign.com\/#website"},"primaryImageOfPage":{"@id":"https:\/\/turkeyvipdesign.com\/en\/quality-policy\/#primaryimage"},"image":{"@id":"https:\/\/turkeyvipdesign.com\/en\/quality-policy\/#primaryimage"},"thumbnailUrl":"https:\/\/turkeyvipdesign.com\/wp-content\/uploads\/2025\/05\/Maybach-Vito-Vip-Dizayn-1024x576.jpg","datePublished":"2025-05-20T23:49:13+00:00","dateModified":"2025-09-04T11:47:26+00:00","description":"Quality, care and customer satisfaction in VIP vehicle design. Meet the quality policy of Turkey VIP Vehicle Design.","breadcrumb":{"@id":"https:\/\/turkeyvipdesign.com\/en\/quality-policy\/#breadcrumb"},"inLanguage":"en-US","potentialAction":[{"@type":"ReadAction","target":["https:\/\/turkeyvipdesign.com\/en\/quality-policy\/"]}]},{"@type":"ImageObject","inLanguage":"en-US","@id":"https:\/\/turkeyvipdesign.com\/en\/quality-policy\/#primaryimage","url":"https:\/\/turkeyvipdesign.com\/wp-content\/uploads\/2025\/05\/Maybach-Vito-Vip-Dizayn-1024x576.jpg","contentUrl":"https:\/\/turkeyvipdesign.com\/wp-content\/uploads\/2025\/05\/Maybach-Vito-Vip-Dizayn-1024x576.jpg"},{"@type":"BreadcrumbList","@id":"https:\/\/turkeyvipdesign.com\/en\/quality-policy\/#breadcrumb","itemListElement":[{"@type":"ListItem","position":1,"name":"Anasayfa","item":"https:\/\/turkeyvipdesign.com\/"},{"@type":"ListItem","position":2,"name":"Kalite Politikas\u0131"}]},{"@type":"WebSite","@id":"https:\/\/turkeyvipdesign.com\/#website","url":"https:\/\/turkeyvipdesign.com\/","name":"Vip Design Turkey | Luxury Vip Car Design","description":"The Summit of Comfort, Center of Aesthetics and Quality.","publisher":{"@id":"https:\/\/turkeyvipdesign.com\/#organization"},"alternateName":"dizayn vip","potentialAction":[{"@type":"SearchAction","target":{"@type":"EntryPoint","urlTemplate":"https:\/\/turkeyvipdesign.com\/?s={search_term_string}"},"query-input":{"@type":"PropertyValueSpecification","valueRequired":true,"valueName":"search_term_string"}}],"inLanguage":"en-US"},{"@type":"Organization","@id":"https:\/\/turkeyvipdesign.com\/#organization","name":"Vip Dizayn Turkey","alternateName":"dizayn vip","url":"https:\/\/turkeyvipdesign.com\/","logo":{"@type":"ImageObject","inLanguage":"en-US","@id":"https:\/\/turkeyvipdesign.com\/#\/schema\/logo\/image\/","url":"https:\/\/turkeyvipdesign.com\/wp-content\/uploads\/2025\/06\/logo-512.png","contentUrl":"https:\/\/turkeyvipdesign.com\/wp-content\/uploads\/2025\/06\/logo-512.png","width":512,"height":512,"caption":"Vip Dizayn T\u00fcrkiye"},"image":{"@id":"https:\/\/turkeyvipdesign.com\/#\/schema\/logo\/image\/"},"sameAs":["https:\/\/www.instagram.com\/turkeyvipdizayn\/"]}]}},"_links":{"self":[{"href":"https:\/\/turkeyvipdesign.com\/en\/wp-json\/wp\/v2\/pages\/5968","targetHints":{"allow":["GET"]}}],"collection":[{"href":"https:\/\/turkeyvipdesign.com\/en\/wp-json\/wp\/v2\/pages"}],"about":[{"href":"https:\/\/turkeyvipdesign.com\/en\/wp-json\/wp\/v2\/types\/page"}],"author":[{"embeddable":true,"href":"https:\/\/turkeyvipdesign.com\/en\/wp-json\/wp\/v2\/users\/2"}],"replies":[{"embeddable":true,"href":"https:\/\/turkeyvipdesign.com\/en\/wp-json\/wp\/v2\/comments?post=5968"}],"version-history":[{"count":60,"href":"https:\/\/turkeyvipdesign.com\/en\/wp-json\/wp\/v2\/pages\/5968\/revisions"}],"predecessor-version":[{"id":9071,"href":"https:\/\/turkeyvipdesign.com\/en\/wp-json\/wp\/v2\/pages\/5968\/revisions\/9071"}],"wp:attachment":[{"href":"https:\/\/turkeyvipdesign.com\/en\/wp-json\/wp\/v2\/media?parent=5968"}],"curies":[{"name":"wp","href":"https:\/\/api.w.org\/{rel}","templated":true}]}}