{"id":6101,"date":"2025-05-21T12:15:08","date_gmt":"2025-05-21T12:15:08","guid":{"rendered":"https:\/\/turkeyvipdesign.com\/?page_id=6101"},"modified":"2025-09-05T06:39:34","modified_gmt":"2025-09-05T06:39:34","slug":"volkswagen-vip-araclar","status":"publish","type":"page","link":"https:\/\/turkeyvipdesign.com\/en\/volkswagen-vip-vehicles\/","title":{"rendered":"Volkswagen Vip Vehicles"},"content":{"rendered":"<div data-elementor-type=\"wp-page\" data-elementor-id=\"6101\" class=\"elementor elementor-6101\">\n\t\t\t\t<div class=\"elementor-element elementor-element-825a413 e-flex e-con-boxed e-con e-parent\" data-id=\"825a413\" data-element_type=\"container\">\n\t\t\t\t\t<div class=\"e-con-inner\">\n\t\t\t\t<div class=\"elementor-element elementor-element-f35c4ea elementor-widget__width-inherit elementor-widget elementor-widget-text-editor\" data-id=\"f35c4ea\" data-element_type=\"widget\" data-widget_type=\"text-editor.default\">\n\t\t\t\t<div class=\"elementor-widget-container\">\n\t\t\t\t\t\t\t\t\t<h3 data-start=\"228\" data-end=\"256\"><strong data-start=\"232\" data-end=\"256\">Caravelle VIP Dizayn<\/strong><\/h3><p data-start=\"258\" data-end=\"649\">Turkey Vip, Volkswagen Caravelle modellerini \u00f6zel d\u00f6n\u00fc\u015f\u00fcm at\u00f6lyelerinde ba\u015ftan sona yeniden tasarlayarak \u015fehir i\u00e7i ula\u015f\u0131m ve i\u015f d\u00fcnyas\u0131na konforlu \u00e7\u00f6z\u00fcmler sunar. <strong data-start=\"421\" data-end=\"434\">Especially<\/strong> geni\u015f i\u00e7 hacmiyle \u00f6ne \u00e7\u0131kan bu ara\u00e7lar\u0131, y\u00fcksek kaliteli malzemelerle donat\u0131r ve VIP standartlar\u0131na uygun hale getirir. <strong data-start=\"555\" data-end=\"569\">Bu nedenle<\/strong>, Caravelle, l\u00fcks ta\u015f\u0131mac\u0131l\u0131kta en \u00e7ok tercih edilen modeller aras\u0131nda yer al\u0131r.<\/p><p data-start=\"651\" data-end=\"676\"><strong data-start=\"651\" data-end=\"676\">\u00d6ne \u00c7\u0131kan \u00d6zellikler:<\/strong><\/p><ul data-start=\"678\" data-end=\"799\"><li data-start=\"678\" data-end=\"705\"><p data-start=\"680\" data-end=\"705\">Geni\u015f oturma kapasitesi<\/p><\/li><li data-start=\"706\" data-end=\"731\"><p data-start=\"708\" data-end=\"731\">Hakiki deri koltuklar<\/p><\/li><li data-start=\"732\" data-end=\"765\"><p data-start=\"734\" data-end=\"765\">Multimedya e\u011flence sistemleri<\/p><\/li><li data-start=\"766\" data-end=\"799\"><p data-start=\"768\" data-end=\"799\">Geli\u015fmi\u015f g\u00fcvenlik donan\u0131mlar\u0131<\/p><\/li><\/ul><p data-start=\"801\" data-end=\"843\"><strong data-start=\"801\" data-end=\"819\">Fiyat Aral\u0131\u011f\u0131:<\/strong> 300.000 TL \u2013 800.000 TL<\/p><hr data-start=\"845\" data-end=\"848\" \/><h3 data-start=\"850\" data-end=\"877\"><strong data-start=\"854\" data-end=\"877\">Multivan VIP Dizayn<\/strong><\/h3><p data-start=\"879\" data-end=\"1253\">Volkswagen Multivan modellerini, Turkey Vip hem aile kullan\u0131m\u0131 hem de kurumsal ta\u015f\u0131mac\u0131l\u0131k i\u00e7in ki\u015fiye \u00f6zel \u00e7\u00f6z\u00fcmlerle donat\u0131r. <strong data-start=\"1007\" data-end=\"1017\">Also<\/strong>, teknolojik detaylara ve y\u00fcksek konfora \u00f6ncelik vererek, bu ara\u00e7lar\u0131 k\u0131sa \u015fehir i\u00e7i yolculuklardan uzun seyahatlere kadar her senaryoya uygun hale getirir. <strong data-start=\"1174\" data-end=\"1192\">In addition to this<\/strong>, esnek koltuk d\u00fczeni farkl\u0131 ihtiya\u00e7lara kolayca uyum sa\u011flar.<\/p><p data-start=\"1255\" data-end=\"1280\"><strong data-start=\"1255\" data-end=\"1280\">\u00d6ne \u00c7\u0131kan \u00d6zellikler:<\/strong><\/p><ul data-start=\"1282\" data-end=\"1429\"><li data-start=\"1282\" data-end=\"1309\"><p data-start=\"1284\" data-end=\"1309\">Hareketli koltuk d\u00fczeni<\/p><\/li><li data-start=\"1310\" data-end=\"1354\"><p data-start=\"1312\" data-end=\"1354\">Dokunmatik ekranl\u0131 bilgi-e\u011flence sistemi<\/p><\/li><li data-start=\"1355\" data-end=\"1401\"><p data-start=\"1357\" data-end=\"1401\">4MOTION d\u00f6rt tekerlekten \u00e7eki\u015f teknolojisi<\/p><\/li><li data-start=\"1402\" data-end=\"1429\"><p data-start=\"1404\" data-end=\"1429\">Geni\u015f motor se\u00e7enekleri<\/p><\/li><\/ul><p data-start=\"1431\" data-end=\"1473\"><strong data-start=\"1431\" data-end=\"1449\">Fiyat Aral\u0131\u011f\u0131:<\/strong> 200.000 TL \u2013 600.000 TL<\/p><hr data-start=\"1475\" data-end=\"1478\" \/><h3 data-start=\"1480\" data-end=\"1510\"><strong data-start=\"1484\" data-end=\"1510\">Transporter VIP Dizayn<\/strong><\/h3><p data-start=\"1512\" data-end=\"1837\">Turkey Vip, Volkswagen Transporter modellerini l\u00fcks bir anlay\u0131\u015fla yeniden yorumlayarak g\u00fcnl\u00fck ta\u015f\u0131mac\u0131l\u0131\u011fa \u00fcst d\u00fczey bir \u00e7\u00f6z\u00fcm sunar. <strong data-start=\"1646\" data-end=\"1661\">Bu ba\u011flamda<\/strong>, firmalar ve y\u00f6neticiler, bu \u00f6zel tasar\u0131mla prestijli bir imaj yarat\u0131r. <strong data-start=\"1734\" data-end=\"1747\">Especially<\/strong>, kurumsal kullan\u0131mda g\u00fc\u00e7l\u00fc bir ilk izlenim b\u0131rakmak isteyenler i\u00e7in ideal bir se\u00e7enektir.<\/p><p data-start=\"1839\" data-end=\"1864\"><strong data-start=\"1839\" data-end=\"1864\">\u00d6ne \u00c7\u0131kan \u00d6zellikler:<\/strong><\/p><ul data-start=\"1866\" data-end=\"1989\"><li data-start=\"1866\" data-end=\"1892\"><p data-start=\"1868\" data-end=\"1892\">Geni\u015f bagaj kapasitesi<\/p><\/li><li data-start=\"1893\" data-end=\"1926\"><p data-start=\"1895\" data-end=\"1926\">Deri d\u00f6\u015feme ve \u00f6zel koltuklar<\/p><\/li><li data-start=\"1927\" data-end=\"1961\"><p data-start=\"1929\" data-end=\"1961\">Geni\u015f ekran e\u011flence sistemleri<\/p><\/li><li data-start=\"1962\" data-end=\"1989\"><p data-start=\"1964\" data-end=\"1989\">Bireysel klima kontrol\u00fc<\/p><\/li><\/ul><p data-start=\"1991\" data-end=\"2033\"><strong data-start=\"1991\" data-end=\"2009\">Fiyat Aral\u0131\u011f\u0131:<\/strong> 250.000 TL \u2013 450.000 TL<\/p><hr data-start=\"2035\" data-end=\"2038\" \/><h3 data-start=\"2040\" data-end=\"2066\"><strong data-start=\"2044\" data-end=\"2066\">Crafter VIP Dizayn<\/strong><\/h3><p data-start=\"2068\" data-end=\"2415\">Turkey Vip, Volkswagen Crafter modellerini uzun yolculuklar ve kalabal\u0131k VIP gruplar i\u00e7in konforlu hale getirir. <strong data-start=\"2181\" data-end=\"2201\">Bununla birlikte<\/strong>, y\u00fcksek tavan ve geni\u015f i\u00e7 alan sayesinde bu ara\u00e7lar, protokol ta\u015f\u0131mac\u0131l\u0131\u011f\u0131 ve l\u00fcks transfer hizmetlerinde s\u0131k\u00e7a tercih edilir. <strong data-start=\"2329\" data-end=\"2340\">Moreover<\/strong>, m\u00fc\u015fteriler i\u00e7 tasar\u0131m\u0131 tamamen ki\u015fisel zevklerine g\u00f6re \u015fekillendirebilir.<\/p><p data-start=\"2417\" data-end=\"2442\"><strong data-start=\"2417\" data-end=\"2442\">\u00d6ne \u00c7\u0131kan \u00d6zellikler:<\/strong><\/p><ul data-start=\"2444\" data-end=\"2586\"><li data-start=\"2444\" data-end=\"2478\"><p data-start=\"2446\" data-end=\"2478\">Geni\u015f i\u00e7 mekan ve y\u00fcksek tavan<\/p><\/li><li data-start=\"2479\" data-end=\"2511\"><p data-start=\"2481\" data-end=\"2511\">Ki\u015fiye \u00f6zel koltuk yerle\u015fimi<\/p><\/li><li data-start=\"2512\" data-end=\"2542\"><p data-start=\"2514\" data-end=\"2542\">Ak\u0131ll\u0131 g\u00fcvenlik sistemleri<\/p><\/li><li data-start=\"2543\" data-end=\"2586\"><p data-start=\"2545\" data-end=\"2586\">Tamamen ki\u015fiselle\u015ftirilebilir i\u00e7 dizayn<\/p><\/li><\/ul><p data-start=\"2588\" data-end=\"2630\"><strong data-start=\"2588\" data-end=\"2606\">Fiyat Aral\u0131\u011f\u0131:<\/strong> 450.000 TL \u2013 700.000 TL<\/p><hr data-start=\"2632\" data-end=\"2635\" \/><h3 data-start=\"2637\" data-end=\"2681\"><strong data-start=\"2641\" data-end=\"2681\">Volkswagen VIP Ara\u00e7 Dizayn Fiyatlar\u0131<\/strong><\/h3><p data-start=\"2683\" data-end=\"2873\">Turkey Vip, her m\u00fc\u015fteriye \u00f6zel VIP d\u00f6n\u00fc\u015f\u00fcm hizmeti sunar. <strong data-start=\"2741\" data-end=\"2756\">Therefore<\/strong>, fiyatlar; se\u00e7ilen ara\u00e7 modeli, kullan\u0131lan malzeme kalitesi ve yap\u0131lan ki\u015fiselle\u015ftirmelere g\u00f6re de\u011fi\u015fiklik g\u00f6sterir.<\/p><p data-start=\"2875\" data-end=\"2918\"><strong data-start=\"2875\" data-end=\"2918\">Fiyatlar\u0131 Belirleyen Ba\u015fl\u0131ca Fakt\u00f6rler:<\/strong><\/p><ul data-start=\"2920\" data-end=\"3488\"><li data-start=\"2920\" data-end=\"3037\"><p data-start=\"2922\" data-end=\"3037\"><strong data-start=\"2922\" data-end=\"2938\">Ara\u00e7 modeli:<\/strong> Caravelle, Multivan, Transporter ve Crafter gibi modeller, farkl\u0131 boyut ve donan\u0131mlara sahiptir.<\/p><\/li><li data-start=\"3038\" data-end=\"3176\"><p data-start=\"3040\" data-end=\"3176\"><strong data-start=\"3040\" data-end=\"3059\">VIP donan\u0131mlar:<\/strong> Deri koltuklar, LED ayd\u0131nlatmalar, buzdolab\u0131, masa ve \u0131s\u0131tmal\u0131-so\u011futmal\u0131 koltuklar gibi eklentiler fiyat\u0131 art\u0131r\u0131r.<\/p><\/li><li data-start=\"3177\" data-end=\"3296\"><p data-start=\"3179\" data-end=\"3296\"><strong data-start=\"3179\" data-end=\"3194\">\u0130\u00e7 tasar\u0131m:<\/strong> Koltuk yerle\u015fimi, d\u00f6\u015feme malzemesi, ekran sistemleri ve teknolojik entegrasyonlar maliyeti etkiler.<\/p><\/li><li data-start=\"3297\" data-end=\"3402\"><p data-start=\"3299\" data-end=\"3402\"><strong data-start=\"3299\" data-end=\"3315\">D\u0131\u015f tasar\u0131m:<\/strong> Cam karartma, \u00f6zel jantlar veya \u00f6zel boya uygulamalar\u0131 toplam fiyat\u0131 de\u011fi\u015ftirebilir.<\/p><\/li><li data-start=\"3403\" data-end=\"3488\"><p data-start=\"3405\" data-end=\"3488\"><strong data-start=\"3405\" data-end=\"3434\">Vergi ve yasal masraflar:<\/strong> \u00d6TV gibi y\u00fck\u00fcml\u00fcl\u00fckler nihai fiyat\u0131 do\u011frudan etkiler.<\/p><\/li><\/ul><hr data-start=\"3490\" data-end=\"3493\" \/><h3 data-start=\"3495\" data-end=\"3520\"><strong data-start=\"3499\" data-end=\"3520\">Why Turkey Vip?<\/strong><\/h3><p data-start=\"3522\" data-end=\"3849\">Turkey Vip, uzman kadrosuyla, kaliteli malzeme kullan\u0131m\u0131yla ve teknoloji odakl\u0131 \u00e7\u00f6z\u00fcmleriyle VIP ara\u00e7 d\u00f6n\u00fc\u015f\u00fcm\u00fcnde sekt\u00f6re y\u00f6n verir. <strong data-start=\"3655\" data-end=\"3674\">Her \u015feyden \u00f6nce<\/strong>, m\u00fc\u015fteri beklentilerini analiz eder ve her projede \u00f6zel, yarat\u0131c\u0131 ve i\u015flevsel \u00e7\u00f6z\u00fcmler sunar. <strong data-start=\"3769\" data-end=\"3785\">As a result<\/strong>, sadece bir ara\u00e7 de\u011fil, ayn\u0131 zamanda \u00f6zel bir deneyim tasarlar.<\/p><p data-start=\"3851\" data-end=\"4011\"><strong data-start=\"3851\" data-end=\"3861\">Also<\/strong>, dilerseniz s\u0131f\u0131r Volkswagen ara\u00e7 fiyatlar\u0131 i\u00e7in Volkswagen Resmi Fiyat Listesi sayfas\u0131n\u0131 da ziyaret edebilirsiniz.<\/p>\t\t\t\t\t\t\t\t<\/div>\n\t\t\t\t<\/div>\n\t\t\t\t\t<\/div>\n\t\t\t\t<\/div>\n\t\t<div class=\"elementor-element elementor-element-88e35a4 e-flex e-con-boxed e-con e-parent\" data-id=\"88e35a4\" data-element_type=\"container\">\n\t\t\t\t\t<div class=\"e-con-inner\">\n\t\t\t\t<div class=\"elementor-element elementor-element-8d47d7a elementor-widget elementor-widget-html\" data-id=\"8d47d7a\" data-element_type=\"widget\" data-widget_type=\"html.default\">\n\t\t\t\t<div class=\"elementor-widget-container\">\n\t\t\t\t\t[bdpp_tmpl layout_id=\"8210\"]\t\t\t\t<\/div>\n\t\t\t\t<\/div>\n\t\t\t\t\t<\/div>\n\t\t\t\t<\/div>\n\t\t\t\t<\/div>","protected":false},"excerpt":{"rendered":"<p>Caravelle VIP Dizayn Turkey Vip, Volkswagen Caravelle modellerini \u00f6zel d\u00f6n\u00fc\u015f\u00fcm at\u00f6lyelerinde ba\u015ftan sona yeniden tasarlayarak \u015fehir i\u00e7i ula\u015f\u0131m ve i\u015f d\u00fcnyas\u0131na konforlu \u00e7\u00f6z\u00fcmler sunar. \u00d6zellikle geni\u015f i\u00e7 hacmiyle \u00f6ne \u00e7\u0131kan bu ara\u00e7lar\u0131, y\u00fcksek kaliteli malzemelerle donat\u0131r ve VIP standartlar\u0131na uygun hale getirir. Bu nedenle, Caravelle, l\u00fcks ta\u015f\u0131mac\u0131l\u0131kta en \u00e7ok tercih edilen modeller aras\u0131nda yer al\u0131r. [&hellip;]<\/p>","protected":false},"author":2,"featured_media":0,"parent":0,"menu_order":16,"comment_status":"closed","ping_status":"closed","template":"","meta":{"footnotes":""},"class_list":["post-6101","page","type-page","status-publish","hentry"],"yoast_head":"<!-- This site is optimized with the Yoast SEO Premium plugin v22.5 (Yoast SEO v25.9) - https:\/\/yoast.com\/wordpress\/plugins\/seo\/ -->\n<title>Turkey VIP | Volkswagen Caravelle Transporter D\u00f6n\u00fc\u015f\u00fcm Tasar\u0131m<\/title>\n<meta name=\"description\" content=\"Volkswagen VIP ara\u00e7 dizayn\u0131nda uzman Turkey VIP, Caravelle, Transporter modellerine \u00f6zel i\u00e7 tasar\u0131m ve donan\u0131m \u00e7\u00f6z\u00fcmleri sunar.\" \/>\n<meta name=\"robots\" content=\"index, follow, max-snippet:-1, max-image-preview:large, max-video-preview:-1\" \/>\n<link rel=\"canonical\" href=\"https:\/\/turkeyvipdesign.com\/en\/volkswagen-vip-vehicles\/\" \/>\n<meta property=\"og:locale\" content=\"en_US\" \/>\n<meta property=\"og:type\" content=\"article\" \/>\n<meta property=\"og:title\" content=\"Volkswagen Vip Ara\u00e7lar\" \/>\n<meta property=\"og:description\" content=\"Volkswagen VIP ara\u00e7 dizayn\u0131nda uzman Turkey VIP, Caravelle, Transporter modellerine \u00f6zel i\u00e7 tasar\u0131m ve donan\u0131m \u00e7\u00f6z\u00fcmleri sunar.\" \/>\n<meta property=\"og:url\" content=\"https:\/\/turkeyvipdesign.com\/en\/volkswagen-vip-vehicles\/\" \/>\n<meta property=\"og:site_name\" content=\"Vip Dizayn T\u00fcrkiye | L\u00fcx Vip Ara\u00e7 Dizayn\" \/>\n<meta property=\"article:modified_time\" content=\"2025-09-05T06:39:34+00:00\" \/>\n<meta property=\"og:image\" content=\"https:\/\/turkeyvipdesign.com\/wp-content\/uploads\/2025\/06\/vip-turkey.jpg\" \/>\n\t<meta property=\"og:image:width\" content=\"800\" \/>\n\t<meta property=\"og:image:height\" content=\"500\" \/>\n\t<meta property=\"og:image:type\" content=\"image\/jpeg\" \/>\n<meta name=\"twitter:card\" content=\"summary_large_image\" \/>\n<meta name=\"twitter:label1\" content=\"Est. reading time\" \/>\n\t<meta name=\"twitter:data1\" content=\"3 minutes\" \/>\n<script type=\"application\/ld+json\" class=\"yoast-schema-graph\">{\"@context\":\"https:\/\/schema.org\",\"@graph\":[{\"@type\":\"WebPage\",\"@id\":\"https:\/\/turkeyvipdesign.com\/volkswagen-vip-araclar\/\",\"url\":\"https:\/\/turkeyvipdesign.com\/volkswagen-vip-araclar\/\",\"name\":\"Turkey VIP | Volkswagen Caravelle Transporter D\u00f6n\u00fc\u015f\u00fcm Tasar\u0131m\",\"isPartOf\":{\"@id\":\"https:\/\/turkeyvipdesign.com\/#website\"},\"datePublished\":\"2025-05-21T12:15:08+00:00\",\"dateModified\":\"2025-09-05T06:39:34+00:00\",\"description\":\"Volkswagen VIP ara\u00e7 dizayn\u0131nda uzman Turkey VIP, Caravelle, Transporter modellerine \u00f6zel i\u00e7 tasar\u0131m ve donan\u0131m \u00e7\u00f6z\u00fcmleri sunar.\",\"breadcrumb\":{\"@id\":\"https:\/\/turkeyvipdesign.com\/volkswagen-vip-araclar\/#breadcrumb\"},\"inLanguage\":\"en-US\",\"potentialAction\":[{\"@type\":\"ReadAction\",\"target\":[\"https:\/\/turkeyvipdesign.com\/volkswagen-vip-araclar\/\"]}]},{\"@type\":\"BreadcrumbList\",\"@id\":\"https:\/\/turkeyvipdesign.com\/volkswagen-vip-araclar\/#breadcrumb\",\"itemListElement\":[{\"@type\":\"ListItem\",\"position\":1,\"name\":\"Anasayfa\",\"item\":\"https:\/\/turkeyvipdesign.com\/\"},{\"@type\":\"ListItem\",\"position\":2,\"name\":\"Volkswagen Vip Ara\u00e7lar\"}]},{\"@type\":\"WebSite\",\"@id\":\"https:\/\/turkeyvipdesign.com\/#website\",\"url\":\"https:\/\/turkeyvipdesign.com\/\",\"name\":\"Vip Dizayn T\u00fcrkiye | L\u00fcx Vip Ara\u00e7 Dizayn\",\"description\":\"Konforun Zirvesi, Esteti\u011fin ve Kalitenin Merkezi.\",\"publisher\":{\"@id\":\"https:\/\/turkeyvipdesign.com\/#organization\"},\"alternateName\":\"dizayn vip\",\"potentialAction\":[{\"@type\":\"SearchAction\",\"target\":{\"@type\":\"EntryPoint\",\"urlTemplate\":\"https:\/\/turkeyvipdesign.com\/?s={search_term_string}\"},\"query-input\":{\"@type\":\"PropertyValueSpecification\",\"valueRequired\":true,\"valueName\":\"search_term_string\"}}],\"inLanguage\":\"en-US\"},{\"@type\":\"Organization\",\"@id\":\"https:\/\/turkeyvipdesign.com\/#organization\",\"name\":\"Vip Dizayn T\u00fcrkiye\",\"alternateName\":\"dizayn vip\",\"url\":\"https:\/\/turkeyvipdesign.com\/\",\"logo\":{\"@type\":\"ImageObject\",\"inLanguage\":\"en-US\",\"@id\":\"https:\/\/turkeyvipdesign.com\/#\/schema\/logo\/image\/\",\"url\":\"https:\/\/turkeyvipdesign.com\/wp-content\/uploads\/2025\/06\/logo-512.png\",\"contentUrl\":\"https:\/\/turkeyvipdesign.com\/wp-content\/uploads\/2025\/06\/logo-512.png\",\"width\":512,\"height\":512,\"caption\":\"Vip Dizayn T\u00fcrkiye\"},\"image\":{\"@id\":\"https:\/\/turkeyvipdesign.com\/#\/schema\/logo\/image\/\"},\"sameAs\":[\"https:\/\/www.instagram.com\/turkeyvipdizayn\/\"]}]}<\/script>\n<!-- \/ Yoast SEO Premium plugin. -->","yoast_head_json":{"title":"Turkey VIP | Volkswagen Caravelle Transporter D\u00f6n\u00fc\u015f\u00fcm Tasar\u0131m","description":"Volkswagen VIP ara\u00e7 dizayn\u0131nda uzman Turkey VIP, Caravelle, Transporter modellerine \u00f6zel i\u00e7 tasar\u0131m ve donan\u0131m \u00e7\u00f6z\u00fcmleri sunar.","robots":{"index":"index","follow":"follow","max-snippet":"max-snippet:-1","max-image-preview":"max-image-preview:large","max-video-preview":"max-video-preview:-1"},"canonical":"https:\/\/turkeyvipdesign.com\/en\/volkswagen-vip-vehicles\/","og_locale":"en_US","og_type":"article","og_title":"Volkswagen Vip Ara\u00e7lar","og_description":"Volkswagen VIP ara\u00e7 dizayn\u0131nda uzman Turkey VIP, Caravelle, Transporter modellerine \u00f6zel i\u00e7 tasar\u0131m ve donan\u0131m \u00e7\u00f6z\u00fcmleri sunar.","og_url":"https:\/\/turkeyvipdesign.com\/en\/volkswagen-vip-vehicles\/","og_site_name":"Vip Dizayn T\u00fcrkiye | L\u00fcx Vip Ara\u00e7 Dizayn","article_modified_time":"2025-09-05T06:39:34+00:00","og_image":[{"width":800,"height":500,"url":"https:\/\/turkeyvipdesign.com\/wp-content\/uploads\/2025\/06\/vip-turkey.jpg","type":"image\/jpeg"}],"twitter_card":"summary_large_image","twitter_misc":{"Est. reading time":"3 minutes"},"schema":{"@context":"https:\/\/schema.org","@graph":[{"@type":"WebPage","@id":"https:\/\/turkeyvipdesign.com\/volkswagen-vip-araclar\/","url":"https:\/\/turkeyvipdesign.com\/volkswagen-vip-araclar\/","name":"Turkey VIP | Volkswagen Caravelle Transporter D\u00f6n\u00fc\u015f\u00fcm Tasar\u0131m","isPartOf":{"@id":"https:\/\/turkeyvipdesign.com\/#website"},"datePublished":"2025-05-21T12:15:08+00:00","dateModified":"2025-09-05T06:39:34+00:00","description":"Volkswagen VIP ara\u00e7 dizayn\u0131nda uzman Turkey VIP, Caravelle, Transporter modellerine \u00f6zel i\u00e7 tasar\u0131m ve donan\u0131m \u00e7\u00f6z\u00fcmleri sunar.","breadcrumb":{"@id":"https:\/\/turkeyvipdesign.com\/volkswagen-vip-araclar\/#breadcrumb"},"inLanguage":"en-US","potentialAction":[{"@type":"ReadAction","target":["https:\/\/turkeyvipdesign.com\/volkswagen-vip-araclar\/"]}]},{"@type":"BreadcrumbList","@id":"https:\/\/turkeyvipdesign.com\/volkswagen-vip-araclar\/#breadcrumb","itemListElement":[{"@type":"ListItem","position":1,"name":"Anasayfa","item":"https:\/\/turkeyvipdesign.com\/"},{"@type":"ListItem","position":2,"name":"Volkswagen Vip Ara\u00e7lar"}]},{"@type":"WebSite","@id":"https:\/\/turkeyvipdesign.com\/#website","url":"https:\/\/turkeyvipdesign.com\/","name":"Vip Design Turkey | Luxury Vip Car Design","description":"The Summit of Comfort, Center of Aesthetics and Quality.","publisher":{"@id":"https:\/\/turkeyvipdesign.com\/#organization"},"alternateName":"dizayn vip","potentialAction":[{"@type":"SearchAction","target":{"@type":"EntryPoint","urlTemplate":"https:\/\/turkeyvipdesign.com\/?s={search_term_string}"},"query-input":{"@type":"PropertyValueSpecification","valueRequired":true,"valueName":"search_term_string"}}],"inLanguage":"en-US"},{"@type":"Organization","@id":"https:\/\/turkeyvipdesign.com\/#organization","name":"Vip Dizayn Turkey","alternateName":"dizayn vip","url":"https:\/\/turkeyvipdesign.com\/","logo":{"@type":"ImageObject","inLanguage":"en-US","@id":"https:\/\/turkeyvipdesign.com\/#\/schema\/logo\/image\/","url":"https:\/\/turkeyvipdesign.com\/wp-content\/uploads\/2025\/06\/logo-512.png","contentUrl":"https:\/\/turkeyvipdesign.com\/wp-content\/uploads\/2025\/06\/logo-512.png","width":512,"height":512,"caption":"Vip Dizayn T\u00fcrkiye"},"image":{"@id":"https:\/\/turkeyvipdesign.com\/#\/schema\/logo\/image\/"},"sameAs":["https:\/\/www.instagram.com\/turkeyvipdizayn\/"]}]}},"_links":{"self":[{"href":"https:\/\/turkeyvipdesign.com\/en\/wp-json\/wp\/v2\/pages\/6101","targetHints":{"allow":["GET"]}}],"collection":[{"href":"https:\/\/turkeyvipdesign.com\/en\/wp-json\/wp\/v2\/pages"}],"about":[{"href":"https:\/\/turkeyvipdesign.com\/en\/wp-json\/wp\/v2\/types\/page"}],"author":[{"embeddable":true,"href":"https:\/\/turkeyvipdesign.com\/en\/wp-json\/wp\/v2\/users\/2"}],"replies":[{"embeddable":true,"href":"https:\/\/turkeyvipdesign.com\/en\/wp-json\/wp\/v2\/comments?post=6101"}],"version-history":[{"count":68,"href":"https:\/\/turkeyvipdesign.com\/en\/wp-json\/wp\/v2\/pages\/6101\/revisions"}],"predecessor-version":[{"id":9268,"href":"https:\/\/turkeyvipdesign.com\/en\/wp-json\/wp\/v2\/pages\/6101\/revisions\/9268"}],"wp:attachment":[{"href":"https:\/\/turkeyvipdesign.com\/en\/wp-json\/wp\/v2\/media?parent=6101"}],"curies":[{"name":"wp","href":"https:\/\/api.w.org\/{rel}","templated":true}]}}