{"id":6402,"date":"2025-05-28T08:01:51","date_gmt":"2025-05-28T08:01:51","guid":{"rendered":"https:\/\/turkeyvipdesign.com\/?page_id=6402"},"modified":"2025-09-05T07:18:12","modified_gmt":"2025-09-05T07:18:12","slug":"hyundai-vip-araclar","status":"publish","type":"page","link":"https:\/\/turkeyvipdesign.com\/en\/hyundai-vip-vehicles\/","title":{"rendered":"Hyundai VIP Vehicles"},"content":{"rendered":"<div data-elementor-type=\"wp-page\" data-elementor-id=\"6402\" class=\"elementor elementor-6402\">\n\t\t\t\t<div class=\"elementor-element elementor-element-57907f6 e-flex e-con-boxed e-con e-parent\" data-id=\"57907f6\" data-element_type=\"container\">\n\t\t\t\t\t<div class=\"e-con-inner\">\n\t\t\t\t<div class=\"elementor-element elementor-element-fccde3e elementor-widget__width-inherit elementor-widget elementor-widget-text-editor\" data-id=\"fccde3e\" data-element_type=\"widget\" data-widget_type=\"text-editor.default\">\n\t\t\t\t<div class=\"elementor-widget-container\">\n\t\t\t\t\t\t\t\t\t<h2 data-start=\"420\" data-end=\"479\">Hyundai Staria VIP: L\u00fcks, Teknoloji ve Konfor Tek Ara\u00e7ta<\/h2><p data-start=\"481\" data-end=\"737\">Hyundai, Staria modelini VIP d\u00f6n\u00fc\u015f\u00fcmlerle yeniden tasarlayarak, l\u00fcks minib\u00fcs segmentinde fark yarat\u0131yor. Bu ara\u00e7, yaln\u0131zca ta\u015f\u0131ma i\u015fleviyle s\u0131n\u0131rl\u0131 kalm\u0131yor. Ayn\u0131 zamanda, sundu\u011fu y\u00fcksek konfor ve ileri teknoloji sayesinde mobil ya\u015fam alan\u0131 haline geliyor.<\/p><p data-start=\"739\" data-end=\"948\">\u00d6zellikle \u015fehir i\u00e7i VIP ula\u015f\u0131m hizmetlerinde ve bireysel kullan\u0131mlarda kullan\u0131c\u0131 beklentilerini fazlas\u0131yla kar\u015f\u0131l\u0131yor. Bu nedenle, hem ticari hem de \u00f6zel kullan\u0131c\u0131lar Staria VIP modeline yo\u011fun ilgi g\u00f6steriyor.<\/p><hr data-start=\"950\" data-end=\"953\" \/><h3 data-start=\"955\" data-end=\"992\">Donan\u0131ma G\u00f6re Esnek Fiyatland\u0131rma<\/h3><p data-start=\"994\" data-end=\"1135\">Hyundai Staria VIP\u2019in fiyatlar\u0131 sabit de\u011fildir. Aksine, tercih edilen i\u00e7 dizayn ve donan\u0131m seviyesine g\u00f6re \u00f6nemli \u00f6l\u00e7\u00fcde de\u011fi\u015fiklik g\u00f6sterir.<\/p><p data-start=\"1137\" data-end=\"1145\">\u00d6rne\u011fin:<\/p><ul data-start=\"1147\" data-end=\"1302\"><li data-start=\"1147\" data-end=\"1229\"><p data-start=\"1149\" data-end=\"1229\">Standart VIP d\u00f6n\u00fc\u015f\u00fcmle haz\u0131rlanan modeller yakla\u015f\u0131k <strong data-start=\"1201\" data-end=\"1215\">150.000 TL<\/strong> ile ba\u015flar.<\/p><\/li><li data-start=\"1230\" data-end=\"1302\"><p data-start=\"1232\" data-end=\"1302\">Ancak, ultra l\u00fcks paketlerde fiyat <strong data-start=\"1267\" data-end=\"1290\">700.000 TL\u2019ye kadar<\/strong> ula\u015fabilir.<\/p><\/li><\/ul><p data-start=\"1304\" data-end=\"1513\">Bu fark\u0131n temel nedeni; kullan\u0131lan malzeme kalitesi, eklenen teknolojik sistemler ve yap\u0131lan ki\u015fiselle\u015ftirme d\u00fczeyidir. Bu y\u00fczden kullan\u0131c\u0131lar, ihtiya\u00e7lar\u0131na en uygun \u00e7\u00f6z\u00fcm\u00fc b\u00fct\u00e7elerine g\u00f6re belirleyebilirler.<\/p>\t\t\t\t\t\t\t\t<\/div>\n\t\t\t\t<\/div>\n\t\t\t\t\t<\/div>\n\t\t\t\t<\/div>\n\t\t<div class=\"elementor-element elementor-element-b8d0cb3 e-flex e-con-boxed e-con e-parent\" data-id=\"b8d0cb3\" data-element_type=\"container\">\n\t\t\t\t\t<div class=\"e-con-inner\">\n\t\t\t\t<div class=\"elementor-element elementor-element-576a531 elementor-widget elementor-widget-video\" data-id=\"576a531\" data-element_type=\"widget\" data-settings=\"{&quot;youtube_url&quot;:&quot;https:\\\/\\\/www.youtube.com\\\/watch?v=M6qC32IhTa8&quot;,&quot;video_type&quot;:&quot;youtube&quot;,&quot;controls&quot;:&quot;yes&quot;}\" data-widget_type=\"video.default\">\n\t\t\t\t<div class=\"elementor-widget-container\">\n\t\t\t\t\t\t\t<div class=\"elementor-wrapper elementor-open-inline\">\n\t\t\t<div class=\"elementor-video\"><\/div>\t\t<\/div>\n\t\t\t\t\t\t<\/div>\n\t\t\t\t<\/div>\n\t\t\t\t\t<\/div>\n\t\t\t\t<\/div>\n\t\t<div class=\"elementor-element elementor-element-e0eeb14 e-flex e-con-boxed e-con e-parent\" data-id=\"e0eeb14\" data-element_type=\"container\">\n\t\t\t\t\t<div class=\"e-con-inner\">\n\t\t\t\t<div class=\"elementor-element elementor-element-2883a66 elementor-widget__width-inherit elementor-widget elementor-widget-text-editor\" data-id=\"2883a66\" data-element_type=\"widget\" data-widget_type=\"text-editor.default\">\n\t\t\t\t<div class=\"elementor-widget-container\">\n\t\t\t\t\t\t\t\t\t<h3 data-start=\"1520\" data-end=\"1574\">Donan\u0131m \u00d6zellikleri: Konfor ve Teknoloji Bir Arada<\/h3><p data-start=\"1576\" data-end=\"1772\">Hyundai, VIP d\u00f6n\u00fc\u015f\u00fcm s\u00fcrecinde her ayr\u0131nt\u0131y\u0131 kullan\u0131c\u0131 deneyimi odakl\u0131 planlad\u0131. Bu nedenle, ara\u00e7ta yer alan t\u00fcm sistemler hem i\u015flevsel hem de estetik katk\u0131 sa\u011flar. \u0130\u015fte bu \u00f6zelliklerden baz\u0131lar\u0131:<\/p><h4 data-start=\"1774\" data-end=\"1806\">1. Oturma ve Konfor Sistemi<\/h4><p data-start=\"1808\" data-end=\"1874\">Staria VIP\u2019te konforlu bir seyahat \u00f6ncelik ta\u015f\u0131yor. Bundan dolay\u0131:<\/p><ul data-start=\"1876\" data-end=\"2069\"><li data-start=\"1876\" data-end=\"1920\"><p data-start=\"1878\" data-end=\"1920\">Koltuklar <strong data-start=\"1888\" data-end=\"1902\">Nappa deri<\/strong> ile kaplan\u0131yor.<\/p><\/li><li data-start=\"1921\" data-end=\"1982\"><p data-start=\"1923\" data-end=\"1982\">Kullan\u0131c\u0131, koltu\u011fu <strong data-start=\"1942\" data-end=\"1979\">elektrikli olarak ayarlayabiliyor<\/strong>.<\/p><\/li><li data-start=\"1983\" data-end=\"2069\"><p data-start=\"1985\" data-end=\"2069\">Is\u0131tma, so\u011futma ve <strong data-start=\"2004\" data-end=\"2025\">masaj \u00f6zellikleri<\/strong> sayesinde her mevsimde rahatl\u0131k sa\u011flan\u0131yor.<\/p><\/li><\/ul><h4 data-start=\"2071\" data-end=\"2103\">2. \u00c7al\u0131\u015fma ve E\u011flence Alan\u0131<\/h4><p data-start=\"2105\" data-end=\"2217\">Yolculuk s\u0131ras\u0131nda \u00e7al\u0131\u015fmak ya da dinlenmek isteyen kullan\u0131c\u0131lar i\u00e7in Staria VIP ideal bir ortam sunuyor. \u00c7\u00fcnk\u00fc:<\/p><ul data-start=\"2219\" data-end=\"2486\"><li data-start=\"2219\" data-end=\"2278\"><p data-start=\"2221\" data-end=\"2278\"><strong data-start=\"2221\" data-end=\"2242\">32 in\u00e7 Android TV<\/strong>, mobil sinema deneyimi ya\u015fat\u0131yor.<\/p><\/li><li data-start=\"2279\" data-end=\"2343\"><p data-start=\"2281\" data-end=\"2343\"><strong data-start=\"2281\" data-end=\"2313\">Katlanabilir elektrikli masa<\/strong>, \u00e7al\u0131\u015fmay\u0131 kolayla\u015ft\u0131r\u0131yor.<\/p><\/li><li data-start=\"2344\" data-end=\"2402\"><p data-start=\"2346\" data-end=\"2402\"><strong data-start=\"2346\" data-end=\"2365\">5.1 ses sistemi<\/strong>, m\u00fczik keyfini \u00fcst d\u00fczeye ta\u015f\u0131yor.<\/p><\/li><li data-start=\"2403\" data-end=\"2486\"><p data-start=\"2405\" data-end=\"2486\">Ayr\u0131ca, RGB ayd\u0131nlatma sistemi sayesinde ortam \u0131\u015f\u0131\u011f\u0131 iste\u011fe g\u00f6re ayarlanabiliyor.<\/p><\/li><\/ul><h4 data-start=\"2488\" data-end=\"2516\">3. Ba\u011flant\u0131 ve \u0130leti\u015fim<\/h4><p data-start=\"2518\" data-end=\"2610\">Kullan\u0131c\u0131lar, seyahat s\u0131ras\u0131nda ba\u011flant\u0131 ihtiya\u00e7lar\u0131n\u0131 da kolayca kar\u015f\u0131layabiliyor. \u00d6rne\u011fin:<\/p><ul data-start=\"2612\" data-end=\"2818\"><li data-start=\"2612\" data-end=\"2663\"><p data-start=\"2614\" data-end=\"2663\">Ara\u00e7 i\u00e7inde <strong data-start=\"2626\" data-end=\"2650\">kablosuz \u015farj imk\u00e2n\u0131<\/strong> bulunuyor.<\/p><\/li><li data-start=\"2664\" data-end=\"2744\"><p data-start=\"2666\" data-end=\"2744\"><strong data-start=\"2666\" data-end=\"2695\">H\u0131zl\u0131 internet ba\u011flant\u0131s\u0131<\/strong> sayesinde kesintisiz online eri\u015fim sa\u011flan\u0131yor.<\/p><\/li><li data-start=\"2745\" data-end=\"2818\"><p data-start=\"2747\" data-end=\"2818\">S\u00fcr\u00fcc\u00fcyle ileti\u015fim kurmak i\u00e7in entegre <strong data-start=\"2786\" data-end=\"2806\">interkom sistemi<\/strong> yer al\u0131yor.<\/p><\/li><\/ul><h4 data-start=\"2820\" data-end=\"2850\">4. Mahremiyet ve Ambiyans<\/h4><p data-start=\"2852\" data-end=\"2911\">Hyundai, i\u00e7 mek\u00e2n\u0131 \u00f6zel bir alan gibi kurgulad\u0131. Bu y\u00fczden:<\/p><ul data-start=\"2913\" data-end=\"3174\"><li data-start=\"2913\" data-end=\"2990\"><p data-start=\"2915\" data-end=\"2990\"><strong data-start=\"2915\" data-end=\"2949\">Elektrikli karartmal\u0131 perdeler<\/strong> istenildi\u011finde tam mahremiyet sunuyor.<\/p><\/li><li data-start=\"2991\" data-end=\"3076\"><p data-start=\"2993\" data-end=\"3076\"><strong data-start=\"2993\" data-end=\"3006\">Cam b\u00f6lme<\/strong>, s\u00fcr\u00fcc\u00fcyle yolcu b\u00f6lmesini ay\u0131rarak daha izole bir ortam yarat\u0131yor.<\/p><\/li><li data-start=\"3077\" data-end=\"3174\"><p data-start=\"3079\" data-end=\"3174\">Also, <strong data-start=\"3087\" data-end=\"3116\">y\u0131ld\u0131z tavan ayd\u0131nlatmas\u0131<\/strong> ile gece yolculuklar\u0131nda huzurlu bir atmosfer sa\u011flan\u0131yor.<\/p><\/li><\/ul><h4 data-start=\"3176\" data-end=\"3203\">5. Ekstra Ayr\u0131cal\u0131klar<\/h4><p data-start=\"3205\" data-end=\"3280\">Kullan\u0131c\u0131lar i\u00e7in hayat\u0131 kolayla\u015ft\u0131ran bir\u00e7ok detay da unutulmad\u0131. \u00d6rne\u011fin:<\/p><ul data-start=\"3282\" data-end=\"3548\"><li data-start=\"3282\" data-end=\"3368\"><p data-start=\"3284\" data-end=\"3368\"><strong data-start=\"3284\" data-end=\"3313\">Mini buzdolab\u0131 ve minibar<\/strong>, yolculuk boyunca so\u011fuk i\u00e7ecekleri el alt\u0131nda tutar.<\/p><\/li><li data-start=\"3369\" data-end=\"3453\"><p data-start=\"3371\" data-end=\"3453\"><strong data-start=\"3371\" data-end=\"3401\">Elektrikli nargile sistemi<\/strong>, \u00f6zel aromal\u0131 kaps\u00fcllerle modern bir keyif sunar.<\/p><\/li><li data-start=\"3454\" data-end=\"3548\"><p data-start=\"3456\" data-end=\"3548\">T\u00fcm sistemler <strong data-start=\"3470\" data-end=\"3507\">iPad \u00fczerinden kontrol edilebilir<\/strong>, b\u00f6ylece her \u015fey kullan\u0131c\u0131n\u0131n elindedir.<\/p><\/li><\/ul><hr data-start=\"3550\" data-end=\"3553\" \/><h3 data-start=\"3555\" data-end=\"3592\">Hangi Kullan\u0131c\u0131lar \u0130\u00e7in Uygundur?<\/h3><p data-start=\"3594\" data-end=\"3743\">Hyundai Staria VIP, yaln\u0131zca bir kullan\u0131c\u0131 tipine hitap etmez. Aksine, geni\u015f bir kullan\u0131m alan\u0131 sunar. \u00d6zellikle \u015fu gruplar i\u00e7in ideal bir tercihtir:<\/p><ul data-start=\"3745\" data-end=\"3955\"><li data-start=\"3745\" data-end=\"3782\"><p data-start=\"3747\" data-end=\"3782\">VIP ula\u015f\u0131m hizmeti sunan firmalar<\/p><\/li><li data-start=\"3783\" data-end=\"3824\"><p data-start=\"3785\" data-end=\"3824\">L\u00fcks otellerin transfer ara\u00e7 filolar\u0131<\/p><\/li><li data-start=\"3825\" data-end=\"3864\"><p data-start=\"3827\" data-end=\"3864\">\u015eirketlerin makam arac\u0131 ihtiya\u00e7lar\u0131<\/p><\/li><li data-start=\"3865\" data-end=\"3906\"><p data-start=\"3867\" data-end=\"3906\">\u00d6zel \u015fof\u00f6rl\u00fc hizmet kullanan bireyler<\/p><\/li><li data-start=\"3907\" data-end=\"3955\"><p data-start=\"3909\" data-end=\"3955\">Konforlu uzun yolculuklar\u0131 tercih eden aileler<\/p><\/li><\/ul><p data-start=\"3957\" data-end=\"4042\">Her kullan\u0131c\u0131 grubu, kendi ihtiya\u00e7lar\u0131na uygun d\u00f6n\u00fc\u015f\u00fcm paketini kolayl\u0131kla se\u00e7ebilir.<\/p><h3 data-start=\"5120\" data-end=\"5156\">Sonu\u00e7: Neden Hyundai Staria VIP?<\/h3><p data-start=\"5158\" data-end=\"5427\">Hyundai Staria VIP, sundu\u011fu donan\u0131m \u00f6zellikleriyle l\u00fcks minib\u00fcs segmentinde benzersiz bir se\u00e7enek olu\u015fturuyor. \u00c7\u00fcnk\u00fc hem estetik hem de fonksiyonellik tek bir ara\u00e7ta birle\u015fiyor. Ayn\u0131 zamanda, farkl\u0131 kullan\u0131c\u0131 profillerine uygun d\u00f6n\u00fc\u015f\u00fcm se\u00e7enekleriyle esneklik sa\u011fl\u0131yor.<\/p><p data-start=\"5429\" data-end=\"5547\">E\u011fer konforlu, prestijli ve teknolojik bir minib\u00fcs ar\u0131yorsan\u0131z, Hyundai Staria VIP tam da ihtiyac\u0131n\u0131z\u0131 kar\u015f\u0131layabilir.<\/p>\t\t\t\t\t\t\t\t<\/div>\n\t\t\t\t<\/div>\n\t\t\t\t\t<\/div>\n\t\t\t\t<\/div>\n\t\t<div class=\"elementor-element elementor-element-9832cf7 e-flex e-con-boxed e-con e-parent\" data-id=\"9832cf7\" data-element_type=\"container\">\n\t\t\t\t\t<div class=\"e-con-inner\">\n\t\t\t\t<div class=\"elementor-element elementor-element-cf61c83 elementor-widget elementor-widget-html\" data-id=\"cf61c83\" data-element_type=\"widget\" data-widget_type=\"html.default\">\n\t\t\t\t<div class=\"elementor-widget-container\">\n\t\t\t\t\t[bdpp_tmpl layout_id=\"8223\"]\t\t\t\t<\/div>\n\t\t\t\t<\/div>\n\t\t\t\t\t<\/div>\n\t\t\t\t<\/div>\n\t\t\t\t<\/div>","protected":false},"excerpt":{"rendered":"<p>Hyundai Staria VIP: L\u00fcks, Teknoloji ve Konfor Tek Ara\u00e7ta Hyundai, Staria modelini VIP d\u00f6n\u00fc\u015f\u00fcmlerle yeniden tasarlayarak, l\u00fcks minib\u00fcs segmentinde fark yarat\u0131yor. Bu ara\u00e7, yaln\u0131zca ta\u015f\u0131ma i\u015fleviyle s\u0131n\u0131rl\u0131 kalm\u0131yor. Ayn\u0131 zamanda, sundu\u011fu y\u00fcksek konfor ve ileri teknoloji sayesinde mobil ya\u015fam alan\u0131 haline geliyor. \u00d6zellikle \u015fehir i\u00e7i VIP ula\u015f\u0131m hizmetlerinde ve bireysel kullan\u0131mlarda kullan\u0131c\u0131 beklentilerini fazlas\u0131yla kar\u015f\u0131l\u0131yor. [&hellip;]<\/p>","protected":false},"author":2,"featured_media":0,"parent":0,"menu_order":17,"comment_status":"closed","ping_status":"closed","template":"","meta":{"footnotes":""},"class_list":["post-6402","page","type-page","status-publish","hentry"],"yoast_head":"<!-- This site is optimized with the Yoast SEO Premium plugin v22.5 (Yoast SEO v25.9) - https:\/\/yoast.com\/wordpress\/plugins\/seo\/ -->\n<title>Turkey VIP | Hyundai Starex &amp; Staria L\u00fcks VIP \u0130\u00e7 Tasar\u0131m<\/title>\n<meta name=\"description\" content=\"Hyundai VIP Ara\u00e7lar d\u00f6n\u00fc\u015f\u00fcm\u00fcnde Turkey VIP, ultra l\u00fcks i\u00e7 dizayn, multimedya, minibar ve masajl\u0131 koltuklarla ayr\u0131cal\u0131kl\u0131 bir yolculuk sunar.\" \/>\n<meta name=\"robots\" content=\"index, follow, max-snippet:-1, max-image-preview:large, max-video-preview:-1\" \/>\n<link rel=\"canonical\" href=\"https:\/\/turkeyvipdesign.com\/en\/hyundai-vip-vehicles\/\" \/>\n<meta property=\"og:locale\" content=\"en_US\" \/>\n<meta property=\"og:type\" content=\"article\" \/>\n<meta property=\"og:title\" content=\"Hyundai VIP Ara\u00e7lar\" \/>\n<meta property=\"og:description\" content=\"Hyundai VIP Ara\u00e7lar d\u00f6n\u00fc\u015f\u00fcm\u00fcnde Turkey VIP, ultra l\u00fcks i\u00e7 dizayn, multimedya, minibar ve masajl\u0131 koltuklarla ayr\u0131cal\u0131kl\u0131 bir yolculuk sunar.\" \/>\n<meta property=\"og:url\" content=\"https:\/\/turkeyvipdesign.com\/en\/hyundai-vip-vehicles\/\" \/>\n<meta property=\"og:site_name\" content=\"Vip Dizayn T\u00fcrkiye | L\u00fcx Vip Ara\u00e7 Dizayn\" \/>\n<meta property=\"article:modified_time\" content=\"2025-09-05T07:18:12+00:00\" \/>\n<meta property=\"og:image\" content=\"https:\/\/turkeyvipdesign.com\/wp-content\/uploads\/2025\/06\/vip-turkey.jpg\" \/>\n\t<meta property=\"og:image:width\" content=\"800\" \/>\n\t<meta property=\"og:image:height\" content=\"500\" \/>\n\t<meta property=\"og:image:type\" content=\"image\/jpeg\" \/>\n<meta name=\"twitter:card\" content=\"summary_large_image\" \/>\n<meta name=\"twitter:label1\" content=\"Est. reading time\" \/>\n\t<meta name=\"twitter:data1\" content=\"3 minutes\" \/>\n<script type=\"application\/ld+json\" class=\"yoast-schema-graph\">{\"@context\":\"https:\/\/schema.org\",\"@graph\":[{\"@type\":\"WebPage\",\"@id\":\"https:\/\/turkeyvipdesign.com\/hyundai-vip-araclar\/\",\"url\":\"https:\/\/turkeyvipdesign.com\/hyundai-vip-araclar\/\",\"name\":\"Turkey VIP | Hyundai Starex & Staria L\u00fcks VIP \u0130\u00e7 Tasar\u0131m\",\"isPartOf\":{\"@id\":\"https:\/\/turkeyvipdesign.com\/#website\"},\"datePublished\":\"2025-05-28T08:01:51+00:00\",\"dateModified\":\"2025-09-05T07:18:12+00:00\",\"description\":\"Hyundai VIP Ara\u00e7lar d\u00f6n\u00fc\u015f\u00fcm\u00fcnde Turkey VIP, ultra l\u00fcks i\u00e7 dizayn, multimedya, minibar ve masajl\u0131 koltuklarla ayr\u0131cal\u0131kl\u0131 bir yolculuk sunar.\",\"breadcrumb\":{\"@id\":\"https:\/\/turkeyvipdesign.com\/hyundai-vip-araclar\/#breadcrumb\"},\"inLanguage\":\"en-US\",\"potentialAction\":[{\"@type\":\"ReadAction\",\"target\":[\"https:\/\/turkeyvipdesign.com\/hyundai-vip-araclar\/\"]}]},{\"@type\":\"BreadcrumbList\",\"@id\":\"https:\/\/turkeyvipdesign.com\/hyundai-vip-araclar\/#breadcrumb\",\"itemListElement\":[{\"@type\":\"ListItem\",\"position\":1,\"name\":\"Anasayfa\",\"item\":\"https:\/\/turkeyvipdesign.com\/\"},{\"@type\":\"ListItem\",\"position\":2,\"name\":\"Hyundai VIP Ara\u00e7lar\"}]},{\"@type\":\"WebSite\",\"@id\":\"https:\/\/turkeyvipdesign.com\/#website\",\"url\":\"https:\/\/turkeyvipdesign.com\/\",\"name\":\"Vip Dizayn T\u00fcrkiye | L\u00fcx Vip Ara\u00e7 Dizayn\",\"description\":\"Konforun Zirvesi, Esteti\u011fin ve Kalitenin Merkezi.\",\"publisher\":{\"@id\":\"https:\/\/turkeyvipdesign.com\/#organization\"},\"alternateName\":\"dizayn vip\",\"potentialAction\":[{\"@type\":\"SearchAction\",\"target\":{\"@type\":\"EntryPoint\",\"urlTemplate\":\"https:\/\/turkeyvipdesign.com\/?s={search_term_string}\"},\"query-input\":{\"@type\":\"PropertyValueSpecification\",\"valueRequired\":true,\"valueName\":\"search_term_string\"}}],\"inLanguage\":\"en-US\"},{\"@type\":\"Organization\",\"@id\":\"https:\/\/turkeyvipdesign.com\/#organization\",\"name\":\"Vip Dizayn T\u00fcrkiye\",\"alternateName\":\"dizayn vip\",\"url\":\"https:\/\/turkeyvipdesign.com\/\",\"logo\":{\"@type\":\"ImageObject\",\"inLanguage\":\"en-US\",\"@id\":\"https:\/\/turkeyvipdesign.com\/#\/schema\/logo\/image\/\",\"url\":\"https:\/\/turkeyvipdesign.com\/wp-content\/uploads\/2025\/06\/logo-512.png\",\"contentUrl\":\"https:\/\/turkeyvipdesign.com\/wp-content\/uploads\/2025\/06\/logo-512.png\",\"width\":512,\"height\":512,\"caption\":\"Vip Dizayn T\u00fcrkiye\"},\"image\":{\"@id\":\"https:\/\/turkeyvipdesign.com\/#\/schema\/logo\/image\/\"},\"sameAs\":[\"https:\/\/www.instagram.com\/turkeyvipdizayn\/\"]}]}<\/script>\n<!-- \/ Yoast SEO Premium plugin. -->","yoast_head_json":{"title":"Turkey VIP | Hyundai Starex & Staria L\u00fcks VIP \u0130\u00e7 Tasar\u0131m","description":"Hyundai VIP Ara\u00e7lar d\u00f6n\u00fc\u015f\u00fcm\u00fcnde Turkey VIP, ultra l\u00fcks i\u00e7 dizayn, multimedya, minibar ve masajl\u0131 koltuklarla ayr\u0131cal\u0131kl\u0131 bir yolculuk sunar.","robots":{"index":"index","follow":"follow","max-snippet":"max-snippet:-1","max-image-preview":"max-image-preview:large","max-video-preview":"max-video-preview:-1"},"canonical":"https:\/\/turkeyvipdesign.com\/en\/hyundai-vip-vehicles\/","og_locale":"en_US","og_type":"article","og_title":"Hyundai VIP Ara\u00e7lar","og_description":"Hyundai VIP Ara\u00e7lar d\u00f6n\u00fc\u015f\u00fcm\u00fcnde Turkey VIP, ultra l\u00fcks i\u00e7 dizayn, multimedya, minibar ve masajl\u0131 koltuklarla ayr\u0131cal\u0131kl\u0131 bir yolculuk sunar.","og_url":"https:\/\/turkeyvipdesign.com\/en\/hyundai-vip-vehicles\/","og_site_name":"Vip Dizayn T\u00fcrkiye | L\u00fcx Vip Ara\u00e7 Dizayn","article_modified_time":"2025-09-05T07:18:12+00:00","og_image":[{"width":800,"height":500,"url":"https:\/\/turkeyvipdesign.com\/wp-content\/uploads\/2025\/06\/vip-turkey.jpg","type":"image\/jpeg"}],"twitter_card":"summary_large_image","twitter_misc":{"Est. reading time":"3 minutes"},"schema":{"@context":"https:\/\/schema.org","@graph":[{"@type":"WebPage","@id":"https:\/\/turkeyvipdesign.com\/hyundai-vip-araclar\/","url":"https:\/\/turkeyvipdesign.com\/hyundai-vip-araclar\/","name":"Turkey VIP | Hyundai Starex & Staria L\u00fcks VIP \u0130\u00e7 Tasar\u0131m","isPartOf":{"@id":"https:\/\/turkeyvipdesign.com\/#website"},"datePublished":"2025-05-28T08:01:51+00:00","dateModified":"2025-09-05T07:18:12+00:00","description":"Hyundai VIP Ara\u00e7lar d\u00f6n\u00fc\u015f\u00fcm\u00fcnde Turkey VIP, ultra l\u00fcks i\u00e7 dizayn, multimedya, minibar ve masajl\u0131 koltuklarla ayr\u0131cal\u0131kl\u0131 bir yolculuk sunar.","breadcrumb":{"@id":"https:\/\/turkeyvipdesign.com\/hyundai-vip-araclar\/#breadcrumb"},"inLanguage":"en-US","potentialAction":[{"@type":"ReadAction","target":["https:\/\/turkeyvipdesign.com\/hyundai-vip-araclar\/"]}]},{"@type":"BreadcrumbList","@id":"https:\/\/turkeyvipdesign.com\/hyundai-vip-araclar\/#breadcrumb","itemListElement":[{"@type":"ListItem","position":1,"name":"Anasayfa","item":"https:\/\/turkeyvipdesign.com\/"},{"@type":"ListItem","position":2,"name":"Hyundai VIP Ara\u00e7lar"}]},{"@type":"WebSite","@id":"https:\/\/turkeyvipdesign.com\/#website","url":"https:\/\/turkeyvipdesign.com\/","name":"Vip Design Turkey | Luxury Vip Car Design","description":"The Summit of Comfort, Center of Aesthetics and Quality.","publisher":{"@id":"https:\/\/turkeyvipdesign.com\/#organization"},"alternateName":"dizayn vip","potentialAction":[{"@type":"SearchAction","target":{"@type":"EntryPoint","urlTemplate":"https:\/\/turkeyvipdesign.com\/?s={search_term_string}"},"query-input":{"@type":"PropertyValueSpecification","valueRequired":true,"valueName":"search_term_string"}}],"inLanguage":"en-US"},{"@type":"Organization","@id":"https:\/\/turkeyvipdesign.com\/#organization","name":"Vip Dizayn Turkey","alternateName":"dizayn vip","url":"https:\/\/turkeyvipdesign.com\/","logo":{"@type":"ImageObject","inLanguage":"en-US","@id":"https:\/\/turkeyvipdesign.com\/#\/schema\/logo\/image\/","url":"https:\/\/turkeyvipdesign.com\/wp-content\/uploads\/2025\/06\/logo-512.png","contentUrl":"https:\/\/turkeyvipdesign.com\/wp-content\/uploads\/2025\/06\/logo-512.png","width":512,"height":512,"caption":"Vip Dizayn T\u00fcrkiye"},"image":{"@id":"https:\/\/turkeyvipdesign.com\/#\/schema\/logo\/image\/"},"sameAs":["https:\/\/www.instagram.com\/turkeyvipdizayn\/"]}]}},"_links":{"self":[{"href":"https:\/\/turkeyvipdesign.com\/en\/wp-json\/wp\/v2\/pages\/6402","targetHints":{"allow":["GET"]}}],"collection":[{"href":"https:\/\/turkeyvipdesign.com\/en\/wp-json\/wp\/v2\/pages"}],"about":[{"href":"https:\/\/turkeyvipdesign.com\/en\/wp-json\/wp\/v2\/types\/page"}],"author":[{"embeddable":true,"href":"https:\/\/turkeyvipdesign.com\/en\/wp-json\/wp\/v2\/users\/2"}],"replies":[{"embeddable":true,"href":"https:\/\/turkeyvipdesign.com\/en\/wp-json\/wp\/v2\/comments?post=6402"}],"version-history":[{"count":46,"href":"https:\/\/turkeyvipdesign.com\/en\/wp-json\/wp\/v2\/pages\/6402\/revisions"}],"predecessor-version":[{"id":9290,"href":"https:\/\/turkeyvipdesign.com\/en\/wp-json\/wp\/v2\/pages\/6402\/revisions\/9290"}],"wp:attachment":[{"href":"https:\/\/turkeyvipdesign.com\/en\/wp-json\/wp\/v2\/media?parent=6402"}],"curies":[{"name":"wp","href":"https:\/\/api.w.org\/{rel}","templated":true}]}}