{"id":6418,"date":"2025-05-28T08:56:13","date_gmt":"2025-05-28T08:56:13","guid":{"rendered":"https:\/\/turkeyvipdesign.com\/?page_id=6418"},"modified":"2025-09-05T07:38:21","modified_gmt":"2025-09-05T07:38:21","slug":"citroen-vip-araclar","status":"publish","type":"page","link":"https:\/\/turkeyvipdesign.com\/en\/citroen-vip-vehicles\/","title":{"rendered":"Citroen VIP Vehicles"},"content":{"rendered":"<div data-elementor-type=\"wp-page\" data-elementor-id=\"6418\" class=\"elementor elementor-6418\">\n\t\t\t\t<div class=\"elementor-element elementor-element-d73b144 e-flex e-con-boxed e-con e-parent\" data-id=\"d73b144\" data-element_type=\"container\">\n\t\t\t\t\t<div class=\"e-con-inner\">\n\t\t\t\t<div class=\"elementor-element elementor-element-de0de26 elementor-widget elementor-widget-html\" data-id=\"de0de26\" data-element_type=\"widget\" data-widget_type=\"html.default\">\n\t\t\t\t<div class=\"elementor-widget-container\">\n\t\t\t\t\t[bdpp_tmpl layout_id=\"8244\"]\t\t\t\t<\/div>\n\t\t\t\t<\/div>\n\t\t\t\t<div class=\"elementor-element elementor-element-d2591ca elementor-widget elementor-widget-text-editor\" data-id=\"d2591ca\" data-element_type=\"widget\" data-widget_type=\"text-editor.default\">\n\t\t\t\t<div class=\"elementor-widget-container\">\n\t\t\t\t\t\t\t\t\t<h2 data-start=\"345\" data-end=\"413\">Citro\u00ebn VIP Ara\u00e7lar: \u015e\u0131kl\u0131k, Konfor ve Ak\u0131ll\u0131 Teknoloji Bir Arada<\/h2><p data-start=\"415\" data-end=\"708\">Citro\u00ebn, Jumpy ve Spacetourer modellerini VIP d\u00f6n\u00fc\u015f\u00fcmle d\u00f6n\u00fc\u015ft\u00fcrerek minib\u00fcs segmentinde l\u00fcks\u00fc eri\u015filebilir k\u0131l\u0131yor. Bu ara\u00e7lar, sadece ula\u015f\u0131m sa\u011flamaz; ayn\u0131 zamanda mobil ya\u015fam alan\u0131 sunar. Bu sayede, hem \u015fehir i\u00e7i VIP ta\u015f\u0131mac\u0131l\u0131k hem de \u00f6zel kullan\u0131m i\u00e7in \u00fcst d\u00fczey bir deneyim ortaya \u00e7\u0131kar.<\/p><p data-start=\"710\" data-end=\"891\">\u00d6zellikle geni\u015f i\u00e7 hacim, y\u00fcksek konfor ve entegre teknoloji arayan kullan\u0131c\u0131lar Citro\u00ebn VIP modellerine y\u00f6neliyor. B\u00f6ylece Citro\u00ebn, bu alandaki beklentilere do\u011frudan yan\u0131t veriyor.<\/p><hr data-start=\"893\" data-end=\"896\" \/><h3 data-start=\"898\" data-end=\"942\">Donan\u0131m Seviyesine G\u00f6re De\u011fi\u015fen Fiyatlar<\/h3><p data-start=\"944\" data-end=\"1110\">Citro\u00ebn VIP ara\u00e7lar\u0131nda sabit bir fiyat sunulmaz. \u00c7\u00fcnk\u00fc her kullan\u0131c\u0131, farkl\u0131 ihtiya\u00e7lara ve zevklere sahiptir. Bu nedenle d\u00f6n\u00fc\u015f\u00fcm paketleri esnek \u015fekilde belirlenir.<\/p><p data-start=\"1112\" data-end=\"1120\">\u00d6rne\u011fin:<\/p><ul data-start=\"1122\" data-end=\"1277\"><li data-start=\"1122\" data-end=\"1194\"><p data-start=\"1124\" data-end=\"1194\">Giri\u015f seviyesi donan\u0131m paketleri yakla\u015f\u0131k <strong data-start=\"1166\" data-end=\"1180\">130.000 TL<\/strong>\u2019den ba\u015flar.<\/p><\/li><li data-start=\"1195\" data-end=\"1277\"><p data-start=\"1197\" data-end=\"1277\">Tam donan\u0131ml\u0131, ultra l\u00fcks modellerde bu rakam <strong data-start=\"1243\" data-end=\"1266\">600.000 TL\u2019ye kadar<\/strong> \u00e7\u0131kabilir.<\/p><\/li><\/ul><p data-start=\"1279\" data-end=\"1493\">Fiyat fark\u0131n\u0131 olu\u015fturan ba\u015fl\u0131ca unsurlar; kullan\u0131lan deri kalitesi, teknolojik sistemlerin t\u00fcr\u00fc ve ki\u015fiselle\u015ftirme d\u00fczeyidir. B\u00f6ylece kullan\u0131c\u0131lar hem b\u00fct\u00e7elerine hem de ya\u015fam tarzlar\u0131na uygun se\u00e7enekler bulabilir.<\/p><hr data-start=\"1495\" data-end=\"1498\" \/><h3 data-start=\"1500\" data-end=\"1559\">Donan\u0131m \u00d6zellikleri: L\u00fcks, \u0130\u015flev ve Estetik Uyum \u0130\u00e7inde<\/h3><p data-start=\"1561\" data-end=\"1771\">Citro\u00ebn, VIP d\u00f6n\u00fc\u015f\u00fcmlerde yaln\u0131zca konforu de\u011fil, ayn\u0131 zamanda esteti\u011fi ve fonksiyonelli\u011fi de \u00f6n plana \u00e7\u0131kar\u0131r. Jumpy ve Spacetourer modellerinde uygulanan \u00f6zel \u00e7\u00f6z\u00fcmler, her yolculu\u011fu ayr\u0131cal\u0131kl\u0131 hale getirir.<\/p><h4 data-start=\"1773\" data-end=\"1812\">1. Maksimum Konfor Sunan Koltuklar<\/h4><p data-start=\"1814\" data-end=\"1882\">Citro\u00ebn VIP ara\u00e7lar\u0131nda seyahat, konforla e\u015f anlaml\u0131d\u0131r. Bu nedenle:<\/p><ul data-start=\"1884\" data-end=\"2141\"><li data-start=\"1884\" data-end=\"1963\"><p data-start=\"1886\" data-end=\"1963\"><strong data-start=\"1886\" data-end=\"1916\">Nappa deri kapl\u0131 koltuklar<\/strong> yumu\u015fak dokusu ve \u015f\u0131k g\u00f6r\u00fcn\u00fcm\u00fcyle \u00f6ne \u00e7\u0131kar.<\/p><\/li><li data-start=\"1964\" data-end=\"2047\"><p data-start=\"1966\" data-end=\"2047\">Her koltuk, <strong data-start=\"1978\" data-end=\"2010\">elektrikli \u015fekilde ayarlan\u0131r<\/strong> ve kullan\u0131c\u0131y\u0131 tam destekle sarar.<\/p><\/li><li data-start=\"2048\" data-end=\"2141\"><p data-start=\"2050\" data-end=\"2141\">Also, <strong data-start=\"2058\" data-end=\"2100\">\u0131s\u0131tma, so\u011futma ve masaj fonksiyonlar\u0131<\/strong> ile uzun yolculuklar keyifli h\u00e2le gelir.<\/p><\/li><\/ul><h4 data-start=\"2143\" data-end=\"2184\">2. \u0130\u015f ve E\u011flence \u0130\u00e7in Ak\u0131ll\u0131 Alanlar<\/h4><p data-start=\"2186\" data-end=\"2286\">VIP ara\u00e7lar, yolculuk s\u0131ras\u0131nda \u00e7al\u0131\u015fmak veya dinlenmek isteyenler i\u00e7in \u00f6zel alanlar sunar. \u00d6rne\u011fin:<\/p><ul data-start=\"2288\" data-end=\"2609\"><li data-start=\"2288\" data-end=\"2377\"><p data-start=\"2290\" data-end=\"2377\"><strong data-start=\"2290\" data-end=\"2322\">Katlanabilir elektrikli masa<\/strong>, hem \u00e7al\u0131\u015fma masas\u0131 hem de yemek alan\u0131 i\u015flevi g\u00f6r\u00fcr.<\/p><\/li><li data-start=\"2378\" data-end=\"2435\"><p data-start=\"2380\" data-end=\"2435\"><strong data-start=\"2380\" data-end=\"2401\">32 in\u00e7 Android TV<\/strong>, mobil sinema deneyimi ya\u015fat\u0131r.<\/p><\/li><li data-start=\"2436\" data-end=\"2505\"><p data-start=\"2438\" data-end=\"2505\"><strong data-start=\"2438\" data-end=\"2466\">5.1 surround ses sistemi<\/strong>, y\u00fcksek kaliteli m\u00fczik keyfi sa\u011flar.<\/p><\/li><li data-start=\"2506\" data-end=\"2609\"><p data-start=\"2508\" data-end=\"2609\">Ortam ayd\u0131nlatmas\u0131, <strong data-start=\"2528\" data-end=\"2567\">RGB \u0131\u015f\u0131klarla ki\u015fiselle\u015ftirilebilir<\/strong> ve t\u00fcm kontroller iPad \u00fczerinden yap\u0131l\u0131r.<\/p><\/li><\/ul><h4 data-start=\"2611\" data-end=\"2655\">3. Dijital Ba\u011flant\u0131 ve Eri\u015fim Kolayl\u0131\u011f\u0131<\/h4><p data-start=\"2657\" data-end=\"2776\">G\u00fcn\u00fcm\u00fcz kullan\u0131c\u0131lar\u0131, ara\u00e7 i\u00e7inde de ba\u011flant\u0131da kalmak ister. Bu ihtiya\u00e7lara do\u011frudan yan\u0131t veren sistemler sayesinde:<\/p><ul data-start=\"2778\" data-end=\"3025\"><li data-start=\"2778\" data-end=\"2840\"><p data-start=\"2780\" data-end=\"2840\"><strong data-start=\"2780\" data-end=\"2806\">Kablosuz \u015farj alanlar\u0131<\/strong>, telefonlar\u0131 h\u0131zl\u0131ca \u015farj eder.<\/p><\/li><li data-start=\"2841\" data-end=\"2938\"><p data-start=\"2843\" data-end=\"2938\"><strong data-start=\"2843\" data-end=\"2879\">Y\u00fcksek h\u0131zl\u0131 internet ba\u011flant\u0131s\u0131<\/strong>, \u00e7evrimi\u00e7i i\u015flemleri sorunsuzca s\u00fcrd\u00fcrmeyi m\u00fcmk\u00fcn k\u0131lar.<\/p><\/li><li data-start=\"2939\" data-end=\"3025\"><p data-start=\"2941\" data-end=\"3025\">Also, <strong data-start=\"2949\" data-end=\"2969\">interkom sistemi<\/strong> sayesinde s\u00fcr\u00fcc\u00fc ile kolay ve g\u00fcvenli ileti\u015fim kurulur.<\/p><\/li><\/ul><h4 data-start=\"3027\" data-end=\"3059\">4. Mahremiyet ve I\u015f\u0131k Uyumu<\/h4><p data-start=\"3061\" data-end=\"3158\">Citro\u00ebn, ara\u00e7 i\u00e7inde huzurlu bir ortam olu\u015fturmak i\u00e7in baz\u0131 \u00f6zel \u00e7\u00f6z\u00fcmler sunar. Bunlar aras\u0131nda:<\/p><ul data-start=\"3160\" data-end=\"3426\"><li data-start=\"3160\" data-end=\"3241\"><p data-start=\"3162\" data-end=\"3241\"><strong data-start=\"3162\" data-end=\"3196\">Elektrikli karartmal\u0131 perdeler<\/strong>, d\u0131\u015far\u0131dan gelen \u0131\u015f\u0131\u011f\u0131 ve g\u00f6r\u00fc\u015f\u00fc engeller.<\/p><\/li><li data-start=\"3242\" data-end=\"3340\"><p data-start=\"3244\" data-end=\"3340\"><strong data-start=\"3244\" data-end=\"3263\">Sabit cam b\u00f6lme<\/strong>, s\u00fcr\u00fcc\u00fc ile yolcu alan\u0131n\u0131 birbirinden ay\u0131rarak sessiz bir ortam olu\u015fturur.<\/p><\/li><li data-start=\"3341\" data-end=\"3426\"><p data-start=\"3343\" data-end=\"3426\"><strong data-start=\"3343\" data-end=\"3372\">Y\u0131ld\u0131z tavan ayd\u0131nlatmas\u0131<\/strong>, gece yolculuklar\u0131nda g\u00f6z al\u0131c\u0131 bir ambiyans yarat\u0131r.<\/p><\/li><\/ul><h4 data-start=\"3428\" data-end=\"3470\">5. Hayat\u0131 Kolayla\u015ft\u0131ran L\u00fcks Detaylar<\/h4><p data-start=\"3472\" data-end=\"3539\">Ara\u00e7 i\u00e7i detaylar, yolculuk deneyimini \u00fcst seviyeye ta\u015f\u0131r. \u00d6rne\u011fin:<\/p><ul data-start=\"3541\" data-end=\"3774\"><li data-start=\"3541\" data-end=\"3619\"><p data-start=\"3543\" data-end=\"3619\"><strong data-start=\"3543\" data-end=\"3572\">Mini buzdolab\u0131 ve minibar<\/strong>, so\u011fuk i\u00e7ecekleri her an ula\u015f\u0131labilir k\u0131lar.<\/p><\/li><li data-start=\"3620\" data-end=\"3699\"><p data-start=\"3622\" data-end=\"3699\"><strong data-start=\"3622\" data-end=\"3652\">Elektrikli nargile sistemi<\/strong>, aromal\u0131 kaps\u00fcllerle modern bir keyif sunar.<\/p><\/li><li data-start=\"3700\" data-end=\"3774\"><p data-start=\"3702\" data-end=\"3774\">T\u00fcm sistemlerin <strong data-start=\"3718\" data-end=\"3746\">iPad ile y\u00f6netilebilmesi<\/strong>, kullan\u0131m kolayl\u0131\u011f\u0131 sa\u011flar.<\/p><\/li><\/ul><hr data-start=\"3776\" data-end=\"3779\" \/><h3 data-start=\"3781\" data-end=\"3803\">Kimler \u0130\u00e7in \u0130deal?<\/h3><p data-start=\"3805\" data-end=\"3955\">Citro\u00ebn VIP ara\u00e7lar farkl\u0131 sekt\u00f6rlerden ve ya\u015fam tarzlar\u0131ndan bir\u00e7ok kullan\u0131c\u0131ya hitap eder. \u00d6zellikle \u015fu gruplar bu ara\u00e7lardan maksimum fayda sa\u011flar:<\/p><ul data-start=\"3957\" data-end=\"4174\"><li data-start=\"3957\" data-end=\"4004\"><p data-start=\"3959\" data-end=\"4004\">\u015eof\u00f6rl\u00fc VIP transfer hizmeti sunan firmalar<\/p><\/li><li data-start=\"4005\" data-end=\"4040\"><p data-start=\"4007\" data-end=\"4040\">L\u00fcks otel ve resort i\u015fletmeleri<\/p><\/li><li data-start=\"4041\" data-end=\"4090\"><p data-start=\"4043\" data-end=\"4090\">Y\u00f6neticiler i\u00e7in makam arac\u0131 arayan \u015firketler<\/p><\/li><li data-start=\"4091\" data-end=\"4135\"><p data-start=\"4093\" data-end=\"4135\">Uzun yolculuklarda konfor arayan aileler<\/p><\/li><li data-start=\"4136\" data-end=\"4174\"><p data-start=\"4138\" data-end=\"4174\">Ki\u015fisel l\u00fcks ula\u015f\u0131m isteyen bireyler<\/p><\/li><\/ul><p data-start=\"4176\" data-end=\"4285\">Kullan\u0131c\u0131lar ara\u00e7lar\u0131n\u0131 hem d\u0131\u015f tasar\u0131m hem de i\u00e7 donan\u0131m a\u00e7\u0131s\u0131ndan ki\u015fiselle\u015ftirerek benzersiz hale getirir.<\/p><hr data-start=\"4287\" data-end=\"4290\" \/><h3 data-start=\"4292\" data-end=\"4343\">Sonu\u00e7: Citro\u00ebn VIP Ara\u00e7larla Fark\u0131n\u0131z\u0131 G\u00f6sterin<\/h3><p data-start=\"4345\" data-end=\"4573\">Citro\u00ebn, Jumpy ve Spacetourer VIP modelleriyle l\u00fcks minib\u00fcs segmentinde iddial\u0131 bir alternatif sunar. Bu ara\u00e7lar; ak\u0131ll\u0131 teknolojiler, y\u00fcksek konfor, prestijli g\u00f6r\u00fcn\u00fcm ve fonksiyonellik gibi bir\u00e7ok unsuru tek yap\u0131da birle\u015ftirir.<\/p><p data-start=\"4575\" data-end=\"4707\">E\u011fer ula\u015f\u0131mda sadece konfor de\u011fil, ayn\u0131 zamanda stil ve \u00f6zg\u00fcnl\u00fck de ar\u0131yorsan\u0131z, Citro\u00ebn VIP modelleri sizin i\u00e7in do\u011fru tercih olur.<\/p>\t\t\t\t\t\t\t\t<\/div>\n\t\t\t\t<\/div>\n\t\t\t\t\t<\/div>\n\t\t\t\t<\/div>\n\t\t<div class=\"elementor-element elementor-element-c3db287 e-flex e-con-boxed e-con e-parent\" data-id=\"c3db287\" data-element_type=\"container\">\n\t\t\t\t\t<div class=\"e-con-inner\">\n\t\t\t\t<div class=\"elementor-element elementor-element-982753e elementor-widget elementor-widget-image\" data-id=\"982753e\" data-element_type=\"widget\" data-widget_type=\"image.default\">\n\t\t\t\t<div class=\"elementor-widget-container\">\n\t\t\t\t\t\t\t\t\t\t\t\t\t\t\t<img fetchpriority=\"high\" decoding=\"async\" width=\"840\" height=\"473\" src=\"https:\/\/turkeyvipdesign.com\/wp-content\/uploads\/2025\/05\/Citroen-Jumpy-Vip-Ic-Dizayn-840x473-1.jpg\" class=\"attachment-large size-large wp-image-6471\" alt=\"\" srcset=\"https:\/\/turkeyvipdesign.com\/wp-content\/uploads\/2025\/05\/Citroen-Jumpy-Vip-Ic-Dizayn-840x473-1.jpg 840w, https:\/\/turkeyvipdesign.com\/wp-content\/uploads\/2025\/05\/Citroen-Jumpy-Vip-Ic-Dizayn-840x473-1-300x169.jpg 300w, https:\/\/turkeyvipdesign.com\/wp-content\/uploads\/2025\/05\/Citroen-Jumpy-Vip-Ic-Dizayn-840x473-1-768x432.jpg 768w\" sizes=\"(max-width: 840px) 100vw, 840px\" \/>\t\t\t\t\t\t\t\t\t\t\t\t\t\t\t<\/div>\n\t\t\t\t<\/div>\n\t\t\t\t\t<\/div>\n\t\t\t\t<\/div>\n\t\t\t\t<\/div>","protected":false},"excerpt":{"rendered":"<p>[bdpp_tmpl layout_id=&#8221;8244&#8243;] Citro\u00ebn VIP Ara\u00e7lar: \u015e\u0131kl\u0131k, Konfor ve Ak\u0131ll\u0131 Teknoloji Bir Arada Citro\u00ebn, Jumpy ve Spacetourer modellerini VIP d\u00f6n\u00fc\u015f\u00fcmle d\u00f6n\u00fc\u015ft\u00fcrerek minib\u00fcs segmentinde l\u00fcks\u00fc eri\u015filebilir k\u0131l\u0131yor. Bu ara\u00e7lar, sadece ula\u015f\u0131m sa\u011flamaz; ayn\u0131 zamanda mobil ya\u015fam alan\u0131 sunar. Bu sayede, hem \u015fehir i\u00e7i VIP ta\u015f\u0131mac\u0131l\u0131k hem de \u00f6zel kullan\u0131m i\u00e7in \u00fcst d\u00fczey bir deneyim ortaya \u00e7\u0131kar. \u00d6zellikle [&hellip;]<\/p>","protected":false},"author":2,"featured_media":6471,"parent":0,"menu_order":18,"comment_status":"closed","ping_status":"closed","template":"","meta":{"footnotes":""},"class_list":["post-6418","page","type-page","status-publish","has-post-thumbnail","hentry"],"yoast_head":"<!-- This site is optimized with the Yoast SEO Premium plugin v22.5 (Yoast SEO v25.9) - https:\/\/yoast.com\/wordpress\/plugins\/seo\/ -->\n<title>Citroen VIP Jumper &amp; Jumpy L\u00fcks VIP \u0130\u00e7 Tasar\u0131m | Turkey VIP<\/title>\n<meta name=\"description\" content=\"Citroen modelleri i\u00e7in VIP ara\u00e7 i\u00e7 dizayn \u00e7\u00f6z\u00fcmleri. L\u00fcks, konfor ve teknolojiyle arad\u0131\u011f\u0131n\u0131z \u00f6zel tasar\u0131m\u0131 sunuyoruz.\" \/>\n<meta name=\"robots\" content=\"index, follow, max-snippet:-1, max-image-preview:large, max-video-preview:-1\" \/>\n<link rel=\"canonical\" href=\"https:\/\/turkeyvipdesign.com\/en\/citroen-vip-vehicles\/\" \/>\n<meta property=\"og:locale\" content=\"en_US\" \/>\n<meta property=\"og:type\" content=\"article\" \/>\n<meta property=\"og:title\" content=\"Citroen VIP Ara\u00e7lar\" \/>\n<meta property=\"og:description\" content=\"Citroen modelleri i\u00e7in VIP ara\u00e7 i\u00e7 dizayn \u00e7\u00f6z\u00fcmleri. L\u00fcks, konfor ve teknolojiyle arad\u0131\u011f\u0131n\u0131z \u00f6zel tasar\u0131m\u0131 sunuyoruz.\" \/>\n<meta property=\"og:url\" content=\"https:\/\/turkeyvipdesign.com\/en\/citroen-vip-vehicles\/\" \/>\n<meta property=\"og:site_name\" content=\"Vip Dizayn T\u00fcrkiye | L\u00fcx Vip Ara\u00e7 Dizayn\" \/>\n<meta property=\"article:modified_time\" content=\"2025-09-05T07:38:21+00:00\" \/>\n<meta property=\"og:image\" content=\"https:\/\/turkeyvipdesign.com\/wp-content\/uploads\/2025\/05\/Citroen-Jumpy-Vip-Ic-Dizayn-840x473-1.jpg\" \/>\n\t<meta property=\"og:image:width\" content=\"840\" \/>\n\t<meta property=\"og:image:height\" content=\"473\" \/>\n\t<meta property=\"og:image:type\" content=\"image\/jpeg\" \/>\n<meta name=\"twitter:card\" content=\"summary_large_image\" \/>\n<meta name=\"twitter:label1\" content=\"Est. reading time\" \/>\n\t<meta name=\"twitter:data1\" content=\"4 minutes\" \/>\n<script type=\"application\/ld+json\" class=\"yoast-schema-graph\">{\"@context\":\"https:\/\/schema.org\",\"@graph\":[{\"@type\":\"WebPage\",\"@id\":\"https:\/\/turkeyvipdesign.com\/citroen-vip-araclar\/\",\"url\":\"https:\/\/turkeyvipdesign.com\/citroen-vip-araclar\/\",\"name\":\"Citroen VIP Jumper & Jumpy L\u00fcks VIP \u0130\u00e7 Tasar\u0131m | Turkey VIP\",\"isPartOf\":{\"@id\":\"https:\/\/turkeyvipdesign.com\/#website\"},\"primaryImageOfPage\":{\"@id\":\"https:\/\/turkeyvipdesign.com\/citroen-vip-araclar\/#primaryimage\"},\"image\":{\"@id\":\"https:\/\/turkeyvipdesign.com\/citroen-vip-araclar\/#primaryimage\"},\"thumbnailUrl\":\"https:\/\/turkeyvipdesign.com\/wp-content\/uploads\/2025\/05\/Citroen-Jumpy-Vip-Ic-Dizayn-840x473-1.jpg\",\"datePublished\":\"2025-05-28T08:56:13+00:00\",\"dateModified\":\"2025-09-05T07:38:21+00:00\",\"description\":\"Citroen modelleri i\u00e7in VIP ara\u00e7 i\u00e7 dizayn \u00e7\u00f6z\u00fcmleri. L\u00fcks, konfor ve teknolojiyle arad\u0131\u011f\u0131n\u0131z \u00f6zel tasar\u0131m\u0131 sunuyoruz.\",\"breadcrumb\":{\"@id\":\"https:\/\/turkeyvipdesign.com\/citroen-vip-araclar\/#breadcrumb\"},\"inLanguage\":\"en-US\",\"potentialAction\":[{\"@type\":\"ReadAction\",\"target\":[\"https:\/\/turkeyvipdesign.com\/citroen-vip-araclar\/\"]}]},{\"@type\":\"ImageObject\",\"inLanguage\":\"en-US\",\"@id\":\"https:\/\/turkeyvipdesign.com\/citroen-vip-araclar\/#primaryimage\",\"url\":\"https:\/\/turkeyvipdesign.com\/wp-content\/uploads\/2025\/05\/Citroen-Jumpy-Vip-Ic-Dizayn-840x473-1.jpg\",\"contentUrl\":\"https:\/\/turkeyvipdesign.com\/wp-content\/uploads\/2025\/05\/Citroen-Jumpy-Vip-Ic-Dizayn-840x473-1.jpg\",\"width\":840,\"height\":473,\"caption\":\"Citroen Jumpy Vip \u0130\u00e7 Dizayn\"},{\"@type\":\"BreadcrumbList\",\"@id\":\"https:\/\/turkeyvipdesign.com\/citroen-vip-araclar\/#breadcrumb\",\"itemListElement\":[{\"@type\":\"ListItem\",\"position\":1,\"name\":\"Anasayfa\",\"item\":\"https:\/\/turkeyvipdesign.com\/\"},{\"@type\":\"ListItem\",\"position\":2,\"name\":\"Citroen VIP Ara\u00e7lar\"}]},{\"@type\":\"WebSite\",\"@id\":\"https:\/\/turkeyvipdesign.com\/#website\",\"url\":\"https:\/\/turkeyvipdesign.com\/\",\"name\":\"Vip Dizayn T\u00fcrkiye | L\u00fcx Vip Ara\u00e7 Dizayn\",\"description\":\"Konforun Zirvesi, Esteti\u011fin ve Kalitenin Merkezi.\",\"publisher\":{\"@id\":\"https:\/\/turkeyvipdesign.com\/#organization\"},\"alternateName\":\"dizayn vip\",\"potentialAction\":[{\"@type\":\"SearchAction\",\"target\":{\"@type\":\"EntryPoint\",\"urlTemplate\":\"https:\/\/turkeyvipdesign.com\/?s={search_term_string}\"},\"query-input\":{\"@type\":\"PropertyValueSpecification\",\"valueRequired\":true,\"valueName\":\"search_term_string\"}}],\"inLanguage\":\"en-US\"},{\"@type\":\"Organization\",\"@id\":\"https:\/\/turkeyvipdesign.com\/#organization\",\"name\":\"Vip Dizayn T\u00fcrkiye\",\"alternateName\":\"dizayn vip\",\"url\":\"https:\/\/turkeyvipdesign.com\/\",\"logo\":{\"@type\":\"ImageObject\",\"inLanguage\":\"en-US\",\"@id\":\"https:\/\/turkeyvipdesign.com\/#\/schema\/logo\/image\/\",\"url\":\"https:\/\/turkeyvipdesign.com\/wp-content\/uploads\/2025\/06\/logo-512.png\",\"contentUrl\":\"https:\/\/turkeyvipdesign.com\/wp-content\/uploads\/2025\/06\/logo-512.png\",\"width\":512,\"height\":512,\"caption\":\"Vip Dizayn T\u00fcrkiye\"},\"image\":{\"@id\":\"https:\/\/turkeyvipdesign.com\/#\/schema\/logo\/image\/\"},\"sameAs\":[\"https:\/\/www.instagram.com\/turkeyvipdizayn\/\"]}]}<\/script>\n<!-- \/ Yoast SEO Premium plugin. -->","yoast_head_json":{"title":"Citroen VIP Jumper & Jumpy L\u00fcks VIP \u0130\u00e7 Tasar\u0131m | Turkey VIP","description":"Citroen modelleri i\u00e7in VIP ara\u00e7 i\u00e7 dizayn \u00e7\u00f6z\u00fcmleri. L\u00fcks, konfor ve teknolojiyle arad\u0131\u011f\u0131n\u0131z \u00f6zel tasar\u0131m\u0131 sunuyoruz.","robots":{"index":"index","follow":"follow","max-snippet":"max-snippet:-1","max-image-preview":"max-image-preview:large","max-video-preview":"max-video-preview:-1"},"canonical":"https:\/\/turkeyvipdesign.com\/en\/citroen-vip-vehicles\/","og_locale":"en_US","og_type":"article","og_title":"Citroen VIP Ara\u00e7lar","og_description":"Citroen modelleri i\u00e7in VIP ara\u00e7 i\u00e7 dizayn \u00e7\u00f6z\u00fcmleri. L\u00fcks, konfor ve teknolojiyle arad\u0131\u011f\u0131n\u0131z \u00f6zel tasar\u0131m\u0131 sunuyoruz.","og_url":"https:\/\/turkeyvipdesign.com\/en\/citroen-vip-vehicles\/","og_site_name":"Vip Dizayn T\u00fcrkiye | L\u00fcx Vip Ara\u00e7 Dizayn","article_modified_time":"2025-09-05T07:38:21+00:00","og_image":[{"width":840,"height":473,"url":"https:\/\/turkeyvipdesign.com\/wp-content\/uploads\/2025\/05\/Citroen-Jumpy-Vip-Ic-Dizayn-840x473-1.jpg","type":"image\/jpeg"}],"twitter_card":"summary_large_image","twitter_misc":{"Est. reading time":"4 minutes"},"schema":{"@context":"https:\/\/schema.org","@graph":[{"@type":"WebPage","@id":"https:\/\/turkeyvipdesign.com\/citroen-vip-araclar\/","url":"https:\/\/turkeyvipdesign.com\/citroen-vip-araclar\/","name":"Citroen VIP Jumper & Jumpy L\u00fcks VIP \u0130\u00e7 Tasar\u0131m | Turkey VIP","isPartOf":{"@id":"https:\/\/turkeyvipdesign.com\/#website"},"primaryImageOfPage":{"@id":"https:\/\/turkeyvipdesign.com\/citroen-vip-araclar\/#primaryimage"},"image":{"@id":"https:\/\/turkeyvipdesign.com\/citroen-vip-araclar\/#primaryimage"},"thumbnailUrl":"https:\/\/turkeyvipdesign.com\/wp-content\/uploads\/2025\/05\/Citroen-Jumpy-Vip-Ic-Dizayn-840x473-1.jpg","datePublished":"2025-05-28T08:56:13+00:00","dateModified":"2025-09-05T07:38:21+00:00","description":"Citroen modelleri i\u00e7in VIP ara\u00e7 i\u00e7 dizayn \u00e7\u00f6z\u00fcmleri. L\u00fcks, konfor ve teknolojiyle arad\u0131\u011f\u0131n\u0131z \u00f6zel tasar\u0131m\u0131 sunuyoruz.","breadcrumb":{"@id":"https:\/\/turkeyvipdesign.com\/citroen-vip-araclar\/#breadcrumb"},"inLanguage":"en-US","potentialAction":[{"@type":"ReadAction","target":["https:\/\/turkeyvipdesign.com\/citroen-vip-araclar\/"]}]},{"@type":"ImageObject","inLanguage":"en-US","@id":"https:\/\/turkeyvipdesign.com\/citroen-vip-araclar\/#primaryimage","url":"https:\/\/turkeyvipdesign.com\/wp-content\/uploads\/2025\/05\/Citroen-Jumpy-Vip-Ic-Dizayn-840x473-1.jpg","contentUrl":"https:\/\/turkeyvipdesign.com\/wp-content\/uploads\/2025\/05\/Citroen-Jumpy-Vip-Ic-Dizayn-840x473-1.jpg","width":840,"height":473,"caption":"Citroen Jumpy Vip \u0130\u00e7 Dizayn"},{"@type":"BreadcrumbList","@id":"https:\/\/turkeyvipdesign.com\/citroen-vip-araclar\/#breadcrumb","itemListElement":[{"@type":"ListItem","position":1,"name":"Anasayfa","item":"https:\/\/turkeyvipdesign.com\/"},{"@type":"ListItem","position":2,"name":"Citroen VIP Ara\u00e7lar"}]},{"@type":"WebSite","@id":"https:\/\/turkeyvipdesign.com\/#website","url":"https:\/\/turkeyvipdesign.com\/","name":"Vip Design Turkey | Luxury Vip Car Design","description":"The Summit of Comfort, Center of Aesthetics and Quality.","publisher":{"@id":"https:\/\/turkeyvipdesign.com\/#organization"},"alternateName":"dizayn vip","potentialAction":[{"@type":"SearchAction","target":{"@type":"EntryPoint","urlTemplate":"https:\/\/turkeyvipdesign.com\/?s={search_term_string}"},"query-input":{"@type":"PropertyValueSpecification","valueRequired":true,"valueName":"search_term_string"}}],"inLanguage":"en-US"},{"@type":"Organization","@id":"https:\/\/turkeyvipdesign.com\/#organization","name":"Vip Dizayn Turkey","alternateName":"dizayn vip","url":"https:\/\/turkeyvipdesign.com\/","logo":{"@type":"ImageObject","inLanguage":"en-US","@id":"https:\/\/turkeyvipdesign.com\/#\/schema\/logo\/image\/","url":"https:\/\/turkeyvipdesign.com\/wp-content\/uploads\/2025\/06\/logo-512.png","contentUrl":"https:\/\/turkeyvipdesign.com\/wp-content\/uploads\/2025\/06\/logo-512.png","width":512,"height":512,"caption":"Vip Dizayn T\u00fcrkiye"},"image":{"@id":"https:\/\/turkeyvipdesign.com\/#\/schema\/logo\/image\/"},"sameAs":["https:\/\/www.instagram.com\/turkeyvipdizayn\/"]}]}},"_links":{"self":[{"href":"https:\/\/turkeyvipdesign.com\/en\/wp-json\/wp\/v2\/pages\/6418","targetHints":{"allow":["GET"]}}],"collection":[{"href":"https:\/\/turkeyvipdesign.com\/en\/wp-json\/wp\/v2\/pages"}],"about":[{"href":"https:\/\/turkeyvipdesign.com\/en\/wp-json\/wp\/v2\/types\/page"}],"author":[{"embeddable":true,"href":"https:\/\/turkeyvipdesign.com\/en\/wp-json\/wp\/v2\/users\/2"}],"replies":[{"embeddable":true,"href":"https:\/\/turkeyvipdesign.com\/en\/wp-json\/wp\/v2\/comments?post=6418"}],"version-history":[{"count":53,"href":"https:\/\/turkeyvipdesign.com\/en\/wp-json\/wp\/v2\/pages\/6418\/revisions"}],"predecessor-version":[{"id":9300,"href":"https:\/\/turkeyvipdesign.com\/en\/wp-json\/wp\/v2\/pages\/6418\/revisions\/9300"}],"wp:featuredmedia":[{"embeddable":true,"href":"https:\/\/turkeyvipdesign.com\/en\/wp-json\/wp\/v2\/media\/6471"}],"wp:attachment":[{"href":"https:\/\/turkeyvipdesign.com\/en\/wp-json\/wp\/v2\/media?parent=6418"}],"curies":[{"name":"wp","href":"https:\/\/api.w.org\/{rel}","templated":true}]}}