{"id":6430,"date":"2025-05-28T09:23:23","date_gmt":"2025-05-28T09:23:23","guid":{"rendered":"https:\/\/turkeyvipdesign.com\/?page_id=6430"},"modified":"2025-09-05T11:15:24","modified_gmt":"2025-09-05T11:15:24","slug":"renault-vip-araclar","status":"publish","type":"page","link":"https:\/\/turkeyvipdesign.com\/en\/renault-vip-vehicle\/","title":{"rendered":"Renault VIP Vehicles"},"content":{"rendered":"<div data-elementor-type=\"wp-page\" data-elementor-id=\"6430\" class=\"elementor elementor-6430\">\n\t\t\t\t<div class=\"elementor-element elementor-element-2148eab e-flex e-con-boxed e-con e-parent\" data-id=\"2148eab\" data-element_type=\"container\">\n\t\t\t\t\t<div class=\"e-con-inner\">\n\t\t\t\t<div class=\"elementor-element elementor-element-efb6b95 elementor-widget elementor-widget-html\" data-id=\"efb6b95\" data-element_type=\"widget\" data-widget_type=\"html.default\">\n\t\t\t\t<div class=\"elementor-widget-container\">\n\t\t\t\t\t[bdpp_tmpl layout_id=\"8240\"]\t\t\t\t<\/div>\n\t\t\t\t<\/div>\n\t\t\t\t\t<\/div>\n\t\t\t\t<\/div>\n\t\t<div class=\"elementor-element elementor-element-ff48205 e-flex e-con-boxed e-con e-parent\" data-id=\"ff48205\" data-element_type=\"container\">\n\t\t\t\t\t<div class=\"e-con-inner\">\n\t\t\t\t<div class=\"elementor-element elementor-element-c99cab0 elementor-widget elementor-widget-text-editor\" data-id=\"c99cab0\" data-element_type=\"widget\" data-widget_type=\"text-editor.default\">\n\t\t\t\t<div class=\"elementor-widget-container\">\n\t\t\t\t\t\t\t\t\t<h2><strong data-start=\"203\" data-end=\"256\">Renault VIP Ara\u00e7lar: L\u00fcks ve Konforun Yeni Tan\u0131m\u0131<\/strong><\/h2>\n<p data-start=\"258\" data-end=\"635\">Renault VIP ara\u00e7lar, profesyonel ta\u015f\u0131mac\u0131l\u0131k ve bireysel l\u00fcks kullan\u0131m i\u00e7in \u00f6zel olarak geli\u015ftirilen \u00fcst segment d\u00f6n\u00fc\u015f\u00fcm modelleridir. \u00d6zellikle Renault Trafic VIP ve Renault Master VIP gibi modeller, geni\u015f i\u00e7 hacimleri ve geli\u015fmi\u015f teknolojik donan\u0131mlar\u0131 ile \u015f\u0131kl\u0131k ve konforu bir araya getirir. Ayr\u0131ca, bu ara\u00e7lar beklentileri y\u00fcksek kullan\u0131c\u0131lar i\u00e7in m\u00fckemmel \u00e7\u00f6z\u00fcmler sunar.<\/p>\n<h3><strong data-start=\"637\" data-end=\"659\">VIP D\u00f6n\u00fc\u015f\u00fcm Nedir?<\/strong><\/h3>\n<p data-start=\"661\" data-end=\"1012\">Turkey VIP, standart ticari ara\u00e7lar\u0131 l\u00fcks ve fonksiyonel i\u00e7 mek\u00e2nlara d\u00f6n\u00fc\u015ft\u00fcr\u00fcr. B\u00f6ylece Renault modelleri, mobil ofis veya prestijli ta\u015f\u0131mac\u0131l\u0131k \u00e7\u00f6z\u00fcmleri i\u00e7in ideal hale gelir. Dolay\u0131s\u0131yla ara\u00e7lar, hem estetik hem de kullan\u0131m kolayl\u0131\u011f\u0131 a\u00e7\u0131s\u0131ndan beklentileri tam anlam\u0131yla kar\u015f\u0131lar. Bu d\u00f6n\u00fc\u015f\u00fcm sayesinde, ticari ara\u00e7lar\u0131n s\u0131n\u0131rlar\u0131 yeniden \u00e7izilir.<\/p>\n<h3><strong data-start=\"1014\" data-end=\"1060\">Renault VIP Ara\u00e7larda \u00d6ne \u00c7\u0131kan Donan\u0131mlar<\/strong><\/h3>\n<p data-start=\"1062\" data-end=\"1151\">Her Renault VIP minib\u00fcs, s\u00fcr\u00fc\u015f deneyimini zenginle\u015ftiren donan\u0131mlarla donat\u0131l\u0131r. \u00d6rne\u011fin:<\/p>\n<ul data-start=\"1153\" data-end=\"1765\">\n<li data-start=\"1153\" data-end=\"1257\">\n<p data-start=\"1155\" data-end=\"1257\"><strong data-start=\"1155\" data-end=\"1174\">L\u00fcks Koltuklar:<\/strong> Elektrikli ayarlanabilir, masaj fonksiyonlu ve \u0131s\u0131tmal\u0131-so\u011futmal\u0131 deri koltuklar<\/p>\n<\/li>\n<li data-start=\"1258\" data-end=\"1369\">\n<p data-start=\"1260\" data-end=\"1369\"><strong data-start=\"1260\" data-end=\"1286\">Multimedya Sistemleri:<\/strong> Android i\u015fletim sistemli ekran, HDMI-Bluetooth ba\u011flant\u0131lar\u0131 ve \u00f6zel ses yal\u0131t\u0131m\u0131<\/p>\n<\/li>\n<li data-start=\"1370\" data-end=\"1471\">\n<p data-start=\"1372\" data-end=\"1471\"><strong data-start=\"1372\" data-end=\"1397\">Ayd\u0131nlatma \u00c7\u00f6z\u00fcmleri:<\/strong> RGB ambiyans \u0131\u015f\u0131klar\u0131, y\u0131ld\u0131z tavan tasar\u0131m\u0131 ve ki\u015fisel okuma lambalar\u0131<\/p>\n<\/li>\n<li data-start=\"1472\" data-end=\"1568\">\n<p data-start=\"1474\" data-end=\"1568\"><strong data-start=\"1474\" data-end=\"1501\">Ba\u011flant\u0131 Teknolojileri:<\/strong> Kablosuz internet, USB giri\u015fleri ve iPad kontroll\u00fc ortam sistemi<\/p>\n<\/li>\n<li data-start=\"1569\" data-end=\"1654\">\n<p data-start=\"1571\" data-end=\"1654\"><strong data-start=\"1571\" data-end=\"1592\">Konfor Detaylar\u0131:<\/strong> Mini buzdolab\u0131, kahve makinesi ve otomatik perde sistemleri<\/p>\n<\/li>\n<li data-start=\"1655\" data-end=\"1765\">\n<p data-start=\"1657\" data-end=\"1765\"><strong data-start=\"1657\" data-end=\"1682\">Gizlilik \u00d6zellikleri:<\/strong> Karart\u0131lm\u0131\u015f camlar, s\u00fcr\u00fcc\u00fc-yolcu b\u00f6lmesi ve tam mahremiyet sa\u011flayan perde yap\u0131s\u0131<\/p>\n<\/li>\n<\/ul>\n<p data-start=\"1767\" data-end=\"1932\">T\u00fcm bu \u00f6zellikler, yaln\u0131zca \u015f\u0131kl\u0131\u011f\u0131 art\u0131rmakla kalmaz, ayn\u0131 zamanda uzun yolculuklarda konforu da y\u00fckseltir. Bununla beraber, kullan\u0131c\u0131lar kendilerini \u00f6zel hisseder.<\/p>\n<h3><strong data-start=\"1934\" data-end=\"1968\">Hangi Modeller D\u00f6n\u00fc\u015ft\u00fcr\u00fcl\u00fcyor?<\/strong><\/h3>\n<ul data-start=\"1970\" data-end=\"2460\">\n<li data-start=\"1970\" data-end=\"2157\">\n<p data-start=\"1972\" data-end=\"2157\"><strong data-start=\"1972\" data-end=\"1995\">Renault Master VIP:<\/strong> Y\u00fcksek tavan yap\u0131s\u0131 ve geni\u015f i\u00e7 hacmiyle kalabal\u0131k yolcu gruplar\u0131na ve \u00f6zel protokol ta\u015f\u0131mac\u0131l\u0131\u011f\u0131na uygundur. Ayr\u0131ca uzun mesafelerde konforlu yolculuk sa\u011flar.<\/p>\n<\/li>\n<li data-start=\"2158\" data-end=\"2351\">\n<p data-start=\"2160\" data-end=\"2351\"><strong data-start=\"2160\" data-end=\"2183\">Renault Trafic VIP:<\/strong> Orta b\u00fcy\u00fckl\u00fckteki yap\u0131s\u0131 ve esnek i\u00e7 tasar\u0131m\u0131yla \u015fehir i\u00e7i ta\u015f\u0131mac\u0131l\u0131kta ideal \u00e7\u00f6z\u00fcmler sunar. \u00d6zellikle otel, VIP transfer ve turizm sekt\u00f6r\u00fcnde s\u0131k\u00e7a tercih edilir.<\/p>\n<\/li>\n<li data-start=\"2352\" data-end=\"2460\">\n<p data-start=\"2354\" data-end=\"2460\"><strong data-start=\"2354\" data-end=\"2384\">Combo D\u00f6n\u00fc\u015f\u00fcm Se\u00e7enekleri:<\/strong> Kompakt yap\u0131s\u0131yla fonksiyonellik arayan kullan\u0131c\u0131lar i\u00e7in geli\u015ftirilmi\u015ftir.<\/p>\n<\/li>\n<\/ul>\n<h3><strong data-start=\"2462\" data-end=\"2504\">Renault VIP Ara\u00e7lar Kimler \u0130\u00e7in Uygun?<\/strong><\/h3>\n<ul data-start=\"2506\" data-end=\"2695\">\n<li data-start=\"2506\" data-end=\"2536\">\n<p data-start=\"2508\" data-end=\"2536\">Turizm ve ula\u015f\u0131m firmalar\u0131<\/p>\n<\/li>\n<li data-start=\"2537\" data-end=\"2590\">\n<p data-start=\"2539\" data-end=\"2590\">VIP transfer ve protokol hizmeti sunan kurulu\u015flar<\/p>\n<\/li>\n<li data-start=\"2591\" data-end=\"2636\">\n<p data-start=\"2593\" data-end=\"2636\">\u00d6zel \u015fof\u00f6rl\u00fc ara\u00e7 hizmeti veren \u015firketler<\/p>\n<\/li>\n<li data-start=\"2637\" data-end=\"2695\">\n<p data-start=\"2639\" data-end=\"2695\">Konforlu ula\u015f\u0131m\u0131 \u00f6ncelikli g\u00f6ren bireysel kullan\u0131c\u0131lar<\/p>\n<\/li>\n<\/ul>\n<p data-start=\"2697\" data-end=\"2879\">Bununla birlikte, her kullan\u0131c\u0131 ihtiyac\u0131na uygun VIP d\u00f6n\u00fc\u015f\u00fcm paketleriyle arac\u0131n\u0131 yeniden tasarlayabilir. B\u00f6ylece, beklentilerini tam anlam\u0131yla kar\u015f\u0131layan ara\u00e7lara sahip olabilirler.<\/p>\n<h3><strong data-start=\"2881\" data-end=\"2906\">Fiyatland\u0131rma Bilgisi<\/strong><\/h3>\n<p data-start=\"2908\" data-end=\"3290\">Renault VIP d\u00f6n\u00fc\u015f\u00fcm fiyatlar\u0131, se\u00e7ilen donan\u0131m ve modelin \u00f6zelliklerine g\u00f6re de\u011fi\u015fir. Genel olarak, standart VIP uygulamalar yakla\u015f\u0131k 150.000 TL\u2019den ba\u015flar. Ancak, ki\u015fiselle\u015ftirilmi\u015f ve tam donan\u0131ml\u0131 projeler 600.000 TL ve \u00fczerine \u00e7\u0131kabilir. Buna ek olarak, s\u0131f\u0131r ara\u00e7 fiyat\u0131n\u0131 da ayr\u0131ca de\u011ferlendirmek gerekir. Daha detayl\u0131 bilgi almak i\u00e7in Turkey VIP ile ileti\u015fime ge\u00e7ebilirsiniz.<\/p>\n<h3><strong data-start=\"3292\" data-end=\"3333\">Neden Renault VIP Tercih Etmelisiniz?<\/strong><\/h3>\n<ul data-start=\"3335\" data-end=\"3591\">\n<li data-start=\"3335\" data-end=\"3388\">\n<p data-start=\"3337\" data-end=\"3388\">Renault\u2019nun sa\u011flam ve g\u00fcvenilir altyap\u0131s\u0131n\u0131 sunar<\/p>\n<\/li>\n<li data-start=\"3389\" data-end=\"3437\">\n<p data-start=\"3391\" data-end=\"3437\">Y\u00fcksek kaliteli malzeme ve i\u015f\u00e7ilikle donat\u0131r<\/p>\n<\/li>\n<li data-start=\"3438\" data-end=\"3483\">\n<p data-start=\"3440\" data-end=\"3483\">Tamamen ki\u015fiye \u00f6zel tasar\u0131m f\u0131rsat\u0131 verir<\/p>\n<\/li>\n<li data-start=\"3484\" data-end=\"3532\">\n<p data-start=\"3486\" data-end=\"3532\">Estetik ve fonksiyonelli\u011fi bir araya getirir<\/p>\n<\/li>\n<li data-start=\"3533\" data-end=\"3591\">\n<p data-start=\"3535\" data-end=\"3591\">Teknolojinin t\u00fcm avantajlar\u0131n\u0131 i\u00e7 dizayna entegre eder<\/p>\n<\/li>\n<\/ul>\n<p data-start=\"3593\" data-end=\"3701\">T\u00fcm bunlar\u0131n yan\u0131 s\u0131ra, Renault VIP ara\u00e7lar uzun vadede prestij ve konfor arayanlar i\u00e7in en do\u011fru tercihtir.<\/p>\n<h3><strong data-start=\"3703\" data-end=\"3722\">\u0130lgili Sayfalar<\/strong><\/h3>\n<ul data-start=\"3724\" data-end=\"3806\">\n<li data-start=\"3724\" data-end=\"3754\">\n<p data-start=\"3726\" data-end=\"3754\">Hyundai Staria VIP Ara\u00e7lar<\/p>\n<\/li>\n<li data-start=\"3755\" data-end=\"3782\">\n<p data-start=\"3757\" data-end=\"3782\">Citro\u00ebn VIP D\u00f6n\u00fc\u015f\u00fcmleri<\/p>\n<\/li>\n<li data-start=\"3783\" data-end=\"3806\">\n<p data-start=\"3785\" data-end=\"3806\">Peugeot VIP Modelleri<\/p>\n<\/li>\n<\/ul>\n<h3><strong data-start=\"3808\" data-end=\"3861\">Sonu\u00e7: VIP Yolculuklar Renault ile Daha Prestijli<\/strong><\/h3>\n<p data-start=\"3863\" data-end=\"4152\">\u00d6zetle, Renault VIP ara\u00e7lar ula\u015f\u0131m\u0131 konfor, teknoloji ve estetikle yeniden tan\u0131mlar. Turkey VIP uzmanl\u0131\u011f\u0131yla d\u00f6n\u00fc\u015ft\u00fcrd\u00fc\u011f\u00fcm\u00fcz Renault Master veya Trafic modelleri, hareket halindeyken bile \u00fcst d\u00fczey bir deneyim sunar. B\u00f6ylece, yolculuklar\u0131n\u0131z art\u0131k \u00e7ok daha prestijli ve keyifli hale gelir.<\/p>\t\t\t\t\t\t\t\t<\/div>\n\t\t\t\t<\/div>\n\t\t\t\t<div class=\"elementor-element elementor-element-194dc16 elementor-widget elementor-widget-image\" data-id=\"194dc16\" data-element_type=\"widget\" data-widget_type=\"image.default\">\n\t\t\t\t<div class=\"elementor-widget-container\">\n\t\t\t\t\t\t\t\t\t\t\t\t\t\t\t<img fetchpriority=\"high\" decoding=\"async\" width=\"800\" height=\"473\" src=\"https:\/\/turkeyvipdesign.com\/wp-content\/uploads\/2025\/05\/Renault-Master-Vip-Ic-Dizayn-800x473-1.jpg\" class=\"attachment-large size-large wp-image-6463\" alt=\"\" srcset=\"https:\/\/turkeyvipdesign.com\/wp-content\/uploads\/2025\/05\/Renault-Master-Vip-Ic-Dizayn-800x473-1.jpg 800w, https:\/\/turkeyvipdesign.com\/wp-content\/uploads\/2025\/05\/Renault-Master-Vip-Ic-Dizayn-800x473-1-300x177.jpg 300w, https:\/\/turkeyvipdesign.com\/wp-content\/uploads\/2025\/05\/Renault-Master-Vip-Ic-Dizayn-800x473-1-768x454.jpg 768w\" sizes=\"(max-width: 800px) 100vw, 800px\" \/>\t\t\t\t\t\t\t\t\t\t\t\t\t\t\t<\/div>\n\t\t\t\t<\/div>\n\t\t\t\t\t<\/div>\n\t\t\t\t<\/div>\n\t\t\t\t<\/div>","protected":false},"excerpt":{"rendered":"<p>[bdpp_tmpl layout_id=&#8221;8240&#8243;] Renault VIP Ara\u00e7lar: L\u00fcks ve Konforun Yeni Tan\u0131m\u0131 Renault VIP ara\u00e7lar, profesyonel ta\u015f\u0131mac\u0131l\u0131k ve bireysel l\u00fcks kullan\u0131m i\u00e7in \u00f6zel olarak geli\u015ftirilen \u00fcst segment d\u00f6n\u00fc\u015f\u00fcm modelleridir. \u00d6zellikle Renault Trafic VIP ve Renault Master VIP gibi modeller, geni\u015f i\u00e7 hacimleri ve geli\u015fmi\u015f teknolojik donan\u0131mlar\u0131 ile \u015f\u0131kl\u0131k ve konforu bir araya getirir. Ayr\u0131ca, bu ara\u00e7lar beklentileri [&hellip;]<\/p>","protected":false},"author":2,"featured_media":0,"parent":0,"menu_order":20,"comment_status":"closed","ping_status":"closed","template":"","meta":{"footnotes":""},"class_list":["post-6430","page","type-page","status-publish","hentry"],"yoast_head":"<!-- This site is optimized with the Yoast SEO Premium plugin v22.5 (Yoast SEO v25.9) - https:\/\/yoast.com\/wordpress\/plugins\/seo\/ -->\n<title>Renault VIP Trafic &amp; Master VIP Dizayn Hizmeti | Turkey VIP<\/title>\n<meta name=\"description\" content=\"Renault modelleri i\u00e7in VIP ara\u00e7 i\u00e7 dizayn \u00e7\u00f6z\u00fcmleri. Turkey VIP Ara\u00e7 Dizayn ile arac\u0131n\u0131z\u0131 l\u00fcks ve konforlu VIP alana d\u00f6n\u00fc\u015ft\u00fcr\u00fcn.\" \/>\n<meta name=\"robots\" content=\"index, follow, max-snippet:-1, max-image-preview:large, max-video-preview:-1\" \/>\n<link rel=\"canonical\" href=\"https:\/\/turkeyvipdesign.com\/en\/renault-vip-vehicle\/\" \/>\n<meta property=\"og:locale\" content=\"en_US\" \/>\n<meta property=\"og:type\" content=\"article\" \/>\n<meta property=\"og:title\" content=\"Renault VIP Ara\u00e7lar\" \/>\n<meta property=\"og:description\" content=\"Renault modelleri i\u00e7in VIP ara\u00e7 i\u00e7 dizayn \u00e7\u00f6z\u00fcmleri. Turkey VIP Ara\u00e7 Dizayn ile arac\u0131n\u0131z\u0131 l\u00fcks ve konforlu VIP alana d\u00f6n\u00fc\u015ft\u00fcr\u00fcn.\" \/>\n<meta property=\"og:url\" content=\"https:\/\/turkeyvipdesign.com\/en\/renault-vip-vehicle\/\" \/>\n<meta property=\"og:site_name\" content=\"Vip Dizayn T\u00fcrkiye | L\u00fcx Vip Ara\u00e7 Dizayn\" \/>\n<meta property=\"article:modified_time\" content=\"2025-09-05T11:15:24+00:00\" \/>\n<meta property=\"og:image\" content=\"https:\/\/turkeyvipdesign.com\/wp-content\/uploads\/2025\/05\/Renault-Master-Vip-Ic-Dizayn-800x473-1.jpg\" \/>\n<meta name=\"twitter:card\" content=\"summary_large_image\" \/>\n<meta name=\"twitter:label1\" content=\"Est. reading time\" \/>\n\t<meta name=\"twitter:data1\" content=\"4 minutes\" \/>\n<script type=\"application\/ld+json\" class=\"yoast-schema-graph\">{\"@context\":\"https:\/\/schema.org\",\"@graph\":[{\"@type\":\"WebPage\",\"@id\":\"https:\/\/turkeyvipdesign.com\/renault-vip-araclar\/\",\"url\":\"https:\/\/turkeyvipdesign.com\/renault-vip-araclar\/\",\"name\":\"Renault VIP Trafic & Master VIP Dizayn Hizmeti | Turkey VIP\",\"isPartOf\":{\"@id\":\"https:\/\/turkeyvipdesign.com\/#website\"},\"primaryImageOfPage\":{\"@id\":\"https:\/\/turkeyvipdesign.com\/renault-vip-araclar\/#primaryimage\"},\"image\":{\"@id\":\"https:\/\/turkeyvipdesign.com\/renault-vip-araclar\/#primaryimage\"},\"thumbnailUrl\":\"https:\/\/turkeyvipdesign.com\/wp-content\/uploads\/2025\/05\/Renault-Master-Vip-Ic-Dizayn-800x473-1.jpg\",\"datePublished\":\"2025-05-28T09:23:23+00:00\",\"dateModified\":\"2025-09-05T11:15:24+00:00\",\"description\":\"Renault modelleri i\u00e7in VIP ara\u00e7 i\u00e7 dizayn \u00e7\u00f6z\u00fcmleri. Turkey VIP Ara\u00e7 Dizayn ile arac\u0131n\u0131z\u0131 l\u00fcks ve konforlu VIP alana d\u00f6n\u00fc\u015ft\u00fcr\u00fcn.\",\"breadcrumb\":{\"@id\":\"https:\/\/turkeyvipdesign.com\/renault-vip-araclar\/#breadcrumb\"},\"inLanguage\":\"en-US\",\"potentialAction\":[{\"@type\":\"ReadAction\",\"target\":[\"https:\/\/turkeyvipdesign.com\/renault-vip-araclar\/\"]}]},{\"@type\":\"ImageObject\",\"inLanguage\":\"en-US\",\"@id\":\"https:\/\/turkeyvipdesign.com\/renault-vip-araclar\/#primaryimage\",\"url\":\"https:\/\/turkeyvipdesign.com\/wp-content\/uploads\/2025\/05\/Renault-Master-Vip-Ic-Dizayn-800x473-1.jpg\",\"contentUrl\":\"https:\/\/turkeyvipdesign.com\/wp-content\/uploads\/2025\/05\/Renault-Master-Vip-Ic-Dizayn-800x473-1.jpg\"},{\"@type\":\"BreadcrumbList\",\"@id\":\"https:\/\/turkeyvipdesign.com\/renault-vip-araclar\/#breadcrumb\",\"itemListElement\":[{\"@type\":\"ListItem\",\"position\":1,\"name\":\"Anasayfa\",\"item\":\"https:\/\/turkeyvipdesign.com\/\"},{\"@type\":\"ListItem\",\"position\":2,\"name\":\"Renault VIP Ara\u00e7lar\"}]},{\"@type\":\"WebSite\",\"@id\":\"https:\/\/turkeyvipdesign.com\/#website\",\"url\":\"https:\/\/turkeyvipdesign.com\/\",\"name\":\"Vip Dizayn T\u00fcrkiye | L\u00fcx Vip Ara\u00e7 Dizayn\",\"description\":\"Konforun Zirvesi, Esteti\u011fin ve Kalitenin Merkezi.\",\"publisher\":{\"@id\":\"https:\/\/turkeyvipdesign.com\/#organization\"},\"alternateName\":\"dizayn vip\",\"potentialAction\":[{\"@type\":\"SearchAction\",\"target\":{\"@type\":\"EntryPoint\",\"urlTemplate\":\"https:\/\/turkeyvipdesign.com\/?s={search_term_string}\"},\"query-input\":{\"@type\":\"PropertyValueSpecification\",\"valueRequired\":true,\"valueName\":\"search_term_string\"}}],\"inLanguage\":\"en-US\"},{\"@type\":\"Organization\",\"@id\":\"https:\/\/turkeyvipdesign.com\/#organization\",\"name\":\"Vip Dizayn T\u00fcrkiye\",\"alternateName\":\"dizayn vip\",\"url\":\"https:\/\/turkeyvipdesign.com\/\",\"logo\":{\"@type\":\"ImageObject\",\"inLanguage\":\"en-US\",\"@id\":\"https:\/\/turkeyvipdesign.com\/#\/schema\/logo\/image\/\",\"url\":\"https:\/\/turkeyvipdesign.com\/wp-content\/uploads\/2025\/06\/logo-512.png\",\"contentUrl\":\"https:\/\/turkeyvipdesign.com\/wp-content\/uploads\/2025\/06\/logo-512.png\",\"width\":512,\"height\":512,\"caption\":\"Vip Dizayn T\u00fcrkiye\"},\"image\":{\"@id\":\"https:\/\/turkeyvipdesign.com\/#\/schema\/logo\/image\/\"},\"sameAs\":[\"https:\/\/www.instagram.com\/turkeyvipdizayn\/\"]}]}<\/script>\n<!-- \/ Yoast SEO Premium plugin. -->","yoast_head_json":{"title":"Renault VIP Trafic & Master VIP Dizayn Hizmeti | Turkey VIP","description":"Renault modelleri i\u00e7in VIP ara\u00e7 i\u00e7 dizayn \u00e7\u00f6z\u00fcmleri. Turkey VIP Ara\u00e7 Dizayn ile arac\u0131n\u0131z\u0131 l\u00fcks ve konforlu VIP alana d\u00f6n\u00fc\u015ft\u00fcr\u00fcn.","robots":{"index":"index","follow":"follow","max-snippet":"max-snippet:-1","max-image-preview":"max-image-preview:large","max-video-preview":"max-video-preview:-1"},"canonical":"https:\/\/turkeyvipdesign.com\/en\/renault-vip-vehicle\/","og_locale":"en_US","og_type":"article","og_title":"Renault VIP Ara\u00e7lar","og_description":"Renault modelleri i\u00e7in VIP ara\u00e7 i\u00e7 dizayn \u00e7\u00f6z\u00fcmleri. Turkey VIP Ara\u00e7 Dizayn ile arac\u0131n\u0131z\u0131 l\u00fcks ve konforlu VIP alana d\u00f6n\u00fc\u015ft\u00fcr\u00fcn.","og_url":"https:\/\/turkeyvipdesign.com\/en\/renault-vip-vehicle\/","og_site_name":"Vip Dizayn T\u00fcrkiye | L\u00fcx Vip Ara\u00e7 Dizayn","article_modified_time":"2025-09-05T11:15:24+00:00","og_image":[{"url":"https:\/\/turkeyvipdesign.com\/wp-content\/uploads\/2025\/05\/Renault-Master-Vip-Ic-Dizayn-800x473-1.jpg","type":"","width":"","height":""}],"twitter_card":"summary_large_image","twitter_misc":{"Est. reading time":"4 minutes"},"schema":{"@context":"https:\/\/schema.org","@graph":[{"@type":"WebPage","@id":"https:\/\/turkeyvipdesign.com\/renault-vip-araclar\/","url":"https:\/\/turkeyvipdesign.com\/renault-vip-araclar\/","name":"Renault VIP Trafic & Master VIP Dizayn Hizmeti | Turkey VIP","isPartOf":{"@id":"https:\/\/turkeyvipdesign.com\/#website"},"primaryImageOfPage":{"@id":"https:\/\/turkeyvipdesign.com\/renault-vip-araclar\/#primaryimage"},"image":{"@id":"https:\/\/turkeyvipdesign.com\/renault-vip-araclar\/#primaryimage"},"thumbnailUrl":"https:\/\/turkeyvipdesign.com\/wp-content\/uploads\/2025\/05\/Renault-Master-Vip-Ic-Dizayn-800x473-1.jpg","datePublished":"2025-05-28T09:23:23+00:00","dateModified":"2025-09-05T11:15:24+00:00","description":"Renault modelleri i\u00e7in VIP ara\u00e7 i\u00e7 dizayn \u00e7\u00f6z\u00fcmleri. Turkey VIP Ara\u00e7 Dizayn ile arac\u0131n\u0131z\u0131 l\u00fcks ve konforlu VIP alana d\u00f6n\u00fc\u015ft\u00fcr\u00fcn.","breadcrumb":{"@id":"https:\/\/turkeyvipdesign.com\/renault-vip-araclar\/#breadcrumb"},"inLanguage":"en-US","potentialAction":[{"@type":"ReadAction","target":["https:\/\/turkeyvipdesign.com\/renault-vip-araclar\/"]}]},{"@type":"ImageObject","inLanguage":"en-US","@id":"https:\/\/turkeyvipdesign.com\/renault-vip-araclar\/#primaryimage","url":"https:\/\/turkeyvipdesign.com\/wp-content\/uploads\/2025\/05\/Renault-Master-Vip-Ic-Dizayn-800x473-1.jpg","contentUrl":"https:\/\/turkeyvipdesign.com\/wp-content\/uploads\/2025\/05\/Renault-Master-Vip-Ic-Dizayn-800x473-1.jpg"},{"@type":"BreadcrumbList","@id":"https:\/\/turkeyvipdesign.com\/renault-vip-araclar\/#breadcrumb","itemListElement":[{"@type":"ListItem","position":1,"name":"Anasayfa","item":"https:\/\/turkeyvipdesign.com\/"},{"@type":"ListItem","position":2,"name":"Renault VIP Ara\u00e7lar"}]},{"@type":"WebSite","@id":"https:\/\/turkeyvipdesign.com\/#website","url":"https:\/\/turkeyvipdesign.com\/","name":"Vip Design Turkey | Luxury Vip Car Design","description":"The Summit of Comfort, Center of Aesthetics and Quality.","publisher":{"@id":"https:\/\/turkeyvipdesign.com\/#organization"},"alternateName":"dizayn vip","potentialAction":[{"@type":"SearchAction","target":{"@type":"EntryPoint","urlTemplate":"https:\/\/turkeyvipdesign.com\/?s={search_term_string}"},"query-input":{"@type":"PropertyValueSpecification","valueRequired":true,"valueName":"search_term_string"}}],"inLanguage":"en-US"},{"@type":"Organization","@id":"https:\/\/turkeyvipdesign.com\/#organization","name":"Vip Dizayn Turkey","alternateName":"dizayn vip","url":"https:\/\/turkeyvipdesign.com\/","logo":{"@type":"ImageObject","inLanguage":"en-US","@id":"https:\/\/turkeyvipdesign.com\/#\/schema\/logo\/image\/","url":"https:\/\/turkeyvipdesign.com\/wp-content\/uploads\/2025\/06\/logo-512.png","contentUrl":"https:\/\/turkeyvipdesign.com\/wp-content\/uploads\/2025\/06\/logo-512.png","width":512,"height":512,"caption":"Vip Dizayn T\u00fcrkiye"},"image":{"@id":"https:\/\/turkeyvipdesign.com\/#\/schema\/logo\/image\/"},"sameAs":["https:\/\/www.instagram.com\/turkeyvipdizayn\/"]}]}},"_links":{"self":[{"href":"https:\/\/turkeyvipdesign.com\/en\/wp-json\/wp\/v2\/pages\/6430","targetHints":{"allow":["GET"]}}],"collection":[{"href":"https:\/\/turkeyvipdesign.com\/en\/wp-json\/wp\/v2\/pages"}],"about":[{"href":"https:\/\/turkeyvipdesign.com\/en\/wp-json\/wp\/v2\/types\/page"}],"author":[{"embeddable":true,"href":"https:\/\/turkeyvipdesign.com\/en\/wp-json\/wp\/v2\/users\/2"}],"replies":[{"embeddable":true,"href":"https:\/\/turkeyvipdesign.com\/en\/wp-json\/wp\/v2\/comments?post=6430"}],"version-history":[{"count":93,"href":"https:\/\/turkeyvipdesign.com\/en\/wp-json\/wp\/v2\/pages\/6430\/revisions"}],"predecessor-version":[{"id":9497,"href":"https:\/\/turkeyvipdesign.com\/en\/wp-json\/wp\/v2\/pages\/6430\/revisions\/9497"}],"wp:attachment":[{"href":"https:\/\/turkeyvipdesign.com\/en\/wp-json\/wp\/v2\/media?parent=6430"}],"curies":[{"name":"wp","href":"https:\/\/api.w.org\/{rel}","templated":true}]}}