{"id":6445,"date":"2025-05-28T11:17:00","date_gmt":"2025-05-28T11:17:00","guid":{"rendered":"https:\/\/turkeyvipdesign.com\/?page_id=6445"},"modified":"2025-09-04T13:01:59","modified_gmt":"2025-09-04T13:01:59","slug":"dis-dizayn","status":"publish","type":"page","link":"https:\/\/turkeyvipdesign.com\/en\/exterio-design\/","title":{"rendered":"Exterior Design"},"content":{"rendered":"<div data-elementor-type=\"wp-page\" data-elementor-id=\"6445\" class=\"elementor elementor-6445\">\n\t\t\t\t<div class=\"elementor-element elementor-element-a19dea7 e-flex e-con-boxed e-con e-parent\" data-id=\"a19dea7\" data-element_type=\"container\">\n\t\t\t\t\t<div class=\"e-con-inner\">\n\t\t\t\t<div class=\"elementor-element elementor-element-34821d6 elementor-grid-2 elementor-grid-tablet-2 elementor-grid-mobile-1 elementor-widget elementor-widget-elementor-blog-posts\" data-id=\"34821d6\" data-element_type=\"widget\" data-settings=\"{&quot;columns&quot;:&quot;2&quot;,&quot;columns_tablet&quot;:&quot;2&quot;,&quot;columns_mobile&quot;:&quot;1&quot;}\" data-widget_type=\"elementor-blog-posts.default\">\n\t\t\t\t<div class=\"elementor-widget-container\">\n\t\t\t\t\t\t\t<div class=\"wpcap-grid\">\n\t\t\t\t\t\t<div class=\"wpcap-grid-container elementor-grid wpcap-grid-desktop-2 wpcap-grid-tablet-2 wpcap-grid-mobile-1\">\n\n\t\t\t\t\n        <article id=\"post-5958\" class=\"wpcap-post post-5958 post type-post status-publish format-standard has-post-thumbnail hentry category-dis-dizayn\">\n         \n            <div class=\"post-grid-inner\">\n            \t\n            \t\t\t\t<div class=\"post-grid-thumbnail\">\n\t\t\t\t<a href=\"https:\/\/turkeyvipdesign.com\/en\/jant-lastik\/\">\n\t\t\t\t\t<img fetchpriority=\"high\" decoding=\"async\" width=\"1920\" height=\"1080\" src=\"https:\/\/turkeyvipdesign.com\/wp-content\/uploads\/2025\/05\/Jant-Lastik.jpg\" class=\"attachment-full size-full wp-post-image\" alt=\"\" srcset=\"https:\/\/turkeyvipdesign.com\/wp-content\/uploads\/2025\/05\/Jant-Lastik.jpg 1920w, https:\/\/turkeyvipdesign.com\/wp-content\/uploads\/2025\/05\/Jant-Lastik-300x169.jpg 300w, https:\/\/turkeyvipdesign.com\/wp-content\/uploads\/2025\/05\/Jant-Lastik-1024x576.jpg 1024w, https:\/\/turkeyvipdesign.com\/wp-content\/uploads\/2025\/05\/Jant-Lastik-768x432.jpg 768w, https:\/\/turkeyvipdesign.com\/wp-content\/uploads\/2025\/05\/Jant-Lastik-1536x864.jpg 1536w\" sizes=\"(max-width: 1920px) 100vw, 1920px\" \/>\t\t\t\t<\/a>\n\t\t\t<\/div>\n        \n                <div class=\"post-grid-text-wrap\">\n               \t\t\t\t<h3 class=\"title\">\n\t\t\t<a href=\"https:\/\/turkeyvipdesign.com\/en\/jant-lastik\/\">Rim Tire<\/a>\n\t\t<\/h3>\n\t\t\t                \t                \t                                <\/div>\n\n            <\/div><!-- .blog-inner -->\n           \n        <\/article>\n\n        \n        <article id=\"post-5953\" class=\"wpcap-post post-5953 post type-post status-publish format-standard has-post-thumbnail hentry category-dis-dizayn\">\n         \n            <div class=\"post-grid-inner\">\n            \t\n            \t\t\t\t<div class=\"post-grid-thumbnail\">\n\t\t\t\t<a href=\"https:\/\/turkeyvipdesign.com\/en\/step\/\">\n\t\t\t\t\t<img decoding=\"async\" width=\"800\" height=\"500\" src=\"https:\/\/turkeyvipdesign.com\/wp-content\/uploads\/2025\/05\/basamak-1.jpg\" class=\"attachment-full size-full wp-post-image\" alt=\"\" srcset=\"https:\/\/turkeyvipdesign.com\/wp-content\/uploads\/2025\/05\/basamak-1.jpg 800w, https:\/\/turkeyvipdesign.com\/wp-content\/uploads\/2025\/05\/basamak-1-300x188.jpg 300w, https:\/\/turkeyvipdesign.com\/wp-content\/uploads\/2025\/05\/basamak-1-768x480.jpg 768w\" sizes=\"(max-width: 800px) 100vw, 800px\" \/>\t\t\t\t<\/a>\n\t\t\t<\/div>\n        \n                <div class=\"post-grid-text-wrap\">\n               \t\t\t\t<h3 class=\"title\">\n\t\t\t<a href=\"https:\/\/turkeyvipdesign.com\/en\/step\/\">Step<\/a>\n\t\t<\/h3>\n\t\t\t                \t                \t                                <\/div>\n\n            <\/div><!-- .blog-inner -->\n           \n        <\/article>\n\n        \n        <article id=\"post-5948\" class=\"wpcap-post post-5948 post type-post status-publish format-standard has-post-thumbnail hentry category-dis-dizayn\">\n         \n            <div class=\"post-grid-inner\">\n            \t\n            \t\t\t\t<div class=\"post-grid-thumbnail\">\n\t\t\t\t<a href=\"https:\/\/turkeyvipdesign.com\/en\/tavan-citasi\/\">\n\t\t\t\t\t<img decoding=\"async\" width=\"1920\" height=\"1080\" src=\"https:\/\/turkeyvipdesign.com\/wp-content\/uploads\/2025\/05\/Tavan-Citasi.jpg\" class=\"attachment-full size-full wp-post-image\" alt=\"\" srcset=\"https:\/\/turkeyvipdesign.com\/wp-content\/uploads\/2025\/05\/Tavan-Citasi.jpg 1920w, https:\/\/turkeyvipdesign.com\/wp-content\/uploads\/2025\/05\/Tavan-Citasi-300x169.jpg 300w, https:\/\/turkeyvipdesign.com\/wp-content\/uploads\/2025\/05\/Tavan-Citasi-1024x576.jpg 1024w, https:\/\/turkeyvipdesign.com\/wp-content\/uploads\/2025\/05\/Tavan-Citasi-768x432.jpg 768w, https:\/\/turkeyvipdesign.com\/wp-content\/uploads\/2025\/05\/Tavan-Citasi-1536x864.jpg 1536w\" sizes=\"(max-width: 1920px) 100vw, 1920px\" \/>\t\t\t\t<\/a>\n\t\t\t<\/div>\n        \n                <div class=\"post-grid-text-wrap\">\n               \t\t\t\t<h3 class=\"title\">\n\t\t\t<a href=\"https:\/\/turkeyvipdesign.com\/en\/tavan-citasi\/\">Ceiling Lath<\/a>\n\t\t<\/h3>\n\t\t\t                \t                \t                                <\/div>\n\n            <\/div><!-- .blog-inner -->\n           \n        <\/article>\n\n        \n        <article id=\"post-5942\" class=\"wpcap-post post-5942 post type-post status-publish format-standard has-post-thumbnail hentry category-dis-dizayn\">\n         \n            <div class=\"post-grid-inner\">\n            \t\n            \t\t\t\t<div class=\"post-grid-thumbnail\">\n\t\t\t\t<a href=\"https:\/\/turkeyvipdesign.com\/en\/panjur\/\">\n\t\t\t\t\t<img loading=\"lazy\" decoding=\"async\" width=\"1920\" height=\"1080\" src=\"https:\/\/turkeyvipdesign.com\/wp-content\/uploads\/2025\/05\/Panjur.jpg\" class=\"attachment-full size-full wp-post-image\" alt=\"\" srcset=\"https:\/\/turkeyvipdesign.com\/wp-content\/uploads\/2025\/05\/Panjur.jpg 1920w, https:\/\/turkeyvipdesign.com\/wp-content\/uploads\/2025\/05\/Panjur-300x169.jpg 300w, https:\/\/turkeyvipdesign.com\/wp-content\/uploads\/2025\/05\/Panjur-1024x576.jpg 1024w, https:\/\/turkeyvipdesign.com\/wp-content\/uploads\/2025\/05\/Panjur-768x432.jpg 768w, https:\/\/turkeyvipdesign.com\/wp-content\/uploads\/2025\/05\/Panjur-1536x864.jpg 1536w\" sizes=\"(max-width: 1920px) 100vw, 1920px\" \/>\t\t\t\t<\/a>\n\t\t\t<\/div>\n        \n                <div class=\"post-grid-text-wrap\">\n               \t\t\t\t<h3 class=\"title\">\n\t\t\t<a href=\"https:\/\/turkeyvipdesign.com\/en\/panjur\/\">Blinds<\/a>\n\t\t<\/h3>\n\t\t\t                \t                \t                                <\/div>\n\n            <\/div><!-- .blog-inner -->\n           \n        <\/article>\n\n        \n        <article id=\"post-5936\" class=\"wpcap-post post-5936 post type-post status-publish format-standard has-post-thumbnail hentry category-dis-dizayn\">\n         \n            <div class=\"post-grid-inner\">\n            \t\n            \t\t\t\t<div class=\"post-grid-thumbnail\">\n\t\t\t\t<a href=\"https:\/\/turkeyvipdesign.com\/en\/park-stop\/\">\n\t\t\t\t\t<img loading=\"lazy\" decoding=\"async\" width=\"800\" height=\"500\" src=\"https:\/\/turkeyvipdesign.com\/wp-content\/uploads\/2025\/05\/parkstop.jpg\" class=\"attachment-full size-full wp-post-image\" alt=\"\" srcset=\"https:\/\/turkeyvipdesign.com\/wp-content\/uploads\/2025\/05\/parkstop.jpg 800w, https:\/\/turkeyvipdesign.com\/wp-content\/uploads\/2025\/05\/parkstop-300x188.jpg 300w, https:\/\/turkeyvipdesign.com\/wp-content\/uploads\/2025\/05\/parkstop-768x480.jpg 768w\" sizes=\"(max-width: 800px) 100vw, 800px\" \/>\t\t\t\t<\/a>\n\t\t\t<\/div>\n        \n                <div class=\"post-grid-text-wrap\">\n               \t\t\t\t<h3 class=\"title\">\n\t\t\t<a href=\"https:\/\/turkeyvipdesign.com\/en\/park-stop\/\">Park Stop<\/a>\n\t\t<\/h3>\n\t\t\t                \t                \t                                <\/div>\n\n            <\/div><!-- .blog-inner -->\n           \n        <\/article>\n\n        \n        <article id=\"post-5930\" class=\"wpcap-post post-5930 post type-post status-publish format-standard has-post-thumbnail hentry category-dis-dizayn\">\n         \n            <div class=\"post-grid-inner\">\n            \t\n            \t\t\t\t<div class=\"post-grid-thumbnail\">\n\t\t\t\t<a href=\"https:\/\/turkeyvipdesign.com\/en\/dis-body-kit\/\">\n\t\t\t\t\t<img loading=\"lazy\" decoding=\"async\" width=\"1920\" height=\"1080\" src=\"https:\/\/turkeyvipdesign.com\/wp-content\/uploads\/2025\/05\/Dis-Body-Kit.jpg\" class=\"attachment-full size-full wp-post-image\" alt=\"\" srcset=\"https:\/\/turkeyvipdesign.com\/wp-content\/uploads\/2025\/05\/Dis-Body-Kit.jpg 1920w, https:\/\/turkeyvipdesign.com\/wp-content\/uploads\/2025\/05\/Dis-Body-Kit-300x169.jpg 300w, https:\/\/turkeyvipdesign.com\/wp-content\/uploads\/2025\/05\/Dis-Body-Kit-1024x576.jpg 1024w, https:\/\/turkeyvipdesign.com\/wp-content\/uploads\/2025\/05\/Dis-Body-Kit-768x432.jpg 768w, https:\/\/turkeyvipdesign.com\/wp-content\/uploads\/2025\/05\/Dis-Body-Kit-1536x864.jpg 1536w\" sizes=\"(max-width: 1920px) 100vw, 1920px\" \/>\t\t\t\t<\/a>\n\t\t\t<\/div>\n        \n                <div class=\"post-grid-text-wrap\">\n               \t\t\t\t<h3 class=\"title\">\n\t\t\t<a href=\"https:\/\/turkeyvipdesign.com\/en\/dis-body-kit\/\">External Body Kit<\/a>\n\t\t<\/h3>\n\t\t\t                \t                \t                                <\/div>\n\n            <\/div><!-- .blog-inner -->\n           \n        <\/article>\n\n        \n\t\t\t<\/div>\n\t\t<\/div>\n\t\t\t\t\t\t<\/div>\n\t\t\t\t<\/div>\n\t\t\t\t\t<\/div>\n\t\t\t\t<\/div>\n\t\t<div class=\"elementor-element elementor-element-2cc6824 e-flex e-con-boxed e-con e-parent\" data-id=\"2cc6824\" data-element_type=\"container\">\n\t\t\t\t\t<div class=\"e-con-inner\">\n\t\t\t\t<div class=\"elementor-element elementor-element-91511b7 elementor-widget elementor-widget-text-editor\" data-id=\"91511b7\" data-element_type=\"widget\" data-widget_type=\"text-editor.default\">\n\t\t\t\t<div class=\"elementor-widget-container\">\n\t\t\t\t\t\t\t\t\t<h2 data-start=\"236\" data-end=\"275\">D\u0131\u015f Dizayn Uygulamalar\u0131 | Turkey VIP<\/h2><p data-start=\"277\" data-end=\"561\">Arac\u0131n\u0131z\u0131n d\u0131\u015f g\u00f6r\u00fcn\u00fcm\u00fc, hem ilk izlenimi olu\u015fturur hem de tarz\u0131n\u0131z\u0131 yans\u0131t\u0131r. <strong data-start=\"356\" data-end=\"370\">Turkey VIP<\/strong> olarak yaln\u0131zca i\u00e7 mek\u00e2na de\u011fil, d\u0131\u015f tasar\u0131ma da estetik ve i\u015flevsellik kazand\u0131r\u0131yoruz. Sundu\u011fumuz \u00e7\u00f6z\u00fcmlerle arac\u0131n\u0131z\u0131 hem dikkat \u00e7ekici hale getiriyor hem de kullan\u0131m kolayl\u0131\u011f\u0131 sa\u011fl\u0131yoruz.<\/p><hr data-start=\"563\" data-end=\"566\" \/><h3 data-start=\"568\" data-end=\"599\">Jant ve Lastik Uygulamalar\u0131<\/h3><p data-start=\"601\" data-end=\"880\">\u0130lk ad\u0131mda jant ve lastikler, d\u0131\u015f g\u00f6r\u00fcn\u00fcm\u00fcn temelini olu\u015fturur. <strong data-start=\"665\" data-end=\"719\">Sportif, klasik veya \u00f6zel \u00fcretim jant modelleriyle<\/strong> arac\u0131n\u0131za g\u00fc\u00e7l\u00fc bir duru\u015f kazand\u0131r\u0131yoruz. Ayr\u0131ca, performans odakl\u0131 lastik se\u00e7enekleriyle s\u00fcr\u00fc\u015f konforunu art\u0131r\u0131yor ve yol g\u00fcvenli\u011fini \u00fcst seviyeye \u00e7\u0131kar\u0131yoruz.<\/p><hr data-start=\"882\" data-end=\"885\" \/><h3 data-start=\"887\" data-end=\"909\">Basamak Sistemleri<\/h3><p data-start=\"911\" data-end=\"1182\">\u00d6zellikle SUV ve ticari ara\u00e7larda ini\u015f-bini\u015f s\u0131ras\u0131nda konfor \u00f6n plana \u00e7\u0131kar. Bu noktada devreye <strong data-start=\"1008\" data-end=\"1037\">yan basamak sistemlerimiz<\/strong> giriyor. Al\u00fcminyum veya paslanmaz \u00e7elik gibi dayan\u0131kl\u0131 malzemelerle tasarlad\u0131\u011f\u0131m\u0131z bu sistemler, araca hem \u015f\u0131kl\u0131k hem de i\u015flevsellik kazand\u0131r\u0131r.<\/p><hr data-start=\"1184\" data-end=\"1187\" \/><h3 data-start=\"1189\" data-end=\"1228\">Tavan \u00c7\u0131tas\u0131 ile Fonksiyonel \u015e\u0131kl\u0131k<\/h3><p data-start=\"1230\" data-end=\"1517\">Hem \u015f\u0131k hem de pratik bir detay ar\u0131yorsan\u0131z, <strong data-start=\"1275\" data-end=\"1304\">tavan \u00e7\u0131tas\u0131 uygulamalar\u0131<\/strong> tam size g\u00f6re. Bu sistemler, bagaj kapasitesini art\u0131r\u0131rken port bagaj veya bisiklet ta\u015f\u0131y\u0131c\u0131 gibi ekipmanlar\u0131 da kolayca monte etmenizi sa\u011flar. \u00dcstelik, siyah ve krom kaplama se\u00e7enekleriyle araca tam uyum sa\u011flar.<\/p><hr data-start=\"1519\" data-end=\"1522\" \/><h3 data-start=\"1524\" data-end=\"1560\">Panjur Tasar\u0131m\u0131 ile Fark Yarat\u0131n<\/h3><p data-start=\"1562\" data-end=\"1825\">Panjur, arac\u0131n \u00f6n y\u00fcz\u00fcn\u00fc belirleyen en dikkat \u00e7ekici detaylardan biridir. \u00d6n tasar\u0131m\u0131 yenilemek isteyen kullan\u0131c\u0131lar i\u00e7in <strong data-start=\"1684\" data-end=\"1703\">panjur de\u011fi\u015fimi<\/strong> g\u00fc\u00e7l\u00fc bir se\u00e7enek sunar. Mat siyah, piano black ya da krom y\u00fczey se\u00e7enekleriyle panjurlar\u0131 araca \u00f6zel olarak uyguluyoruz.<\/p><hr data-start=\"1827\" data-end=\"1830\" \/><h3 data-start=\"1832\" data-end=\"1856\">Park Stop Sistemleri<\/h3><p data-start=\"1858\" data-end=\"2135\">Geri manevralarda olu\u015fabilecek k\u00fc\u00e7\u00fck temaslar, zamanla ciddi masraflara neden olabilir. Bu y\u00fczden, <strong data-start=\"1957\" data-end=\"1983\">park stop sistemlerini<\/strong> devreye al\u0131yoruz. Bu uygulama, tamponu korurken ayn\u0131 zamanda estetik g\u00f6r\u00fcn\u00fcm\u00fc de destekler. Sonu\u00e7 olarak hem g\u00fcvenli\u011fi hem de g\u00f6r\u00fcn\u00fcm\u00fc g\u00fc\u00e7lendiriyoruz.<\/p><hr data-start=\"2137\" data-end=\"2140\" \/><h3 data-start=\"2142\" data-end=\"2171\">Body Kit ve Aero Paketler<\/h3><p data-start=\"2173\" data-end=\"2481\">Arac\u0131n\u0131za sportif bir karakter kazand\u0131rmak istiyorsan\u0131z, <strong data-start=\"2230\" data-end=\"2255\">body kit uygulamalar\u0131<\/strong> tam size g\u00f6re. \u00d6n tampon, arka dif\u00fcz\u00f6r, yan mar\u015fpiyel ve spoiler gibi par\u00e7alar\u0131 kullanarak dinamik ve agresif bir g\u00f6r\u00fcn\u00fcm olu\u015fturuyoruz. Ayr\u0131ca, bu par\u00e7alar yaln\u0131zca estetik katk\u0131 sa\u011flamaz; aerodinamik performans\u0131 da art\u0131r\u0131r.<\/p><hr data-start=\"2483\" data-end=\"2486\" \/><h3 data-start=\"2488\" data-end=\"2497\">Sonu\u00e7<\/h3><p data-start=\"2499\" data-end=\"2728\"><strong data-start=\"2499\" data-end=\"2547\">Turkey VIP olarak d\u0131\u015f dizayn uygulamalar\u0131nda<\/strong> estetik, performans ve g\u00fcvenli\u011fi bir araya getiriyoruz. Ara\u00e7lar\u0131n\u0131za sadece stil katmakla kalm\u0131yor, ayn\u0131 zamanda her detay\u0131 kullan\u0131m deneyiminizi geli\u015ftirecek \u015fekilde tasarl\u0131yoruz.<\/p>\t\t\t\t\t\t\t\t<\/div>\n\t\t\t\t<\/div>\n\t\t\t\t\t<\/div>\n\t\t\t\t<\/div>\n\t\t\t\t<\/div>","protected":false},"excerpt":{"rendered":"<p>Jant Lastik Basamak Tavan \u00c7\u0131tas\u0131 Panjur Park Stop D\u0131\u015f Body Kit D\u0131\u015f Dizayn Uygulamalar\u0131 | Turkey VIP Arac\u0131n\u0131z\u0131n d\u0131\u015f g\u00f6r\u00fcn\u00fcm\u00fc, hem ilk izlenimi olu\u015fturur hem de tarz\u0131n\u0131z\u0131 yans\u0131t\u0131r. Turkey VIP olarak yaln\u0131zca i\u00e7 mek\u00e2na de\u011fil, d\u0131\u015f tasar\u0131ma da estetik ve i\u015flevsellik kazand\u0131r\u0131yoruz. Sundu\u011fumuz \u00e7\u00f6z\u00fcmlerle arac\u0131n\u0131z\u0131 hem dikkat \u00e7ekici hale getiriyor hem de kullan\u0131m kolayl\u0131\u011f\u0131 sa\u011fl\u0131yoruz. [&hellip;]<\/p>","protected":false},"author":2,"featured_media":0,"parent":0,"menu_order":14,"comment_status":"closed","ping_status":"closed","template":"","meta":{"footnotes":""},"class_list":["post-6445","page","type-page","status-publish","hentry"],"yoast_head":"<!-- This site is optimized with the Yoast SEO Premium plugin v22.5 (Yoast SEO v25.9) - https:\/\/yoast.com\/wordpress\/plugins\/seo\/ -->\n<title>D\u0131\u015f Dizayn | Turkey VIP Ara\u00e7 Dizayn \u2013 \u00d6zg\u00fcn ve \u015e\u0131k Ara\u00e7 Tasar\u0131m\u0131<\/title>\n<meta name=\"description\" content=\"Ara\u00e7 kaplama, jant, cam filmi ve d\u0131\u015f aksesuarlarla arac\u0131n\u0131za \u00f6zel bir g\u00f6r\u00fcn\u00fcm kazand\u0131r\u0131n. VIP d\u0131\u015f dizayn i\u00e7in Turkey VIP Ara\u00e7 Dizayn.\" \/>\n<meta name=\"robots\" content=\"index, follow, max-snippet:-1, max-image-preview:large, max-video-preview:-1\" \/>\n<link rel=\"canonical\" href=\"https:\/\/turkeyvipdesign.com\/en\/exterio-design\/\" \/>\n<meta property=\"og:locale\" content=\"en_US\" \/>\n<meta property=\"og:type\" content=\"article\" \/>\n<meta property=\"og:title\" content=\"D\u0131\u015f Dizayn\" \/>\n<meta property=\"og:description\" content=\"Ara\u00e7 kaplama, jant, cam filmi ve d\u0131\u015f aksesuarlarla arac\u0131n\u0131za \u00f6zel bir g\u00f6r\u00fcn\u00fcm kazand\u0131r\u0131n. VIP d\u0131\u015f dizayn i\u00e7in Turkey VIP Ara\u00e7 Dizayn.\" \/>\n<meta property=\"og:url\" content=\"https:\/\/turkeyvipdesign.com\/en\/exterio-design\/\" \/>\n<meta property=\"og:site_name\" content=\"Vip Dizayn T\u00fcrkiye | L\u00fcx Vip Ara\u00e7 Dizayn\" \/>\n<meta property=\"article:modified_time\" content=\"2025-09-04T13:01:59+00:00\" \/>\n<meta property=\"og:image\" content=\"https:\/\/turkeyvipdesign.com\/wp-content\/uploads\/2025\/05\/Jant-Lastik.jpg\" \/>\n<meta name=\"twitter:card\" content=\"summary_large_image\" \/>\n<meta name=\"twitter:label1\" content=\"Est. reading time\" \/>\n\t<meta name=\"twitter:data1\" content=\"4 minutes\" \/>\n<script type=\"application\/ld+json\" class=\"yoast-schema-graph\">{\"@context\":\"https:\/\/schema.org\",\"@graph\":[{\"@type\":\"WebPage\",\"@id\":\"https:\/\/turkeyvipdesign.com\/dis-dizayn\/\",\"url\":\"https:\/\/turkeyvipdesign.com\/dis-dizayn\/\",\"name\":\"D\u0131\u015f Dizayn | Turkey VIP Ara\u00e7 Dizayn \u2013 \u00d6zg\u00fcn ve \u015e\u0131k Ara\u00e7 Tasar\u0131m\u0131\",\"isPartOf\":{\"@id\":\"https:\/\/turkeyvipdesign.com\/#website\"},\"primaryImageOfPage\":{\"@id\":\"https:\/\/turkeyvipdesign.com\/dis-dizayn\/#primaryimage\"},\"image\":{\"@id\":\"https:\/\/turkeyvipdesign.com\/dis-dizayn\/#primaryimage\"},\"thumbnailUrl\":\"https:\/\/turkeyvipdesign.com\/wp-content\/uploads\/2025\/05\/Jant-Lastik.jpg\",\"datePublished\":\"2025-05-28T11:17:00+00:00\",\"dateModified\":\"2025-09-04T13:01:59+00:00\",\"description\":\"Ara\u00e7 kaplama, jant, cam filmi ve d\u0131\u015f aksesuarlarla arac\u0131n\u0131za \u00f6zel bir g\u00f6r\u00fcn\u00fcm kazand\u0131r\u0131n. VIP d\u0131\u015f dizayn i\u00e7in Turkey VIP Ara\u00e7 Dizayn.\",\"breadcrumb\":{\"@id\":\"https:\/\/turkeyvipdesign.com\/dis-dizayn\/#breadcrumb\"},\"inLanguage\":\"en-US\",\"potentialAction\":[{\"@type\":\"ReadAction\",\"target\":[\"https:\/\/turkeyvipdesign.com\/dis-dizayn\/\"]}]},{\"@type\":\"ImageObject\",\"inLanguage\":\"en-US\",\"@id\":\"https:\/\/turkeyvipdesign.com\/dis-dizayn\/#primaryimage\",\"url\":\"https:\/\/turkeyvipdesign.com\/wp-content\/uploads\/2025\/05\/Jant-Lastik.jpg\",\"contentUrl\":\"https:\/\/turkeyvipdesign.com\/wp-content\/uploads\/2025\/05\/Jant-Lastik.jpg\"},{\"@type\":\"BreadcrumbList\",\"@id\":\"https:\/\/turkeyvipdesign.com\/dis-dizayn\/#breadcrumb\",\"itemListElement\":[{\"@type\":\"ListItem\",\"position\":1,\"name\":\"Anasayfa\",\"item\":\"https:\/\/turkeyvipdesign.com\/\"},{\"@type\":\"ListItem\",\"position\":2,\"name\":\"D\u0131\u015f Dizayn\"}]},{\"@type\":\"WebSite\",\"@id\":\"https:\/\/turkeyvipdesign.com\/#website\",\"url\":\"https:\/\/turkeyvipdesign.com\/\",\"name\":\"Vip Dizayn T\u00fcrkiye | L\u00fcx Vip Ara\u00e7 Dizayn\",\"description\":\"Konforun Zirvesi, Esteti\u011fin ve Kalitenin Merkezi.\",\"publisher\":{\"@id\":\"https:\/\/turkeyvipdesign.com\/#organization\"},\"alternateName\":\"dizayn vip\",\"potentialAction\":[{\"@type\":\"SearchAction\",\"target\":{\"@type\":\"EntryPoint\",\"urlTemplate\":\"https:\/\/turkeyvipdesign.com\/?s={search_term_string}\"},\"query-input\":{\"@type\":\"PropertyValueSpecification\",\"valueRequired\":true,\"valueName\":\"search_term_string\"}}],\"inLanguage\":\"en-US\"},{\"@type\":\"Organization\",\"@id\":\"https:\/\/turkeyvipdesign.com\/#organization\",\"name\":\"Vip Dizayn T\u00fcrkiye\",\"alternateName\":\"dizayn vip\",\"url\":\"https:\/\/turkeyvipdesign.com\/\",\"logo\":{\"@type\":\"ImageObject\",\"inLanguage\":\"en-US\",\"@id\":\"https:\/\/turkeyvipdesign.com\/#\/schema\/logo\/image\/\",\"url\":\"https:\/\/turkeyvipdesign.com\/wp-content\/uploads\/2025\/06\/logo-512.png\",\"contentUrl\":\"https:\/\/turkeyvipdesign.com\/wp-content\/uploads\/2025\/06\/logo-512.png\",\"width\":512,\"height\":512,\"caption\":\"Vip Dizayn T\u00fcrkiye\"},\"image\":{\"@id\":\"https:\/\/turkeyvipdesign.com\/#\/schema\/logo\/image\/\"},\"sameAs\":[\"https:\/\/www.instagram.com\/turkeyvipdizayn\/\"]}]}<\/script>\n<!-- \/ Yoast SEO Premium plugin. -->","yoast_head_json":{"title":"D\u0131\u015f Dizayn | Turkey VIP Ara\u00e7 Dizayn \u2013 \u00d6zg\u00fcn ve \u015e\u0131k Ara\u00e7 Tasar\u0131m\u0131","description":"Ara\u00e7 kaplama, jant, cam filmi ve d\u0131\u015f aksesuarlarla arac\u0131n\u0131za \u00f6zel bir g\u00f6r\u00fcn\u00fcm kazand\u0131r\u0131n. VIP d\u0131\u015f dizayn i\u00e7in Turkey VIP Ara\u00e7 Dizayn.","robots":{"index":"index","follow":"follow","max-snippet":"max-snippet:-1","max-image-preview":"max-image-preview:large","max-video-preview":"max-video-preview:-1"},"canonical":"https:\/\/turkeyvipdesign.com\/en\/exterio-design\/","og_locale":"en_US","og_type":"article","og_title":"D\u0131\u015f Dizayn","og_description":"Ara\u00e7 kaplama, jant, cam filmi ve d\u0131\u015f aksesuarlarla arac\u0131n\u0131za \u00f6zel bir g\u00f6r\u00fcn\u00fcm kazand\u0131r\u0131n. VIP d\u0131\u015f dizayn i\u00e7in Turkey VIP Ara\u00e7 Dizayn.","og_url":"https:\/\/turkeyvipdesign.com\/en\/exterio-design\/","og_site_name":"Vip Dizayn T\u00fcrkiye | L\u00fcx Vip Ara\u00e7 Dizayn","article_modified_time":"2025-09-04T13:01:59+00:00","og_image":[{"url":"https:\/\/turkeyvipdesign.com\/wp-content\/uploads\/2025\/05\/Jant-Lastik.jpg","type":"","width":"","height":""}],"twitter_card":"summary_large_image","twitter_misc":{"Est. reading time":"4 minutes"},"schema":{"@context":"https:\/\/schema.org","@graph":[{"@type":"WebPage","@id":"https:\/\/turkeyvipdesign.com\/dis-dizayn\/","url":"https:\/\/turkeyvipdesign.com\/dis-dizayn\/","name":"D\u0131\u015f Dizayn | Turkey VIP Ara\u00e7 Dizayn \u2013 \u00d6zg\u00fcn ve \u015e\u0131k Ara\u00e7 Tasar\u0131m\u0131","isPartOf":{"@id":"https:\/\/turkeyvipdesign.com\/#website"},"primaryImageOfPage":{"@id":"https:\/\/turkeyvipdesign.com\/dis-dizayn\/#primaryimage"},"image":{"@id":"https:\/\/turkeyvipdesign.com\/dis-dizayn\/#primaryimage"},"thumbnailUrl":"https:\/\/turkeyvipdesign.com\/wp-content\/uploads\/2025\/05\/Jant-Lastik.jpg","datePublished":"2025-05-28T11:17:00+00:00","dateModified":"2025-09-04T13:01:59+00:00","description":"Ara\u00e7 kaplama, jant, cam filmi ve d\u0131\u015f aksesuarlarla arac\u0131n\u0131za \u00f6zel bir g\u00f6r\u00fcn\u00fcm kazand\u0131r\u0131n. VIP d\u0131\u015f dizayn i\u00e7in Turkey VIP Ara\u00e7 Dizayn.","breadcrumb":{"@id":"https:\/\/turkeyvipdesign.com\/dis-dizayn\/#breadcrumb"},"inLanguage":"en-US","potentialAction":[{"@type":"ReadAction","target":["https:\/\/turkeyvipdesign.com\/dis-dizayn\/"]}]},{"@type":"ImageObject","inLanguage":"en-US","@id":"https:\/\/turkeyvipdesign.com\/dis-dizayn\/#primaryimage","url":"https:\/\/turkeyvipdesign.com\/wp-content\/uploads\/2025\/05\/Jant-Lastik.jpg","contentUrl":"https:\/\/turkeyvipdesign.com\/wp-content\/uploads\/2025\/05\/Jant-Lastik.jpg"},{"@type":"BreadcrumbList","@id":"https:\/\/turkeyvipdesign.com\/dis-dizayn\/#breadcrumb","itemListElement":[{"@type":"ListItem","position":1,"name":"Anasayfa","item":"https:\/\/turkeyvipdesign.com\/"},{"@type":"ListItem","position":2,"name":"D\u0131\u015f Dizayn"}]},{"@type":"WebSite","@id":"https:\/\/turkeyvipdesign.com\/#website","url":"https:\/\/turkeyvipdesign.com\/","name":"Vip Design Turkey | Luxury Vip Car Design","description":"The Summit of Comfort, Center of Aesthetics and Quality.","publisher":{"@id":"https:\/\/turkeyvipdesign.com\/#organization"},"alternateName":"dizayn vip","potentialAction":[{"@type":"SearchAction","target":{"@type":"EntryPoint","urlTemplate":"https:\/\/turkeyvipdesign.com\/?s={search_term_string}"},"query-input":{"@type":"PropertyValueSpecification","valueRequired":true,"valueName":"search_term_string"}}],"inLanguage":"en-US"},{"@type":"Organization","@id":"https:\/\/turkeyvipdesign.com\/#organization","name":"Vip Dizayn Turkey","alternateName":"dizayn vip","url":"https:\/\/turkeyvipdesign.com\/","logo":{"@type":"ImageObject","inLanguage":"en-US","@id":"https:\/\/turkeyvipdesign.com\/#\/schema\/logo\/image\/","url":"https:\/\/turkeyvipdesign.com\/wp-content\/uploads\/2025\/06\/logo-512.png","contentUrl":"https:\/\/turkeyvipdesign.com\/wp-content\/uploads\/2025\/06\/logo-512.png","width":512,"height":512,"caption":"Vip Dizayn T\u00fcrkiye"},"image":{"@id":"https:\/\/turkeyvipdesign.com\/#\/schema\/logo\/image\/"},"sameAs":["https:\/\/www.instagram.com\/turkeyvipdizayn\/"]}]}},"_links":{"self":[{"href":"https:\/\/turkeyvipdesign.com\/en\/wp-json\/wp\/v2\/pages\/6445","targetHints":{"allow":["GET"]}}],"collection":[{"href":"https:\/\/turkeyvipdesign.com\/en\/wp-json\/wp\/v2\/pages"}],"about":[{"href":"https:\/\/turkeyvipdesign.com\/en\/wp-json\/wp\/v2\/types\/page"}],"author":[{"embeddable":true,"href":"https:\/\/turkeyvipdesign.com\/en\/wp-json\/wp\/v2\/users\/2"}],"replies":[{"embeddable":true,"href":"https:\/\/turkeyvipdesign.com\/en\/wp-json\/wp\/v2\/comments?post=6445"}],"version-history":[{"count":40,"href":"https:\/\/turkeyvipdesign.com\/en\/wp-json\/wp\/v2\/pages\/6445\/revisions"}],"predecessor-version":[{"id":9118,"href":"https:\/\/turkeyvipdesign.com\/en\/wp-json\/wp\/v2\/pages\/6445\/revisions\/9118"}],"wp:attachment":[{"href":"https:\/\/turkeyvipdesign.com\/en\/wp-json\/wp\/v2\/media?parent=6445"}],"curies":[{"name":"wp","href":"https:\/\/api.w.org\/{rel}","templated":true}]}}