{"id":6925,"date":"2025-06-11T08:22:00","date_gmt":"2025-06-11T08:22:00","guid":{"rendered":"https:\/\/turkeyvipdesign.com\/?page_id=6925"},"modified":"2025-09-04T13:52:47","modified_gmt":"2025-09-04T13:52:47","slug":"vip-araclar","status":"publish","type":"page","link":"https:\/\/turkeyvipdesign.com\/en\/vip-vehicles\/","title":{"rendered":"Vip Vehicles"},"content":{"rendered":"<div data-elementor-type=\"wp-page\" data-elementor-id=\"6925\" class=\"elementor elementor-6925\">\n\t\t\t\t<div class=\"elementor-element elementor-element-fd22a82 e-flex e-con-boxed e-con e-parent\" data-id=\"fd22a82\" data-element_type=\"container\">\n\t\t\t\t\t<div class=\"e-con-inner\">\n\t\t\t\t<div class=\"elementor-element elementor-element-40c783c elementor-widget elementor-widget-text-editor\" data-id=\"40c783c\" data-element_type=\"widget\" data-widget_type=\"text-editor.default\">\n\t\t\t\t<div class=\"elementor-widget-container\">\n\t\t\t\t\t\t\t\t\t<h2 data-start=\"205\" data-end=\"262\">Turkey VIP - Specialization in Personalized VIP Vehicle Design<\/h2><p data-start=\"264\" data-end=\"650\">Turkey VIP is one of Turkey's leading companies in VIP vehicle interior design. We realize personalized transformations especially for models such as Mercedes Vito, Hyundai Staria, Volkswagen Transporter and Renault Trafic. In addition, we transform vehicles into comfortable living spaces by offering customer-specific projects for models such as Citro\u00ebn SpaceTourer and Opel Zafira Life.<\/p><p data-start=\"652\" data-end=\"877\">We start each project by understanding the customer's expectations. We then carry out the entire production process by hand and with high quality standards. The result is an interior that is both aesthetic and functional.<\/p><h3 data-start=\"879\" data-end=\"923\">Combining Functionality and Comfort<\/h3><p data-start=\"925\" data-end=\"1242\">VIP vehicle conversions are not just about visual appeal; they also include high-end solutions in terms of comfort and technology. For example, we integrate massage, heating and reclining features into the seats. We also fully customize the interior with LED lighting, natural wood finishes and intelligent control systems.<\/p><p data-start=\"1244\" data-end=\"1478\">Moreover, we guarantee both security and technological integration by installing the electrical infrastructure from the beginning. We design all these systems to work in synchronization. Thus, the user experience is maximized.<\/p>\t\t\t\t\t\t\t\t<\/div>\n\t\t\t\t<\/div>\n\t\t\t\t<div class=\"elementor-element elementor-element-b36c965 elementor-widget elementor-widget-text-editor\" data-id=\"b36c965\" data-element_type=\"widget\" data-widget_type=\"text-editor.default\">\n\t\t\t\t<div class=\"elementor-widget-container\">\n\t\t\t\t\t\t\t\t\t<h3 data-start=\"1480\" data-end=\"1518\">VIP Solutions for Corporate Fleets<\/h3><p data-start=\"1520\" data-end=\"1867\">VIP conversions provide a great advantage especially for companies engaged in transfer, tourism and executive transportation. Accordingly, we develop customized solutions for commercial vehicles such as Renault Trafic, Peugeot Traveller and Mercedes Sprinter. Moreover, we facilitate the decision process of customers by providing 3D design preview support before starting projects.<\/p><p data-start=\"1869\" data-end=\"2096\">What's more, VIP conversions not only offer comfort, but also significantly increase the second-hand value of the vehicle. For example, Mercedes Vito VIP conversion vehicles fetch higher prices in the market.<\/p>\t\t\t\t\t\t\t\t<\/div>\n\t\t\t\t<\/div>\n\t\t\t\t\t<\/div>\n\t\t\t\t<\/div>\n\t\t<div class=\"elementor-element elementor-element-99109c9 e-flex e-con-boxed e-con e-parent\" data-id=\"99109c9\" data-element_type=\"container\">\n\t\t\t\t\t<div class=\"e-con-inner\">\n\t\t\t\t<div class=\"elementor-element elementor-element-f5b01e6 elementor-grid-2 elementor-grid-tablet-2 elementor-grid-mobile-1 elementor-widget elementor-widget-elementor-blog-posts\" data-id=\"f5b01e6\" data-element_type=\"widget\" data-settings=\"{&quot;columns&quot;:&quot;2&quot;,&quot;columns_tablet&quot;:&quot;2&quot;,&quot;columns_mobile&quot;:&quot;1&quot;}\" data-widget_type=\"elementor-blog-posts.default\">\n\t\t\t\t<div class=\"elementor-widget-container\">\n\t\t\t\t\t\t\t<div class=\"wpcap-grid\">\n\t\t\t\t\t\t<div class=\"wpcap-grid-container elementor-grid wpcap-grid-desktop-2 wpcap-grid-tablet-2 wpcap-grid-mobile-1\">\n\n\t\t\t\t\n        <article id=\"post-8135\" class=\"wpcap-post post-8135 post type-post status-publish format-standard has-post-thumbnail hentry category-opel\">\n         \n            <div class=\"post-grid-inner\">\n                \n                \t\t\t<div class=\"post-grid-thumbnail\">\n\t\t\t\t<a href=\"https:\/\/turkeyvipdesign.com\/en\/opel-turkey-vip-dizayn\/\">\n\t\t\t\t\t<img fetchpriority=\"high\" decoding=\"async\" width=\"800\" height=\"500\" src=\"https:\/\/turkeyvipdesign.com\/wp-content\/uploads\/2025\/07\/Opel13.jpg\" class=\"attachment-full size-full wp-post-image\" alt=\"\" srcset=\"https:\/\/turkeyvipdesign.com\/wp-content\/uploads\/2025\/07\/Opel13.jpg 800w, https:\/\/turkeyvipdesign.com\/wp-content\/uploads\/2025\/07\/Opel13-300x188.jpg 300w, https:\/\/turkeyvipdesign.com\/wp-content\/uploads\/2025\/07\/Opel13-768x480.jpg 768w\" sizes=\"(max-width: 800px) 100vw, 800px\" \/>\t\t\t\t<\/a>\n\t\t\t<\/div>\n        \n                <div class=\"post-grid-text-wrap\">\n                                        \t\t<h3 class=\"title\">\n\t\t\t<a href=\"https:\/\/turkeyvipdesign.com\/en\/opel-turkey-vip-dizayn\/\">Opel Turkey Vip Design<\/a>\n\t\t<\/h3>\n\t\t                                                        <\/div>\n\n            <\/div><!-- .blog-inner -->\n           \n        <\/article>\n\n        \n        <article id=\"post-8060\" class=\"wpcap-post post-8060 post type-post status-publish format-standard has-post-thumbnail hentry category-mercedes\">\n         \n            <div class=\"post-grid-inner\">\n                \n                \t\t\t<div class=\"post-grid-thumbnail\">\n\t\t\t\t<a href=\"https:\/\/turkeyvipdesign.com\/en\/mercedes-vito-vip\/\">\n\t\t\t\t\t<img decoding=\"async\" width=\"800\" height=\"500\" src=\"https:\/\/turkeyvipdesign.com\/wp-content\/uploads\/2025\/07\/Turkey-Vip-Mercedes-Vito.jpg\" class=\"attachment-full size-full wp-post-image\" alt=\"\" srcset=\"https:\/\/turkeyvipdesign.com\/wp-content\/uploads\/2025\/07\/Turkey-Vip-Mercedes-Vito.jpg 800w, https:\/\/turkeyvipdesign.com\/wp-content\/uploads\/2025\/07\/Turkey-Vip-Mercedes-Vito-300x188.jpg 300w, https:\/\/turkeyvipdesign.com\/wp-content\/uploads\/2025\/07\/Turkey-Vip-Mercedes-Vito-768x480.jpg 768w\" sizes=\"(max-width: 800px) 100vw, 800px\" \/>\t\t\t\t<\/a>\n\t\t\t<\/div>\n        \n                <div class=\"post-grid-text-wrap\">\n                                        \t\t<h3 class=\"title\">\n\t\t\t<a href=\"https:\/\/turkeyvipdesign.com\/en\/mercedes-vito-vip\/\">Mercedes Vito VIP<\/a>\n\t\t<\/h3>\n\t\t                                                        <\/div>\n\n            <\/div><!-- .blog-inner -->\n           \n        <\/article>\n\n        \n        <article id=\"post-8068\" class=\"wpcap-post post-8068 post type-post status-publish format-standard has-post-thumbnail hentry category-mercedes\">\n         \n            <div class=\"post-grid-inner\">\n                \n                \t\t\t<div class=\"post-grid-thumbnail\">\n\t\t\t\t<a href=\"https:\/\/turkeyvipdesign.com\/en\/vito-mercedes-turkey-vip-dizayn\/\">\n\t\t\t\t\t<img decoding=\"async\" width=\"800\" height=\"500\" src=\"https:\/\/turkeyvipdesign.com\/wp-content\/uploads\/2025\/07\/Mercedes-Vito-Turkey-Vip12.jpg\" class=\"attachment-full size-full wp-post-image\" alt=\"\" srcset=\"https:\/\/turkeyvipdesign.com\/wp-content\/uploads\/2025\/07\/Mercedes-Vito-Turkey-Vip12.jpg 800w, https:\/\/turkeyvipdesign.com\/wp-content\/uploads\/2025\/07\/Mercedes-Vito-Turkey-Vip12-300x188.jpg 300w, https:\/\/turkeyvipdesign.com\/wp-content\/uploads\/2025\/07\/Mercedes-Vito-Turkey-Vip12-768x480.jpg 768w\" sizes=\"(max-width: 800px) 100vw, 800px\" \/>\t\t\t\t<\/a>\n\t\t\t<\/div>\n        \n                <div class=\"post-grid-text-wrap\">\n                                        \t\t<h3 class=\"title\">\n\t\t\t<a href=\"https:\/\/turkeyvipdesign.com\/en\/vito-mercedes-turkey-vip-dizayn\/\">Vito Mercedes Turkey VIP Design<\/a>\n\t\t<\/h3>\n\t\t                                                        <\/div>\n\n            <\/div><!-- .blog-inner -->\n           \n        <\/article>\n\n        \n        <article id=\"post-8029\" class=\"wpcap-post post-8029 post type-post status-publish format-standard has-post-thumbnail hentry category-hyundai\">\n         \n            <div class=\"post-grid-inner\">\n                \n                \t\t\t<div class=\"post-grid-thumbnail\">\n\t\t\t\t<a href=\"https:\/\/turkeyvipdesign.com\/en\/hyundai-staria-vip-dizayn\/\">\n\t\t\t\t\t<img loading=\"lazy\" decoding=\"async\" width=\"800\" height=\"500\" src=\"https:\/\/turkeyvipdesign.com\/wp-content\/uploads\/2025\/07\/Staria1.jpg\" class=\"attachment-full size-full wp-post-image\" alt=\"\" srcset=\"https:\/\/turkeyvipdesign.com\/wp-content\/uploads\/2025\/07\/Staria1.jpg 800w, https:\/\/turkeyvipdesign.com\/wp-content\/uploads\/2025\/07\/Staria1-300x188.jpg 300w, https:\/\/turkeyvipdesign.com\/wp-content\/uploads\/2025\/07\/Staria1-768x480.jpg 768w\" sizes=\"(max-width: 800px) 100vw, 800px\" \/>\t\t\t\t<\/a>\n\t\t\t<\/div>\n        \n                <div class=\"post-grid-text-wrap\">\n                                        \t\t<h3 class=\"title\">\n\t\t\t<a href=\"https:\/\/turkeyvipdesign.com\/en\/hyundai-staria-vip-dizayn\/\">Hyundai Staria Vip Design<\/a>\n\t\t<\/h3>\n\t\t                                                        <\/div>\n\n            <\/div><!-- .blog-inner -->\n           \n        <\/article>\n\n        \n        <article id=\"post-8007\" class=\"wpcap-post post-8007 post type-post status-publish format-standard has-post-thumbnail hentry category-mercedes\">\n         \n            <div class=\"post-grid-inner\">\n                \n                \t\t\t<div class=\"post-grid-thumbnail\">\n\t\t\t\t<a href=\"https:\/\/turkeyvipdesign.com\/en\/turkey-luks-vip-design-mercedes-sprinter\/\">\n\t\t\t\t\t<img loading=\"lazy\" decoding=\"async\" width=\"800\" height=\"500\" src=\"https:\/\/turkeyvipdesign.com\/wp-content\/uploads\/2025\/07\/Turkey-Vip-Mercedes-Sprinter1-1.jpg\" class=\"attachment-full size-full wp-post-image\" alt=\"\" srcset=\"https:\/\/turkeyvipdesign.com\/wp-content\/uploads\/2025\/07\/Turkey-Vip-Mercedes-Sprinter1-1.jpg 800w, https:\/\/turkeyvipdesign.com\/wp-content\/uploads\/2025\/07\/Turkey-Vip-Mercedes-Sprinter1-1-300x188.jpg 300w, https:\/\/turkeyvipdesign.com\/wp-content\/uploads\/2025\/07\/Turkey-Vip-Mercedes-Sprinter1-1-768x480.jpg 768w\" sizes=\"(max-width: 800px) 100vw, 800px\" \/>\t\t\t\t<\/a>\n\t\t\t<\/div>\n        \n                <div class=\"post-grid-text-wrap\">\n                                        \t\t<h3 class=\"title\">\n\t\t\t<a href=\"https:\/\/turkeyvipdesign.com\/en\/turkey-luks-vip-design-mercedes-sprinter\/\">Turkey Luxury VIP Design Mercedes Sprinter<\/a>\n\t\t<\/h3>\n\t\t                                                        <\/div>\n\n            <\/div><!-- .blog-inner -->\n           \n        <\/article>\n\n        \n        <article id=\"post-7997\" class=\"wpcap-post post-7997 post type-post status-publish format-standard has-post-thumbnail hentry category-mercedes\">\n         \n            <div class=\"post-grid-inner\">\n                \n                \t\t\t<div class=\"post-grid-thumbnail\">\n\t\t\t\t<a href=\"https:\/\/turkeyvipdesign.com\/en\/vip-arac-mercedes-sprinter-yapim-asamasi\/\">\n\t\t\t\t\t<img loading=\"lazy\" decoding=\"async\" width=\"800\" height=\"500\" src=\"https:\/\/turkeyvipdesign.com\/wp-content\/uploads\/2025\/07\/Turkey-Vip-Yapilis-Asamasi5.jpg\" class=\"attachment-full size-full wp-post-image\" alt=\"\" srcset=\"https:\/\/turkeyvipdesign.com\/wp-content\/uploads\/2025\/07\/Turkey-Vip-Yapilis-Asamasi5.jpg 800w, https:\/\/turkeyvipdesign.com\/wp-content\/uploads\/2025\/07\/Turkey-Vip-Yapilis-Asamasi5-300x188.jpg 300w, https:\/\/turkeyvipdesign.com\/wp-content\/uploads\/2025\/07\/Turkey-Vip-Yapilis-Asamasi5-768x480.jpg 768w\" sizes=\"(max-width: 800px) 100vw, 800px\" \/>\t\t\t\t<\/a>\n\t\t\t<\/div>\n        \n                <div class=\"post-grid-text-wrap\">\n                                        \t\t<h3 class=\"title\">\n\t\t\t<a href=\"https:\/\/turkeyvipdesign.com\/en\/vip-arac-mercedes-sprinter-yapim-asamasi\/\">VIP Vehicle Mercedes Sprinter Under Construction<\/a>\n\t\t<\/h3>\n\t\t                                                        <\/div>\n\n            <\/div><!-- .blog-inner -->\n           \n        <\/article>\n\n        \n\t\t\t<\/div>\n\t\t<\/div>\n\t\t\t\t\t\t<\/div>\n\t\t\t\t<\/div>\n\t\t\t\t\t<\/div>\n\t\t\t\t<\/div>\n\t\t\t\t<\/div>","protected":false},"excerpt":{"rendered":"<p>Turkey VIP \u2013 Ki\u015fiye \u00d6zel VIP Ara\u00e7 Tasar\u0131m\u0131nda Uzmanl\u0131k Turkey VIP, VIP ara\u00e7 i\u00e7i tasar\u0131mlar\u0131nda T\u00fcrkiye\u2019nin \u00f6nde gelen firmalar\u0131ndan biridir. \u00d6zellikle Mercedes Vito, Hyundai Staria, Volkswagen Transporter ve Renault Trafic gibi modellerde ki\u015fiye \u00f6zel d\u00f6n\u00fc\u015f\u00fcmler ger\u00e7ekle\u015ftiriyoruz. Bununla birlikte, Citro\u00ebn SpaceTourer ve Opel Zafira Life gibi modellerde de m\u00fc\u015fteriye \u00f6zel projeler sunarak ara\u00e7lar\u0131 konforlu ya\u015fam alanlar\u0131na [&hellip;]<\/p>","protected":false},"author":2,"featured_media":0,"parent":0,"menu_order":8,"comment_status":"closed","ping_status":"closed","template":"","meta":{"footnotes":""},"class_list":["post-6925","page","type-page","status-publish","hentry"],"yoast_head":"<!-- This site is optimized with the Yoast SEO Premium plugin v22.5 (Yoast SEO v25.9) - https:\/\/yoast.com\/wordpress\/plugins\/seo\/ -->\n<title>Vip Ara\u00e7lar | Ki\u015fiye \u00d6zel L\u00fcks Turkey VIP D\u00f6n\u00fc\u015f\u00fcm ve \u0130\u00e7 Tasar\u0131m<\/title>\n<meta name=\"description\" content=\"Turkey VIP, Mercedes Vito ve Hyundai Staria gibi Vip Ara\u00e7lar modellere \u00f6zel VIP tasar\u0131m, konfor ve prestij odakl\u0131 i\u00e7 dizayn \u00e7\u00f6z\u00fcmleri sunar.\" \/>\n<meta name=\"robots\" content=\"index, follow, max-snippet:-1, max-image-preview:large, max-video-preview:-1\" \/>\n<link rel=\"canonical\" href=\"https:\/\/turkeyvipdesign.com\/en\/vip-vehicles\/\" \/>\n<meta property=\"og:locale\" content=\"en_US\" \/>\n<meta property=\"og:type\" content=\"article\" \/>\n<meta property=\"og:title\" content=\"Vip Ara\u00e7lar\" \/>\n<meta property=\"og:description\" content=\"Turkey VIP, Mercedes Vito ve Hyundai Staria gibi Vip Ara\u00e7lar modellere \u00f6zel VIP tasar\u0131m, konfor ve prestij odakl\u0131 i\u00e7 dizayn \u00e7\u00f6z\u00fcmleri sunar.\" \/>\n<meta property=\"og:url\" content=\"https:\/\/turkeyvipdesign.com\/en\/vip-vehicles\/\" \/>\n<meta property=\"og:site_name\" content=\"Vip Dizayn T\u00fcrkiye | L\u00fcx Vip Ara\u00e7 Dizayn\" \/>\n<meta property=\"article:modified_time\" content=\"2025-09-04T13:52:47+00:00\" \/>\n<meta property=\"og:image\" content=\"https:\/\/turkeyvipdesign.com\/wp-content\/uploads\/2025\/07\/Opel13.jpg\" \/>\n<meta name=\"twitter:card\" content=\"summary_large_image\" \/>\n<meta name=\"twitter:label1\" content=\"Est. reading time\" \/>\n\t<meta name=\"twitter:data1\" content=\"3 minutes\" \/>\n<script type=\"application\/ld+json\" class=\"yoast-schema-graph\">{\"@context\":\"https:\/\/schema.org\",\"@graph\":[{\"@type\":\"WebPage\",\"@id\":\"https:\/\/turkeyvipdesign.com\/vip-araclar\/\",\"url\":\"https:\/\/turkeyvipdesign.com\/vip-araclar\/\",\"name\":\"Vip Ara\u00e7lar | Ki\u015fiye \u00d6zel L\u00fcks Turkey VIP D\u00f6n\u00fc\u015f\u00fcm ve \u0130\u00e7 Tasar\u0131m\",\"isPartOf\":{\"@id\":\"https:\/\/turkeyvipdesign.com\/#website\"},\"primaryImageOfPage\":{\"@id\":\"https:\/\/turkeyvipdesign.com\/vip-araclar\/#primaryimage\"},\"image\":{\"@id\":\"https:\/\/turkeyvipdesign.com\/vip-araclar\/#primaryimage\"},\"thumbnailUrl\":\"https:\/\/turkeyvipdesign.com\/wp-content\/uploads\/2025\/07\/Opel13.jpg\",\"datePublished\":\"2025-06-11T08:22:00+00:00\",\"dateModified\":\"2025-09-04T13:52:47+00:00\",\"description\":\"Turkey VIP, Mercedes Vito ve Hyundai Staria gibi Vip Ara\u00e7lar modellere \u00f6zel VIP tasar\u0131m, konfor ve prestij odakl\u0131 i\u00e7 dizayn \u00e7\u00f6z\u00fcmleri sunar.\",\"breadcrumb\":{\"@id\":\"https:\/\/turkeyvipdesign.com\/vip-araclar\/#breadcrumb\"},\"inLanguage\":\"en-US\",\"potentialAction\":[{\"@type\":\"ReadAction\",\"target\":[\"https:\/\/turkeyvipdesign.com\/vip-araclar\/\"]}]},{\"@type\":\"ImageObject\",\"inLanguage\":\"en-US\",\"@id\":\"https:\/\/turkeyvipdesign.com\/vip-araclar\/#primaryimage\",\"url\":\"https:\/\/turkeyvipdesign.com\/wp-content\/uploads\/2025\/07\/Opel13.jpg\",\"contentUrl\":\"https:\/\/turkeyvipdesign.com\/wp-content\/uploads\/2025\/07\/Opel13.jpg\"},{\"@type\":\"BreadcrumbList\",\"@id\":\"https:\/\/turkeyvipdesign.com\/vip-araclar\/#breadcrumb\",\"itemListElement\":[{\"@type\":\"ListItem\",\"position\":1,\"name\":\"Anasayfa\",\"item\":\"https:\/\/turkeyvipdesign.com\/\"},{\"@type\":\"ListItem\",\"position\":2,\"name\":\"Vip Ara\u00e7lar\"}]},{\"@type\":\"WebSite\",\"@id\":\"https:\/\/turkeyvipdesign.com\/#website\",\"url\":\"https:\/\/turkeyvipdesign.com\/\",\"name\":\"Vip Dizayn T\u00fcrkiye | L\u00fcx Vip Ara\u00e7 Dizayn\",\"description\":\"Konforun Zirvesi, Esteti\u011fin ve Kalitenin Merkezi.\",\"publisher\":{\"@id\":\"https:\/\/turkeyvipdesign.com\/#organization\"},\"alternateName\":\"dizayn vip\",\"potentialAction\":[{\"@type\":\"SearchAction\",\"target\":{\"@type\":\"EntryPoint\",\"urlTemplate\":\"https:\/\/turkeyvipdesign.com\/?s={search_term_string}\"},\"query-input\":{\"@type\":\"PropertyValueSpecification\",\"valueRequired\":true,\"valueName\":\"search_term_string\"}}],\"inLanguage\":\"en-US\"},{\"@type\":\"Organization\",\"@id\":\"https:\/\/turkeyvipdesign.com\/#organization\",\"name\":\"Vip Dizayn T\u00fcrkiye\",\"alternateName\":\"dizayn vip\",\"url\":\"https:\/\/turkeyvipdesign.com\/\",\"logo\":{\"@type\":\"ImageObject\",\"inLanguage\":\"en-US\",\"@id\":\"https:\/\/turkeyvipdesign.com\/#\/schema\/logo\/image\/\",\"url\":\"https:\/\/turkeyvipdesign.com\/wp-content\/uploads\/2025\/06\/logo-512.png\",\"contentUrl\":\"https:\/\/turkeyvipdesign.com\/wp-content\/uploads\/2025\/06\/logo-512.png\",\"width\":512,\"height\":512,\"caption\":\"Vip Dizayn T\u00fcrkiye\"},\"image\":{\"@id\":\"https:\/\/turkeyvipdesign.com\/#\/schema\/logo\/image\/\"},\"sameAs\":[\"https:\/\/www.instagram.com\/turkeyvipdizayn\/\"]}]}<\/script>\n<!-- \/ Yoast SEO Premium plugin. -->","yoast_head_json":{"title":"Vip Ara\u00e7lar | Ki\u015fiye \u00d6zel L\u00fcks Turkey VIP D\u00f6n\u00fc\u015f\u00fcm ve \u0130\u00e7 Tasar\u0131m","description":"Turkey VIP, Mercedes Vito ve Hyundai Staria gibi Vip Ara\u00e7lar modellere \u00f6zel VIP tasar\u0131m, konfor ve prestij odakl\u0131 i\u00e7 dizayn \u00e7\u00f6z\u00fcmleri sunar.","robots":{"index":"index","follow":"follow","max-snippet":"max-snippet:-1","max-image-preview":"max-image-preview:large","max-video-preview":"max-video-preview:-1"},"canonical":"https:\/\/turkeyvipdesign.com\/en\/vip-vehicles\/","og_locale":"en_US","og_type":"article","og_title":"Vip Ara\u00e7lar","og_description":"Turkey VIP, Mercedes Vito ve Hyundai Staria gibi Vip Ara\u00e7lar modellere \u00f6zel VIP tasar\u0131m, konfor ve prestij odakl\u0131 i\u00e7 dizayn \u00e7\u00f6z\u00fcmleri sunar.","og_url":"https:\/\/turkeyvipdesign.com\/en\/vip-vehicles\/","og_site_name":"Vip Dizayn T\u00fcrkiye | L\u00fcx Vip Ara\u00e7 Dizayn","article_modified_time":"2025-09-04T13:52:47+00:00","og_image":[{"url":"https:\/\/turkeyvipdesign.com\/wp-content\/uploads\/2025\/07\/Opel13.jpg","type":"","width":"","height":""}],"twitter_card":"summary_large_image","twitter_misc":{"Est. reading time":"3 minutes"},"schema":{"@context":"https:\/\/schema.org","@graph":[{"@type":"WebPage","@id":"https:\/\/turkeyvipdesign.com\/vip-araclar\/","url":"https:\/\/turkeyvipdesign.com\/vip-araclar\/","name":"Vip Ara\u00e7lar | Ki\u015fiye \u00d6zel L\u00fcks Turkey VIP D\u00f6n\u00fc\u015f\u00fcm ve \u0130\u00e7 Tasar\u0131m","isPartOf":{"@id":"https:\/\/turkeyvipdesign.com\/#website"},"primaryImageOfPage":{"@id":"https:\/\/turkeyvipdesign.com\/vip-araclar\/#primaryimage"},"image":{"@id":"https:\/\/turkeyvipdesign.com\/vip-araclar\/#primaryimage"},"thumbnailUrl":"https:\/\/turkeyvipdesign.com\/wp-content\/uploads\/2025\/07\/Opel13.jpg","datePublished":"2025-06-11T08:22:00+00:00","dateModified":"2025-09-04T13:52:47+00:00","description":"Turkey VIP, Mercedes Vito ve Hyundai Staria gibi Vip Ara\u00e7lar modellere \u00f6zel VIP tasar\u0131m, konfor ve prestij odakl\u0131 i\u00e7 dizayn \u00e7\u00f6z\u00fcmleri sunar.","breadcrumb":{"@id":"https:\/\/turkeyvipdesign.com\/vip-araclar\/#breadcrumb"},"inLanguage":"en-US","potentialAction":[{"@type":"ReadAction","target":["https:\/\/turkeyvipdesign.com\/vip-araclar\/"]}]},{"@type":"ImageObject","inLanguage":"en-US","@id":"https:\/\/turkeyvipdesign.com\/vip-araclar\/#primaryimage","url":"https:\/\/turkeyvipdesign.com\/wp-content\/uploads\/2025\/07\/Opel13.jpg","contentUrl":"https:\/\/turkeyvipdesign.com\/wp-content\/uploads\/2025\/07\/Opel13.jpg"},{"@type":"BreadcrumbList","@id":"https:\/\/turkeyvipdesign.com\/vip-araclar\/#breadcrumb","itemListElement":[{"@type":"ListItem","position":1,"name":"Anasayfa","item":"https:\/\/turkeyvipdesign.com\/"},{"@type":"ListItem","position":2,"name":"Vip Ara\u00e7lar"}]},{"@type":"WebSite","@id":"https:\/\/turkeyvipdesign.com\/#website","url":"https:\/\/turkeyvipdesign.com\/","name":"Vip Design Turkey | Luxury Vip Car Design","description":"The Summit of Comfort, Center of Aesthetics and Quality.","publisher":{"@id":"https:\/\/turkeyvipdesign.com\/#organization"},"alternateName":"dizayn vip","potentialAction":[{"@type":"SearchAction","target":{"@type":"EntryPoint","urlTemplate":"https:\/\/turkeyvipdesign.com\/?s={search_term_string}"},"query-input":{"@type":"PropertyValueSpecification","valueRequired":true,"valueName":"search_term_string"}}],"inLanguage":"en-US"},{"@type":"Organization","@id":"https:\/\/turkeyvipdesign.com\/#organization","name":"Vip Dizayn Turkey","alternateName":"dizayn vip","url":"https:\/\/turkeyvipdesign.com\/","logo":{"@type":"ImageObject","inLanguage":"en-US","@id":"https:\/\/turkeyvipdesign.com\/#\/schema\/logo\/image\/","url":"https:\/\/turkeyvipdesign.com\/wp-content\/uploads\/2025\/06\/logo-512.png","contentUrl":"https:\/\/turkeyvipdesign.com\/wp-content\/uploads\/2025\/06\/logo-512.png","width":512,"height":512,"caption":"Vip Dizayn T\u00fcrkiye"},"image":{"@id":"https:\/\/turkeyvipdesign.com\/#\/schema\/logo\/image\/"},"sameAs":["https:\/\/www.instagram.com\/turkeyvipdizayn\/"]}]}},"_links":{"self":[{"href":"https:\/\/turkeyvipdesign.com\/en\/wp-json\/wp\/v2\/pages\/6925","targetHints":{"allow":["GET"]}}],"collection":[{"href":"https:\/\/turkeyvipdesign.com\/en\/wp-json\/wp\/v2\/pages"}],"about":[{"href":"https:\/\/turkeyvipdesign.com\/en\/wp-json\/wp\/v2\/types\/page"}],"author":[{"embeddable":true,"href":"https:\/\/turkeyvipdesign.com\/en\/wp-json\/wp\/v2\/users\/2"}],"replies":[{"embeddable":true,"href":"https:\/\/turkeyvipdesign.com\/en\/wp-json\/wp\/v2\/comments?post=6925"}],"version-history":[{"count":94,"href":"https:\/\/turkeyvipdesign.com\/en\/wp-json\/wp\/v2\/pages\/6925\/revisions"}],"predecessor-version":[{"id":9171,"href":"https:\/\/turkeyvipdesign.com\/en\/wp-json\/wp\/v2\/pages\/6925\/revisions\/9171"}],"wp:attachment":[{"href":"https:\/\/turkeyvipdesign.com\/en\/wp-json\/wp\/v2\/media?parent=6925"}],"curies":[{"name":"wp","href":"https:\/\/api.w.org\/{rel}","templated":true}]}}