{"id":6944,"date":"2025-06-11T08:56:34","date_gmt":"2025-06-11T08:56:34","guid":{"rendered":"https:\/\/turkeyvipdesign.com\/?page_id=6944"},"modified":"2025-09-04T13:09:11","modified_gmt":"2025-09-04T13:09:11","slug":"vip-dizayn","status":"publish","type":"page","link":"https:\/\/turkeyvipdesign.com\/en\/vip-design\/","title":{"rendered":"Vip Design"},"content":{"rendered":"<div data-elementor-type=\"wp-page\" data-elementor-id=\"6944\" class=\"elementor elementor-6944\">\n\t\t\t\t<div class=\"elementor-element elementor-element-6b0ef35 e-flex e-con-boxed e-con e-parent\" data-id=\"6b0ef35\" data-element_type=\"container\">\n\t\t\t\t\t<div class=\"e-con-inner\">\n\t\t\t\t<div class=\"elementor-element elementor-element-658defa elementor-widget elementor-widget-text-editor\" data-id=\"658defa\" data-element_type=\"widget\" data-widget_type=\"text-editor.default\">\n\t\t\t\t<div class=\"elementor-widget-container\">\n\t\t\t\t\t\t\t\t\t<h2 data-start=\"421\" data-end=\"477\">Combine Luxury and Functionality with Turkey VIP<\/h2><p data-start=\"479\" data-end=\"642\"><strong data-start=\"479\" data-end=\"493\">Turkey VIP<\/strong>takes standard vehicles out of the ordinary and transforms them into special living spaces. Each project is tailored to the individual needs of the customer.<\/p><h3 data-start=\"644\" data-end=\"674\">Personalized Design Process<\/h3><p data-start=\"676\" data-end=\"950\">First of all, we plan the design process based on your expectations. This approach enables personalization at every step of the project. Then, during the production and assembly stages, we work with high quality standards and turn the design into reality with superior workmanship.<\/p><h3 data-start=\"952\" data-end=\"1000\">We Offer Aesthetics and Technology in Harmony<\/h3><p data-start=\"1002\" data-end=\"1124\">Also, <strong data-start=\"1010\" data-end=\"1036\">natural wood veneers<\/strong> and <strong data-start=\"1040\" data-end=\"1058\">special upholstery<\/strong> we create a warm and elegant atmosphere indoors.<\/p><p data-start=\"1126\" data-end=\"1339\">However, advanced electrical systems and automation solutions make the vehicle not only stylish but also intelligent. What's more, this technological integration greatly facilitates everyday use.<\/p><h3 data-start=\"1341\" data-end=\"1394\">Impressive VIP Conversions in Large Volume Vehicles<\/h3><p data-start=\"1396\" data-end=\"1620\">Models with a particularly large interior volume are the ideal basis for VIP conversions. For this reason; <strong data-start=\"1496\" data-end=\"1514\">Hyundai Staria<\/strong>, <strong data-start=\"1516\" data-end=\"1533\">Mercedes Vito<\/strong> and <strong data-start=\"1537\" data-end=\"1563\">Volkswagen Transporter<\/strong> We are developing special applications on tools such as<\/p><p data-start=\"1622\" data-end=\"1815\">Moreover, such applications not only increase the level of comfort. It also significantly increases the second-hand value of the vehicle. Thus, you will benefit both aesthetically and economically.<\/p><h3 data-start=\"1817\" data-end=\"1849\">Ultimate Comfort Details<\/h3><p data-start=\"1851\" data-end=\"2008\">At the same time, the interior <strong data-start=\"1887\" data-end=\"1912\">television systems<\/strong>, <strong data-start=\"1914\" data-end=\"1943\">star ceiling applications<\/strong> and <strong data-start=\"1947\" data-end=\"1971\">electric seats<\/strong>makes the driving experience unique.<\/p><p data-start=\"2010\" data-end=\"2208\">For example, these equipment increase comfort during the journey, making long journeys more enjoyable and comfortable. In this way, your vehicle becomes not only a means of transportation but also a mobile living space.<\/p><h3 data-start=\"2210\" data-end=\"2257\">Conclusion A Luxury and Functional Experience<\/h3><p data-start=\"2259\" data-end=\"2388\">Conclusion, <strong data-start=\"2273\" data-end=\"2287\">Turkey VIP<\/strong>offers both luxurious and functional in-car solutions for individual users and corporate companies.<\/p><p data-start=\"2390\" data-end=\"2551\">You can also transform your vehicle into a unique living space. Our team is ready to offer you the most suitable VIP conversion project by listening to your expectations.<\/p>\t\t\t\t\t\t\t\t<\/div>\n\t\t\t\t<\/div>\n\t\t\t\t<div class=\"elementor-element elementor-element-ac9432b elementor-grid-2 elementor-grid-tablet-2 elementor-grid-mobile-1 elementor-widget elementor-widget-elementor-blog-posts\" data-id=\"ac9432b\" data-element_type=\"widget\" data-settings=\"{&quot;columns&quot;:&quot;2&quot;,&quot;columns_tablet&quot;:&quot;2&quot;,&quot;columns_mobile&quot;:&quot;1&quot;}\" data-widget_type=\"elementor-blog-posts.default\">\n\t\t\t\t<div class=\"elementor-widget-container\">\n\t\t\t\t\t\t\t<div class=\"wpcap-grid\">\n\t\t\t\t\t\t<div class=\"wpcap-grid-container elementor-grid wpcap-grid-desktop-2 wpcap-grid-tablet-2 wpcap-grid-mobile-1\">\n\n\t\t\t\t\n        <article id=\"post-5607\" class=\"wpcap-post post-5607 post type-post status-publish format-standard has-post-thumbnail hentry category-vip-dizayn\">\n         \n            <div class=\"post-grid-inner\">\n            \t\n            \t\t\t\t<div class=\"post-grid-thumbnail\">\n\t\t\t\t<a href=\"https:\/\/turkeyvipdesign.com\/en\/zemin-kaplama\/\">\n\t\t\t\t\t<img fetchpriority=\"high\" decoding=\"async\" width=\"1920\" height=\"1080\" src=\"https:\/\/turkeyvipdesign.com\/wp-content\/uploads\/2025\/05\/Zemin-Kaplama.jpg\" class=\"attachment-full size-full wp-post-image\" alt=\"\" srcset=\"https:\/\/turkeyvipdesign.com\/wp-content\/uploads\/2025\/05\/Zemin-Kaplama.jpg 1920w, https:\/\/turkeyvipdesign.com\/wp-content\/uploads\/2025\/05\/Zemin-Kaplama-300x169.jpg 300w, https:\/\/turkeyvipdesign.com\/wp-content\/uploads\/2025\/05\/Zemin-Kaplama-1024x576.jpg 1024w, https:\/\/turkeyvipdesign.com\/wp-content\/uploads\/2025\/05\/Zemin-Kaplama-768x432.jpg 768w, https:\/\/turkeyvipdesign.com\/wp-content\/uploads\/2025\/05\/Zemin-Kaplama-1536x864.jpg 1536w\" sizes=\"(max-width: 1920px) 100vw, 1920px\" \/>\t\t\t\t<\/a>\n\t\t\t<\/div>\n        \n                <div class=\"post-grid-text-wrap\">\n               \t\t\t\t<h3 class=\"title\">\n\t\t\t<a href=\"https:\/\/turkeyvipdesign.com\/en\/zemin-kaplama\/\">Floor Coating<\/a>\n\t\t<\/h3>\n\t\t\t                \t                \t                                <\/div>\n\n            <\/div><!-- .blog-inner -->\n           \n        <\/article>\n\n        \n        <article id=\"post-5500\" class=\"wpcap-post post-5500 post type-post status-publish format-standard has-post-thumbnail hentry category-vip-dizayn\">\n         \n            <div class=\"post-grid-inner\">\n            \t\n            \t\t\t\t<div class=\"post-grid-thumbnail\">\n\t\t\t\t<a href=\"https:\/\/turkeyvipdesign.com\/en\/arac-izolasyonu\/\">\n\t\t\t\t\t<img decoding=\"async\" width=\"1920\" height=\"1080\" src=\"https:\/\/turkeyvipdesign.com\/wp-content\/uploads\/2025\/05\/Arac-Izolasyonu.jpg\" class=\"attachment-full size-full wp-post-image\" alt=\"\" srcset=\"https:\/\/turkeyvipdesign.com\/wp-content\/uploads\/2025\/05\/Arac-Izolasyonu.jpg 1920w, https:\/\/turkeyvipdesign.com\/wp-content\/uploads\/2025\/05\/Arac-Izolasyonu-300x169.jpg 300w, https:\/\/turkeyvipdesign.com\/wp-content\/uploads\/2025\/05\/Arac-Izolasyonu-1024x576.jpg 1024w, https:\/\/turkeyvipdesign.com\/wp-content\/uploads\/2025\/05\/Arac-Izolasyonu-768x432.jpg 768w, https:\/\/turkeyvipdesign.com\/wp-content\/uploads\/2025\/05\/Arac-Izolasyonu-1536x864.jpg 1536w\" sizes=\"(max-width: 1920px) 100vw, 1920px\" \/>\t\t\t\t<\/a>\n\t\t\t<\/div>\n        \n                <div class=\"post-grid-text-wrap\">\n               \t\t\t\t<h3 class=\"title\">\n\t\t\t<a href=\"https:\/\/turkeyvipdesign.com\/en\/arac-izolasyonu\/\">Vehicle Insulation<\/a>\n\t\t<\/h3>\n\t\t\t                \t                \t                                <\/div>\n\n            <\/div><!-- .blog-inner -->\n           \n        <\/article>\n\n        \n\t\t\t<\/div>\n\t\t<\/div>\n\t\t\t\t\t\t<\/div>\n\t\t\t\t<\/div>\n\t\t\t\t\t<\/div>\n\t\t\t\t<\/div>\n\t\t\t\t<\/div>","protected":false},"excerpt":{"rendered":"<p>Turkey VIP ile L\u00fcks ve \u0130\u015flevselli\u011fi Bir Araya Getirin Turkey VIP, standart ara\u00e7lar\u0131 s\u0131radanl\u0131ktan \u00e7\u0131kar\u0131r ve onlar\u0131 \u00f6zel ya\u015fam alanlar\u0131na d\u00f6n\u00fc\u015ft\u00fcr\u00fcr. Her proje, m\u00fc\u015fterinin bireysel ihtiya\u00e7lar\u0131na g\u00f6re \u015fekillenir. Ki\u015fiye \u00d6zel Tasar\u0131m S\u00fcreci \u00d6ncelikle, tasar\u0131m s\u00fcrecini sizin beklentilerinizi temel alarak planl\u0131yoruz. Bu yakla\u015f\u0131m, projenin her ad\u0131m\u0131nda ki\u015fiselle\u015ftirmeyi m\u00fcmk\u00fcn k\u0131lar. Ard\u0131ndan, \u00fcretim ve montaj a\u015famalar\u0131nda y\u00fcksek kalite [&hellip;]<\/p>","protected":false},"author":2,"featured_media":7039,"parent":0,"menu_order":12,"comment_status":"closed","ping_status":"closed","template":"","meta":{"footnotes":""},"class_list":["post-6944","page","type-page","status-publish","has-post-thumbnail","hentry"],"yoast_head":"<!-- This site is optimized with the Yoast SEO Premium plugin v22.5 (Yoast SEO v25.9) - https:\/\/yoast.com\/wordpress\/plugins\/seo\/ -->\n<title>VIP L\u00fcks Dizayn | Turkey VIP Ara\u00e7 Dizayn \u2013 Ki\u015fiye \u00d6zel Tasar\u0131m<\/title>\n<meta name=\"description\" content=\"Ki\u015fiye \u00f6zel VIP ara\u00e7 i\u00e7 dizayn hizmetleriyle konfor, teknoloji ve \u015f\u0131kl\u0131\u011f\u0131 bir arada sunuyoruz. Turkey VIP Ara\u00e7 Dizayn fark\u0131n\u0131 ya\u015fay\u0131n!\" \/>\n<meta name=\"robots\" content=\"index, follow, max-snippet:-1, max-image-preview:large, max-video-preview:-1\" \/>\n<link rel=\"canonical\" href=\"https:\/\/turkeyvipdesign.com\/en\/vip-design\/\" \/>\n<meta property=\"og:locale\" content=\"en_US\" \/>\n<meta property=\"og:type\" content=\"article\" \/>\n<meta property=\"og:title\" content=\"Vip Dizayn\" \/>\n<meta property=\"og:description\" content=\"Ki\u015fiye \u00f6zel VIP ara\u00e7 i\u00e7 dizayn hizmetleriyle konfor, teknoloji ve \u015f\u0131kl\u0131\u011f\u0131 bir arada sunuyoruz. Turkey VIP Ara\u00e7 Dizayn fark\u0131n\u0131 ya\u015fay\u0131n!\" \/>\n<meta property=\"og:url\" content=\"https:\/\/turkeyvipdesign.com\/en\/vip-design\/\" \/>\n<meta property=\"og:site_name\" content=\"Vip Dizayn T\u00fcrkiye | L\u00fcx Vip Ara\u00e7 Dizayn\" \/>\n<meta property=\"article:modified_time\" content=\"2025-09-04T13:09:11+00:00\" \/>\n<meta property=\"og:image\" content=\"https:\/\/turkeyvipdesign.com\/wp-content\/uploads\/2025\/06\/resim_2025-06-11_170443375.png\" \/>\n\t<meta property=\"og:image:width\" content=\"872\" \/>\n\t<meta property=\"og:image:height\" content=\"868\" \/>\n\t<meta property=\"og:image:type\" content=\"image\/png\" \/>\n<meta name=\"twitter:card\" content=\"summary_large_image\" \/>\n<meta name=\"twitter:label1\" content=\"Est. reading time\" \/>\n\t<meta name=\"twitter:data1\" content=\"3 minutes\" \/>\n<script type=\"application\/ld+json\" class=\"yoast-schema-graph\">{\"@context\":\"https:\/\/schema.org\",\"@graph\":[{\"@type\":\"WebPage\",\"@id\":\"https:\/\/turkeyvipdesign.com\/vip-dizayn\/\",\"url\":\"https:\/\/turkeyvipdesign.com\/vip-dizayn\/\",\"name\":\"VIP L\u00fcks Dizayn | Turkey VIP Ara\u00e7 Dizayn \u2013 Ki\u015fiye \u00d6zel Tasar\u0131m\",\"isPartOf\":{\"@id\":\"https:\/\/turkeyvipdesign.com\/#website\"},\"primaryImageOfPage\":{\"@id\":\"https:\/\/turkeyvipdesign.com\/vip-dizayn\/#primaryimage\"},\"image\":{\"@id\":\"https:\/\/turkeyvipdesign.com\/vip-dizayn\/#primaryimage\"},\"thumbnailUrl\":\"https:\/\/turkeyvipdesign.com\/wp-content\/uploads\/2025\/06\/resim_2025-06-11_170443375.png\",\"datePublished\":\"2025-06-11T08:56:34+00:00\",\"dateModified\":\"2025-09-04T13:09:11+00:00\",\"description\":\"Ki\u015fiye \u00f6zel VIP ara\u00e7 i\u00e7 dizayn hizmetleriyle konfor, teknoloji ve \u015f\u0131kl\u0131\u011f\u0131 bir arada sunuyoruz. Turkey VIP Ara\u00e7 Dizayn fark\u0131n\u0131 ya\u015fay\u0131n!\",\"breadcrumb\":{\"@id\":\"https:\/\/turkeyvipdesign.com\/vip-dizayn\/#breadcrumb\"},\"inLanguage\":\"en-US\",\"potentialAction\":[{\"@type\":\"ReadAction\",\"target\":[\"https:\/\/turkeyvipdesign.com\/vip-dizayn\/\"]}]},{\"@type\":\"ImageObject\",\"inLanguage\":\"en-US\",\"@id\":\"https:\/\/turkeyvipdesign.com\/vip-dizayn\/#primaryimage\",\"url\":\"https:\/\/turkeyvipdesign.com\/wp-content\/uploads\/2025\/06\/resim_2025-06-11_170443375.png\",\"contentUrl\":\"https:\/\/turkeyvipdesign.com\/wp-content\/uploads\/2025\/06\/resim_2025-06-11_170443375.png\",\"width\":872,\"height\":868,\"caption\":\"L\u00fcks Tasar\u0131m\"},{\"@type\":\"BreadcrumbList\",\"@id\":\"https:\/\/turkeyvipdesign.com\/vip-dizayn\/#breadcrumb\",\"itemListElement\":[{\"@type\":\"ListItem\",\"position\":1,\"name\":\"Anasayfa\",\"item\":\"https:\/\/turkeyvipdesign.com\/\"},{\"@type\":\"ListItem\",\"position\":2,\"name\":\"Vip Dizayn\"}]},{\"@type\":\"WebSite\",\"@id\":\"https:\/\/turkeyvipdesign.com\/#website\",\"url\":\"https:\/\/turkeyvipdesign.com\/\",\"name\":\"Vip Dizayn T\u00fcrkiye | L\u00fcx Vip Ara\u00e7 Dizayn\",\"description\":\"Konforun Zirvesi, Esteti\u011fin ve Kalitenin Merkezi.\",\"publisher\":{\"@id\":\"https:\/\/turkeyvipdesign.com\/#organization\"},\"alternateName\":\"dizayn vip\",\"potentialAction\":[{\"@type\":\"SearchAction\",\"target\":{\"@type\":\"EntryPoint\",\"urlTemplate\":\"https:\/\/turkeyvipdesign.com\/?s={search_term_string}\"},\"query-input\":{\"@type\":\"PropertyValueSpecification\",\"valueRequired\":true,\"valueName\":\"search_term_string\"}}],\"inLanguage\":\"en-US\"},{\"@type\":\"Organization\",\"@id\":\"https:\/\/turkeyvipdesign.com\/#organization\",\"name\":\"Vip Dizayn T\u00fcrkiye\",\"alternateName\":\"dizayn vip\",\"url\":\"https:\/\/turkeyvipdesign.com\/\",\"logo\":{\"@type\":\"ImageObject\",\"inLanguage\":\"en-US\",\"@id\":\"https:\/\/turkeyvipdesign.com\/#\/schema\/logo\/image\/\",\"url\":\"https:\/\/turkeyvipdesign.com\/wp-content\/uploads\/2025\/06\/logo-512.png\",\"contentUrl\":\"https:\/\/turkeyvipdesign.com\/wp-content\/uploads\/2025\/06\/logo-512.png\",\"width\":512,\"height\":512,\"caption\":\"Vip Dizayn T\u00fcrkiye\"},\"image\":{\"@id\":\"https:\/\/turkeyvipdesign.com\/#\/schema\/logo\/image\/\"},\"sameAs\":[\"https:\/\/www.instagram.com\/turkeyvipdizayn\/\"]}]}<\/script>\n<!-- \/ Yoast SEO Premium plugin. -->","yoast_head_json":{"title":"VIP L\u00fcks Dizayn | Turkey VIP Ara\u00e7 Dizayn \u2013 Ki\u015fiye \u00d6zel Tasar\u0131m","description":"Ki\u015fiye \u00f6zel VIP ara\u00e7 i\u00e7 dizayn hizmetleriyle konfor, teknoloji ve \u015f\u0131kl\u0131\u011f\u0131 bir arada sunuyoruz. Turkey VIP Ara\u00e7 Dizayn fark\u0131n\u0131 ya\u015fay\u0131n!","robots":{"index":"index","follow":"follow","max-snippet":"max-snippet:-1","max-image-preview":"max-image-preview:large","max-video-preview":"max-video-preview:-1"},"canonical":"https:\/\/turkeyvipdesign.com\/en\/vip-design\/","og_locale":"en_US","og_type":"article","og_title":"Vip Dizayn","og_description":"Ki\u015fiye \u00f6zel VIP ara\u00e7 i\u00e7 dizayn hizmetleriyle konfor, teknoloji ve \u015f\u0131kl\u0131\u011f\u0131 bir arada sunuyoruz. Turkey VIP Ara\u00e7 Dizayn fark\u0131n\u0131 ya\u015fay\u0131n!","og_url":"https:\/\/turkeyvipdesign.com\/en\/vip-design\/","og_site_name":"Vip Dizayn T\u00fcrkiye | L\u00fcx Vip Ara\u00e7 Dizayn","article_modified_time":"2025-09-04T13:09:11+00:00","og_image":[{"width":872,"height":868,"url":"https:\/\/turkeyvipdesign.com\/wp-content\/uploads\/2025\/06\/resim_2025-06-11_170443375.png","type":"image\/png"}],"twitter_card":"summary_large_image","twitter_misc":{"Est. reading time":"3 minutes"},"schema":{"@context":"https:\/\/schema.org","@graph":[{"@type":"WebPage","@id":"https:\/\/turkeyvipdesign.com\/vip-dizayn\/","url":"https:\/\/turkeyvipdesign.com\/vip-dizayn\/","name":"VIP L\u00fcks Dizayn | Turkey VIP Ara\u00e7 Dizayn \u2013 Ki\u015fiye \u00d6zel Tasar\u0131m","isPartOf":{"@id":"https:\/\/turkeyvipdesign.com\/#website"},"primaryImageOfPage":{"@id":"https:\/\/turkeyvipdesign.com\/vip-dizayn\/#primaryimage"},"image":{"@id":"https:\/\/turkeyvipdesign.com\/vip-dizayn\/#primaryimage"},"thumbnailUrl":"https:\/\/turkeyvipdesign.com\/wp-content\/uploads\/2025\/06\/resim_2025-06-11_170443375.png","datePublished":"2025-06-11T08:56:34+00:00","dateModified":"2025-09-04T13:09:11+00:00","description":"Ki\u015fiye \u00f6zel VIP ara\u00e7 i\u00e7 dizayn hizmetleriyle konfor, teknoloji ve \u015f\u0131kl\u0131\u011f\u0131 bir arada sunuyoruz. Turkey VIP Ara\u00e7 Dizayn fark\u0131n\u0131 ya\u015fay\u0131n!","breadcrumb":{"@id":"https:\/\/turkeyvipdesign.com\/vip-dizayn\/#breadcrumb"},"inLanguage":"en-US","potentialAction":[{"@type":"ReadAction","target":["https:\/\/turkeyvipdesign.com\/vip-dizayn\/"]}]},{"@type":"ImageObject","inLanguage":"en-US","@id":"https:\/\/turkeyvipdesign.com\/vip-dizayn\/#primaryimage","url":"https:\/\/turkeyvipdesign.com\/wp-content\/uploads\/2025\/06\/resim_2025-06-11_170443375.png","contentUrl":"https:\/\/turkeyvipdesign.com\/wp-content\/uploads\/2025\/06\/resim_2025-06-11_170443375.png","width":872,"height":868,"caption":"L\u00fcks Tasar\u0131m"},{"@type":"BreadcrumbList","@id":"https:\/\/turkeyvipdesign.com\/vip-dizayn\/#breadcrumb","itemListElement":[{"@type":"ListItem","position":1,"name":"Anasayfa","item":"https:\/\/turkeyvipdesign.com\/"},{"@type":"ListItem","position":2,"name":"Vip Dizayn"}]},{"@type":"WebSite","@id":"https:\/\/turkeyvipdesign.com\/#website","url":"https:\/\/turkeyvipdesign.com\/","name":"Vip Design Turkey | Luxury Vip Car Design","description":"The Summit of Comfort, Center of Aesthetics and Quality.","publisher":{"@id":"https:\/\/turkeyvipdesign.com\/#organization"},"alternateName":"dizayn vip","potentialAction":[{"@type":"SearchAction","target":{"@type":"EntryPoint","urlTemplate":"https:\/\/turkeyvipdesign.com\/?s={search_term_string}"},"query-input":{"@type":"PropertyValueSpecification","valueRequired":true,"valueName":"search_term_string"}}],"inLanguage":"en-US"},{"@type":"Organization","@id":"https:\/\/turkeyvipdesign.com\/#organization","name":"Vip Dizayn Turkey","alternateName":"dizayn vip","url":"https:\/\/turkeyvipdesign.com\/","logo":{"@type":"ImageObject","inLanguage":"en-US","@id":"https:\/\/turkeyvipdesign.com\/#\/schema\/logo\/image\/","url":"https:\/\/turkeyvipdesign.com\/wp-content\/uploads\/2025\/06\/logo-512.png","contentUrl":"https:\/\/turkeyvipdesign.com\/wp-content\/uploads\/2025\/06\/logo-512.png","width":512,"height":512,"caption":"Vip Dizayn T\u00fcrkiye"},"image":{"@id":"https:\/\/turkeyvipdesign.com\/#\/schema\/logo\/image\/"},"sameAs":["https:\/\/www.instagram.com\/turkeyvipdizayn\/"]}]}},"_links":{"self":[{"href":"https:\/\/turkeyvipdesign.com\/en\/wp-json\/wp\/v2\/pages\/6944","targetHints":{"allow":["GET"]}}],"collection":[{"href":"https:\/\/turkeyvipdesign.com\/en\/wp-json\/wp\/v2\/pages"}],"about":[{"href":"https:\/\/turkeyvipdesign.com\/en\/wp-json\/wp\/v2\/types\/page"}],"author":[{"embeddable":true,"href":"https:\/\/turkeyvipdesign.com\/en\/wp-json\/wp\/v2\/users\/2"}],"replies":[{"embeddable":true,"href":"https:\/\/turkeyvipdesign.com\/en\/wp-json\/wp\/v2\/comments?post=6944"}],"version-history":[{"count":61,"href":"https:\/\/turkeyvipdesign.com\/en\/wp-json\/wp\/v2\/pages\/6944\/revisions"}],"predecessor-version":[{"id":9128,"href":"https:\/\/turkeyvipdesign.com\/en\/wp-json\/wp\/v2\/pages\/6944\/revisions\/9128"}],"wp:featuredmedia":[{"embeddable":true,"href":"https:\/\/turkeyvipdesign.com\/en\/wp-json\/wp\/v2\/media\/7039"}],"wp:attachment":[{"href":"https:\/\/turkeyvipdesign.com\/en\/wp-json\/wp\/v2\/media?parent=6944"}],"curies":[{"name":"wp","href":"https:\/\/api.w.org\/{rel}","templated":true}]}}